{"id":15715,"date":"2020-08-11T13:27:00","date_gmt":"2020-08-11T05:27:00","guid":{"rendered":"https:\/\/www.fjpremium.com\/?post_type=product&#038;p=15715"},"modified":"2023-12-14T13:53:41","modified_gmt":"2023-12-14T05:53:41","slug":"farsince-4k-high-quality-2m-android-mobile-phone-to-hdtv-adapter-cable-hdmi-mirroring-cable-connect-phone-and-tv","status":"publish","type":"product","link":"https:\/\/www.fjpremium.com\/de\/product\/farsince-4k-high-quality-2m-android-mobile-phone-to-hdtv-adapter-cable-hdmi-mirroring-cable-connect-phone-and-tv\/","title":{"rendered":"4K Hohe Qualit\u00e4t 2m Android Handy zu HDTV Adapter Kabel HDMI Kabel f\u00fcr Android zu TV"},"content":{"rendered":"<div>\n<div data-section=\"AliMagic-45gq4l\" data-section-title=\"Product Description\" data-spm-anchor-id=\"a2700.wholesale.pronpeci14.i0.5b1d4d3c2Ntw9a\">\n<p>Dieses Adapterkabel wurde entwickelt, um Ihr Android-Ger\u00e4t mit der Gro\u00dfartigkeit von HDTV zu verbinden, und gew\u00e4hrleistet 4K-Exzellenz in jedem Bild.<\/p>\n<p>Mit einem Au\u00dfendurchmesser von 7,0 mm, einem eleganten schwarzen oder silbernen PVC-Mantel und goldgl\u00e4nzenden Anschl\u00fcssen verk\u00f6rpert es Eleganz und Effizienz.<\/p>\n<p>Die Stecker-Buchsen-Verbindung und die nicht abgeschirmte Konstruktion garantieren jederzeit eine nahtlose Verbindung. Und Sie k\u00f6nnen die Spiegelung mit Ladeunterst\u00fctzung genie\u00dfen, was f\u00fcr kontinuierliche Unterhaltung ohne Unterbrechungen sorgt.<\/p>\n<p>Mit m\u00fcheloser Plug-and-Play-Funktionalit\u00e4t und automatischer Firmware-Aktualisierung (OTA) ist das HDMI-Kabel f\u00fcr Android zu TV immer bereit, mit Ger\u00e4ten mit iOS 9 oder Android 4.4 und h\u00f6her zu funktionieren.<\/p>\n<p>Dar\u00fcber hinaus verf\u00fcgt es \u00fcber eine CE-, FCC- und RoHS-Zulassung und eine zuverl\u00e4ssige 2-Jahres-Garantie. Kontaktieren Sie uns also noch heute und bestellen Sie es.<\/p>\n<\/div>\n<\/div>","protected":false},"excerpt":{"rendered":"<p title=\"FARSINCE 4K hohe Qualit\u00e4t 2m android Handy zu hdtv Adapterkabel hdmi Spiegelung Kabel verbinden Telefon und tv\" data-spm-anchor-id=\"a2700.wholesale.maonnacta.i0.25806875dU9tHN\">Erleben Sie 4K-Brillanz mit dem hochwertigen 2m-HDMI-Kabel f\u00fcr Android zum Fernseher, mit schwarzem und silbernem Finish, goldenen Anschl\u00fcssen, Stecker-Buchse, Plug &amp; Play und Spiegelung mit Aufladung.<\/p>","protected":false},"featured_media":15749,"template":"","meta":{"_acf_changed":false,"_seopress_robots_primary_cat":"","_seopress_titles_title":"Best HDMI Cable for Android to TV - Farsince","_seopress_titles_desc":"Explore 4K brilliance with the HDMI cable for Android to TV, featuring a black and silver finish, gold connectors, male-female, and mirroring with charging.","_seopress_robots_index":"","site-sidebar-layout":"default","site-content-layout":"default","ast-site-content-layout":"default","site-content-style":"default","site-sidebar-style":"default","ast-global-header-display":"","ast-banner-title-visibility":"","ast-main-header-display":"","ast-hfb-above-header-display":"","ast-hfb-below-header-display":"","ast-hfb-mobile-header-display":"","site-post-title":"","ast-breadcrumbs-content":"","ast-featured-img":"","footer-sml-layout":"","ast-disable-related-posts":"","theme-transparent-header-meta":"default","adv-header-id-meta":"","stick-header-meta":"","header-above-stick-meta":"","header-main-stick-meta":"","header-below-stick-meta":"","astra-migrate-meta-layouts":"set","ast-page-background-enabled":"default","ast-page-background-meta":{"desktop":{"background-color":"","background-image":"","background-repeat":"repeat","background-position":"center center","background-size":"auto","background-attachment":"scroll","background-type":"","background-media":"","overlay-type":"","overlay-color":"","overlay-opacity":"","overlay-gradient":""},"tablet":{"background-color":"","background-image":"","background-repeat":"repeat","background-position":"center center","background-size":"auto","background-attachment":"scroll","background-type":"","background-media":"","overlay-type":"","overlay-color":"","overlay-opacity":"","overlay-gradient":""},"mobile":{"background-color":"","background-image":"","background-repeat":"repeat","background-position":"center center","background-size":"auto","background-attachment":"scroll","background-type":"","background-media":"","overlay-type":"","overlay-color":"","overlay-opacity":"","overlay-gradient":""}},"ast-content-background-meta":{"desktop":{"background-color":"var(--ast-global-color-5)","background-image":"","background-repeat":"repeat","background-position":"center center","background-size":"auto","background-attachment":"scroll","background-type":"","background-media":"","overlay-type":"","overlay-color":"","overlay-opacity":"","overlay-gradient":""},"tablet":{"background-color":"var(--ast-global-color-5)","background-image":"","background-repeat":"repeat","background-position":"center center","background-size":"auto","background-attachment":"scroll","background-type":"","background-media":"","overlay-type":"","overlay-color":"","overlay-opacity":"","overlay-gradient":""},"mobile":{"background-color":"var(--ast-global-color-5)","background-image":"","background-repeat":"repeat","background-position":"center center","background-size":"auto","background-attachment":"scroll","background-type":"","background-media":"","overlay-type":"","overlay-color":"","overlay-opacity":"","overlay-gradient":""}},"iawp_total_views":12},"product_brand":[],"product_cat":[252],"product_tag":[],"class_list":{"0":"post-15715","1":"product","2":"type-product","3":"status-publish","4":"has-post-thumbnail","6":"product_cat-bulk-cables","7":"desktop-align-left","8":"tablet-align-left","9":"mobile-align-left","11":"first","12":"instock","13":"shipping-taxable","14":"purchasable","15":"product-type-simple"},"acf":[],"_links":{"self":[{"href":"https:\/\/www.fjpremium.com\/de\/wp-json\/wp\/v2\/product\/15715","targetHints":{"allow":["GET"]}}],"collection":[{"href":"https:\/\/www.fjpremium.com\/de\/wp-json\/wp\/v2\/product"}],"about":[{"href":"https:\/\/www.fjpremium.com\/de\/wp-json\/wp\/v2\/types\/product"}],"wp:featuredmedia":[{"embeddable":true,"href":"https:\/\/www.fjpremium.com\/de\/wp-json\/wp\/v2\/media\/15749"}],"wp:attachment":[{"href":"https:\/\/www.fjpremium.com\/de\/wp-json\/wp\/v2\/media?parent=15715"}],"wp:term":[{"taxonomy":"product_brand","embeddable":true,"href":"https:\/\/www.fjpremium.com\/de\/wp-json\/wp\/v2\/product_brand?post=15715"},{"taxonomy":"product_cat","embeddable":true,"href":"https:\/\/www.fjpremium.com\/de\/wp-json\/wp\/v2\/product_cat?post=15715"},{"taxonomy":"product_tag","embeddable":true,"href":"https:\/\/www.fjpremium.com\/de\/wp-json\/wp\/v2\/product_tag?post=15715"}],"curies":[{"name":"wp","href":"https:\/\/api.w.org\/{rel}","templated":true}]}}