{"id":15714,"date":"2020-08-11T13:26:59","date_gmt":"2020-08-11T05:26:59","guid":{"rendered":"https:\/\/www.fjpremium.com\/?post_type=product&#038;p=15714"},"modified":"2023-12-14T13:53:41","modified_gmt":"2023-12-14T05:53:41","slug":"farsince-2m-smart-mobile-phone-to-hdtv-hdmi-mirroring-adapter-cable-connect-android-to-phone-and-tv-cable","status":"publish","type":"product","link":"https:\/\/www.fjpremium.com\/de\/product\/farsince-2m-smart-mobile-phone-to-hdtv-hdmi-mirroring-adapter-cable-connect-android-to-phone-and-tv-cable\/","title":{"rendered":"FARSINCE 2m Smart Handy zu HDTV HDMI Mirroring Adapter Kabel Android TV HDMI Kabel"},"content":{"rendered":"<div>\n<div data-section=\"AliMagic-45gq4l\" data-section-title=\"Product Description\" data-spm-anchor-id=\"a2700.wholesale.pronpeci14.i0.5b1d4d3c2Ntw9a\">\n<p>Unser 2 m langes Kabel wurde speziell f\u00fcr moderne Android-Fernseher entwickelt und verwendet die neueste USB 3.1 Typ-C-Schnittstelle, die eine beeindruckende Daten\u00fcbertragungsrate von bis zu 10 Gbit\/s gew\u00e4hrleistet.<\/p>\n<p>Es bietet Robustheit und Zuverl\u00e4ssigkeit mit einem Au\u00dfendurchmesser von 7,0 mm und ist mit einem Geflecht abgeschirmt. Das farbenfrohe ABS-Geh\u00e4use sorgt f\u00fcr ein modisches, hochwertiges Design, das Ihnen sicher ins Auge fallen wird.<\/p>\n<p>Die goldenen Stecker und die rote, graue oder schwarze PVC-Ummantelung verleihen diesem Android TV-HDMI-Kabel ein hochwertiges Aussehen, das seine hervorragende Funktionalit\u00e4t erg\u00e4nzt.<\/p>\n<p>Er ist mit externen HD-HDMI-Ger\u00e4ten wie Monitoren, Projektoren und Fernsehern kompatibel und verf\u00fcgt \u00fcber eine CE-, FCC- und RoHS-Zulassung sowie eine 2-j\u00e4hrige Garantie. Kontaktieren Sie uns daher noch heute und investieren Sie in das Ger\u00e4t.<\/p>\n<\/div>\n<\/div>","protected":false},"excerpt":{"rendered":"<p>Wir pr\u00e4sentieren das FARSINCE 2m Android TV HDMI Kabel, das mit einer USB 3.1 Typ-C Schnittstelle, 10Gbps Daten\u00fcbertragung und Kompatibilit\u00e4t mit HD HDMI Ger\u00e4ten aufwartet.<\/p>","protected":false},"featured_media":15741,"template":"","meta":{"_acf_changed":false,"_seopress_robots_primary_cat":"","_seopress_titles_title":"Best Android TV HDMI Cable - Farsince","_seopress_titles_desc":"","_seopress_robots_index":"","site-sidebar-layout":"default","site-content-layout":"default","ast-site-content-layout":"default","site-content-style":"default","site-sidebar-style":"default","ast-global-header-display":"","ast-banner-title-visibility":"","ast-main-header-display":"","ast-hfb-above-header-display":"","ast-hfb-below-header-display":"","ast-hfb-mobile-header-display":"","site-post-title":"","ast-breadcrumbs-content":"","ast-featured-img":"","footer-sml-layout":"","ast-disable-related-posts":"","theme-transparent-header-meta":"default","adv-header-id-meta":"","stick-header-meta":"","header-above-stick-meta":"","header-main-stick-meta":"","header-below-stick-meta":"","astra-migrate-meta-layouts":"set","ast-page-background-enabled":"default","ast-page-background-meta":{"desktop":{"background-color":"","background-image":"","background-repeat":"repeat","background-position":"center center","background-size":"auto","background-attachment":"scroll","background-type":"","background-media":"","overlay-type":"","overlay-color":"","overlay-opacity":"","overlay-gradient":""},"tablet":{"background-color":"","background-image":"","background-repeat":"repeat","background-position":"center center","background-size":"auto","background-attachment":"scroll","background-type":"","background-media":"","overlay-type":"","overlay-color":"","overlay-opacity":"","overlay-gradient":""},"mobile":{"background-color":"","background-image":"","background-repeat":"repeat","background-position":"center center","background-size":"auto","background-attachment":"scroll","background-type":"","background-media":"","overlay-type":"","overlay-color":"","overlay-opacity":"","overlay-gradient":""}},"ast-content-background-meta":{"desktop":{"background-color":"var(--ast-global-color-5)","background-image":"","background-repeat":"repeat","background-position":"center center","background-size":"auto","background-attachment":"scroll","background-type":"","background-media":"","overlay-type":"","overlay-color":"","overlay-opacity":"","overlay-gradient":""},"tablet":{"background-color":"var(--ast-global-color-5)","background-image":"","background-repeat":"repeat","background-position":"center center","background-size":"auto","background-attachment":"scroll","background-type":"","background-media":"","overlay-type":"","overlay-color":"","overlay-opacity":"","overlay-gradient":""},"mobile":{"background-color":"var(--ast-global-color-5)","background-image":"","background-repeat":"repeat","background-position":"center center","background-size":"auto","background-attachment":"scroll","background-type":"","background-media":"","overlay-type":"","overlay-color":"","overlay-opacity":"","overlay-gradient":""}},"iawp_total_views":13},"product_brand":[],"product_cat":[252],"product_tag":[],"class_list":{"0":"post-15714","1":"product","2":"type-product","3":"status-publish","4":"has-post-thumbnail","6":"product_cat-bulk-cables","7":"desktop-align-left","8":"tablet-align-left","9":"mobile-align-left","11":"first","12":"instock","13":"shipping-taxable","14":"purchasable","15":"product-type-simple"},"acf":[],"_links":{"self":[{"href":"https:\/\/www.fjpremium.com\/de\/wp-json\/wp\/v2\/product\/15714","targetHints":{"allow":["GET"]}}],"collection":[{"href":"https:\/\/www.fjpremium.com\/de\/wp-json\/wp\/v2\/product"}],"about":[{"href":"https:\/\/www.fjpremium.com\/de\/wp-json\/wp\/v2\/types\/product"}],"wp:featuredmedia":[{"embeddable":true,"href":"https:\/\/www.fjpremium.com\/de\/wp-json\/wp\/v2\/media\/15741"}],"wp:attachment":[{"href":"https:\/\/www.fjpremium.com\/de\/wp-json\/wp\/v2\/media?parent=15714"}],"wp:term":[{"taxonomy":"product_brand","embeddable":true,"href":"https:\/\/www.fjpremium.com\/de\/wp-json\/wp\/v2\/product_brand?post=15714"},{"taxonomy":"product_cat","embeddable":true,"href":"https:\/\/www.fjpremium.com\/de\/wp-json\/wp\/v2\/product_cat?post=15714"},{"taxonomy":"product_tag","embeddable":true,"href":"https:\/\/www.fjpremium.com\/de\/wp-json\/wp\/v2\/product_tag?post=15714"}],"curies":[{"name":"wp","href":"https:\/\/api.w.org\/{rel}","templated":true}]}}