{"id":15712,"date":"2020-08-11T13:26:57","date_gmt":"2020-08-11T05:26:57","guid":{"rendered":"https:\/\/www.fjpremium.com\/?post_type=product&#038;p=15712"},"modified":"2023-12-14T13:53:43","modified_gmt":"2023-12-14T05:53:43","slug":"farsince-video-adapter-for-8pin-lightning-port-to-tv-hdmi-4k-video-digital-av-cable-adapter-converter-for-ios-phone-6-7-8-pl","status":"publish","type":"product","link":"https:\/\/www.fjpremium.com\/de\/product\/farsince-video-adapter-for-8pin-lightning-port-to-tv-hdmi-4k-video-digital-av-cable-adapter-converter-for-ios-phone-6-7-8-pl\/","title":{"rendered":"FARSINCE Video Adapter f\u00fcr 8pin Lightning Digital AV zu HDMI Adapter f\u00fcr IOS Phone 6 7 8 Pl"},"content":{"rendered":"<div>\n<div data-section=\"AliMagic-45gq4l\" data-section-title=\"Product Description\" data-spm-anchor-id=\"a2700.wholesale.pronpeci14.i0.5b1d4d3c2Ntw9a\">\n<p>Der wei\u00dfe oder schwarze PVC-ummantelte Adapter bietet eine blitzschnelle Verbindung zwischen Ihrem iOS Phone 6, 7, 8 oder Plus und jedem HDMI-kompatiblen Display.<\/p>\n<p>Mit einer bescheidenen L\u00e4nge von 15 cm, goldenen Anschl\u00fcssen und einer ausgekl\u00fcgelten Geflechtabschirmung ist es nicht nur ein sch\u00f6nes, sondern auch ein robustes Ger\u00e4t.<\/p>\n<p>Au\u00dferdem erleben Sie Ihre Pr\u00e4sentationen, Websites und vieles mehr in atemberaubender 1080p HD-Qualit\u00e4t ohne Verz\u00f6gerung.<\/p>\n<p>Dank der Plug-and-Play-Funktionalit\u00e4t unseres Lightning-Digital-AV-auf-HDMI-Adapters ist der Anschluss an Fernseher, Projektoren oder Displays ein Kinderspiel.<\/p>\n<p>Es ist in einer eleganten Farbbox verpackt, hat eine 2-Jahres-Garantie und entspricht den CE-, FCC- und RoHS-Richtlinien. Kontaktieren Sie uns also noch heute und nehmen Sie es in Ihren Bestand auf.<\/p>\n<\/div>\n<\/div>","protected":false},"excerpt":{"rendered":"<p title=\"FARSINCE Video-Adapter f\u00fcr 8pin Lightning-Anschluss zu TV HDMI 4K Video Digital AV Kabel Adapter Konverter f\u00fcr ios Telefon 6 7 8 Pl\" data-spm-anchor-id=\"a2700.wholesale.maonnacta.i0.7dcb30aawmda1l\">Erh\u00f6hen Sie die Sicht mit dem FARSINCE Lightning Digital AV to HDMI Adapter f\u00fcr IOS Phone 6 7 8 Plus, ausgestattet mit einer 2-Jahres-Garantie, erh\u00e4ltlich in wei\u00df und schwarz.<\/p>","protected":false},"featured_media":15725,"template":"","meta":{"_acf_changed":false,"_seopress_robots_primary_cat":"","_seopress_titles_title":"Best Lightning Digital AV To HDMI Adapter - Farsince","_seopress_titles_desc":"","_seopress_robots_index":"","site-sidebar-layout":"default","site-content-layout":"default","ast-site-content-layout":"default","site-content-style":"default","site-sidebar-style":"default","ast-global-header-display":"","ast-banner-title-visibility":"","ast-main-header-display":"","ast-hfb-above-header-display":"","ast-hfb-below-header-display":"","ast-hfb-mobile-header-display":"","site-post-title":"","ast-breadcrumbs-content":"","ast-featured-img":"","footer-sml-layout":"","ast-disable-related-posts":"","theme-transparent-header-meta":"default","adv-header-id-meta":"","stick-header-meta":"","header-above-stick-meta":"","header-main-stick-meta":"","header-below-stick-meta":"","astra-migrate-meta-layouts":"set","ast-page-background-enabled":"default","ast-page-background-meta":{"desktop":{"background-color":"","background-image":"","background-repeat":"repeat","background-position":"center center","background-size":"auto","background-attachment":"scroll","background-type":"","background-media":"","overlay-type":"","overlay-color":"","overlay-opacity":"","overlay-gradient":""},"tablet":{"background-color":"","background-image":"","background-repeat":"repeat","background-position":"center center","background-size":"auto","background-attachment":"scroll","background-type":"","background-media":"","overlay-type":"","overlay-color":"","overlay-opacity":"","overlay-gradient":""},"mobile":{"background-color":"","background-image":"","background-repeat":"repeat","background-position":"center center","background-size":"auto","background-attachment":"scroll","background-type":"","background-media":"","overlay-type":"","overlay-color":"","overlay-opacity":"","overlay-gradient":""}},"ast-content-background-meta":{"desktop":{"background-color":"var(--ast-global-color-5)","background-image":"","background-repeat":"repeat","background-position":"center center","background-size":"auto","background-attachment":"scroll","background-type":"","background-media":"","overlay-type":"","overlay-color":"","overlay-opacity":"","overlay-gradient":""},"tablet":{"background-color":"var(--ast-global-color-5)","background-image":"","background-repeat":"repeat","background-position":"center center","background-size":"auto","background-attachment":"scroll","background-type":"","background-media":"","overlay-type":"","overlay-color":"","overlay-opacity":"","overlay-gradient":""},"mobile":{"background-color":"var(--ast-global-color-5)","background-image":"","background-repeat":"repeat","background-position":"center center","background-size":"auto","background-attachment":"scroll","background-type":"","background-media":"","overlay-type":"","overlay-color":"","overlay-opacity":"","overlay-gradient":""}},"iawp_total_views":8},"product_brand":[],"product_cat":[252],"product_tag":[],"class_list":{"0":"post-15712","1":"product","2":"type-product","3":"status-publish","4":"has-post-thumbnail","6":"product_cat-bulk-cables","7":"desktop-align-left","8":"tablet-align-left","9":"mobile-align-left","11":"first","12":"instock","13":"shipping-taxable","14":"purchasable","15":"product-type-simple"},"acf":[],"_links":{"self":[{"href":"https:\/\/www.fjpremium.com\/de\/wp-json\/wp\/v2\/product\/15712","targetHints":{"allow":["GET"]}}],"collection":[{"href":"https:\/\/www.fjpremium.com\/de\/wp-json\/wp\/v2\/product"}],"about":[{"href":"https:\/\/www.fjpremium.com\/de\/wp-json\/wp\/v2\/types\/product"}],"wp:featuredmedia":[{"embeddable":true,"href":"https:\/\/www.fjpremium.com\/de\/wp-json\/wp\/v2\/media\/15725"}],"wp:attachment":[{"href":"https:\/\/www.fjpremium.com\/de\/wp-json\/wp\/v2\/media?parent=15712"}],"wp:term":[{"taxonomy":"product_brand","embeddable":true,"href":"https:\/\/www.fjpremium.com\/de\/wp-json\/wp\/v2\/product_brand?post=15712"},{"taxonomy":"product_cat","embeddable":true,"href":"https:\/\/www.fjpremium.com\/de\/wp-json\/wp\/v2\/product_cat?post=15712"},{"taxonomy":"product_tag","embeddable":true,"href":"https:\/\/www.fjpremium.com\/de\/wp-json\/wp\/v2\/product_tag?post=15712"}],"curies":[{"name":"wp","href":"https:\/\/api.w.org\/{rel}","templated":true}]}}