{"id":15711,"date":"2020-08-11T13:26:56","date_gmt":"2020-08-11T05:26:56","guid":{"rendered":"https:\/\/www.fjpremium.com\/?post_type=product&#038;p=15711"},"modified":"2023-12-14T13:53:43","modified_gmt":"2023-12-14T05:53:43","slug":"farsince-8-pin-ios-phone-to-hdmi-hdtv-screen-mirroring-cable-connect-phone-to-tv-plug-and-play","status":"publish","type":"product","link":"https:\/\/www.fjpremium.com\/de\/product\/farsince-8-pin-ios-phone-to-hdmi-hdtv-screen-mirroring-cable-connect-phone-to-tv-plug-and-play\/","title":{"rendered":"FARSINCE 8 Pin IOS Telefon zu HDMI HDTV Bildschirmspiegelung Telefon zu TV verbinden Kabel Plug and Play"},"content":{"rendered":"<div>\n<div data-section=\"AliMagic-45gq4l\" data-section-title=\"Product Description\" data-spm-anchor-id=\"a2700.wholesale.pronpeci14.i0.5b1d4d3c2Ntw9a\">\n<p>Hergestellt aus hochwertigem blanken Kupfer und vernickelten Leitern, verspricht unser Kabel eine stabile Verbindung und hervorragende Leitf\u00e4higkeit.<\/p>\n<p>Die einzigartige Plug-and-Play-Funktionalit\u00e4t sorgt f\u00fcr eine problemlose Einrichtung, da keine Treiber ben\u00f6tigt werden.<\/p>\n<p>Und Sie k\u00f6nnen auf Ihrem Fernseher 1080p-Videobilder in Full HD genie\u00dfen, die durch einen klangvollen 7.1-Surround-Kanal und eine 192-kHz-Audio\u00fcbertragung erg\u00e4nzt werden.<\/p>\n<p>Mit einer L\u00e4nge von 2 m bietet dieses Telefon-zu-TV-Verbindungskabel optimale Flexibilit\u00e4t in Ihrem Raum. Sein auff\u00e4lliger roter PVC-Mantel verleiht Ihrer technischen Ausr\u00fcstung einen Hauch von Raffinesse.<\/p>\n<p>Au\u00dferdem k\u00f6nnen Sie sich auf unsere 2-Jahres-Garantie und die HDMI ATC-, ROHS- und REACH-Zulassung verlassen.<\/p>\n<p>Setzen Sie sich noch heute mit uns in Verbindung und investieren Sie in sie.<\/p>\n<\/div>\n<\/div>","protected":false},"excerpt":{"rendered":"<p title=\"FARSINCE 8 Pin IOS Telefon zu HDMI hdtv Bildschirm Spiegelung Kabel verbinden Telefon zu tv Plug and Play\" data-spm-anchor-id=\"a2700.wholesale.maonnacta.i0.5d6050b9htuZ1P\">Verbessern Sie das visuelle Erlebnis mit dem Farsince 8 Pin ios Telefon zu HDMI HDTV Bildschirm Spiegelung Telefon zu TV-Verbindungskabel, verspricht hochwertige und immersive Audio.<\/p>","protected":false},"featured_media":15718,"template":"","meta":{"_acf_changed":false,"_seopress_robots_primary_cat":"","_seopress_titles_title":"Phone to TV Connect Cable Plug and Play - Farsince","_seopress_titles_desc":"","_seopress_robots_index":"","site-sidebar-layout":"default","site-content-layout":"default","ast-site-content-layout":"default","site-content-style":"default","site-sidebar-style":"default","ast-global-header-display":"","ast-banner-title-visibility":"","ast-main-header-display":"","ast-hfb-above-header-display":"","ast-hfb-below-header-display":"","ast-hfb-mobile-header-display":"","site-post-title":"","ast-breadcrumbs-content":"","ast-featured-img":"","footer-sml-layout":"","ast-disable-related-posts":"","theme-transparent-header-meta":"default","adv-header-id-meta":"","stick-header-meta":"","header-above-stick-meta":"","header-main-stick-meta":"","header-below-stick-meta":"","astra-migrate-meta-layouts":"set","ast-page-background-enabled":"default","ast-page-background-meta":{"desktop":{"background-color":"","background-image":"","background-repeat":"repeat","background-position":"center center","background-size":"auto","background-attachment":"scroll","background-type":"","background-media":"","overlay-type":"","overlay-color":"","overlay-opacity":"","overlay-gradient":""},"tablet":{"background-color":"","background-image":"","background-repeat":"repeat","background-position":"center center","background-size":"auto","background-attachment":"scroll","background-type":"","background-media":"","overlay-type":"","overlay-color":"","overlay-opacity":"","overlay-gradient":""},"mobile":{"background-color":"","background-image":"","background-repeat":"repeat","background-position":"center center","background-size":"auto","background-attachment":"scroll","background-type":"","background-media":"","overlay-type":"","overlay-color":"","overlay-opacity":"","overlay-gradient":""}},"ast-content-background-meta":{"desktop":{"background-color":"var(--ast-global-color-5)","background-image":"","background-repeat":"repeat","background-position":"center center","background-size":"auto","background-attachment":"scroll","background-type":"","background-media":"","overlay-type":"","overlay-color":"","overlay-opacity":"","overlay-gradient":""},"tablet":{"background-color":"var(--ast-global-color-5)","background-image":"","background-repeat":"repeat","background-position":"center center","background-size":"auto","background-attachment":"scroll","background-type":"","background-media":"","overlay-type":"","overlay-color":"","overlay-opacity":"","overlay-gradient":""},"mobile":{"background-color":"var(--ast-global-color-5)","background-image":"","background-repeat":"repeat","background-position":"center center","background-size":"auto","background-attachment":"scroll","background-type":"","background-media":"","overlay-type":"","overlay-color":"","overlay-opacity":"","overlay-gradient":""}},"iawp_total_views":5},"product_brand":[],"product_cat":[252],"product_tag":[],"class_list":{"0":"post-15711","1":"product","2":"type-product","3":"status-publish","4":"has-post-thumbnail","6":"product_cat-bulk-cables","7":"desktop-align-left","8":"tablet-align-left","9":"mobile-align-left","11":"first","12":"instock","13":"shipping-taxable","14":"purchasable","15":"product-type-simple"},"acf":[],"_links":{"self":[{"href":"https:\/\/www.fjpremium.com\/de\/wp-json\/wp\/v2\/product\/15711","targetHints":{"allow":["GET"]}}],"collection":[{"href":"https:\/\/www.fjpremium.com\/de\/wp-json\/wp\/v2\/product"}],"about":[{"href":"https:\/\/www.fjpremium.com\/de\/wp-json\/wp\/v2\/types\/product"}],"wp:featuredmedia":[{"embeddable":true,"href":"https:\/\/www.fjpremium.com\/de\/wp-json\/wp\/v2\/media\/15718"}],"wp:attachment":[{"href":"https:\/\/www.fjpremium.com\/de\/wp-json\/wp\/v2\/media?parent=15711"}],"wp:term":[{"taxonomy":"product_brand","embeddable":true,"href":"https:\/\/www.fjpremium.com\/de\/wp-json\/wp\/v2\/product_brand?post=15711"},{"taxonomy":"product_cat","embeddable":true,"href":"https:\/\/www.fjpremium.com\/de\/wp-json\/wp\/v2\/product_cat?post=15711"},{"taxonomy":"product_tag","embeddable":true,"href":"https:\/\/www.fjpremium.com\/de\/wp-json\/wp\/v2\/product_tag?post=15711"}],"curies":[{"name":"wp","href":"https:\/\/api.w.org\/{rel}","templated":true}]}}