{"id":15710,"date":"2020-08-11T13:26:33","date_gmt":"2020-08-11T05:26:33","guid":{"rendered":"https:\/\/www.fjpremium.com\/?post_type=product&#038;p=15710"},"modified":"2023-12-14T13:53:44","modified_gmt":"2023-12-14T05:53:44","slug":"farsince-2m-micro-usb-input-to-hdmi-output-converter-cable-android-phone-to-hdtv-hdmi-screen-mirroring-tv-cable","status":"publish","type":"product","link":"https:\/\/www.fjpremium.com\/de\/product\/farsince-2m-micro-usb-input-to-hdmi-output-converter-cable-android-phone-to-hdtv-hdmi-screen-mirroring-tv-cable\/","title":{"rendered":"2m Micro USB zu HDMI Konverter Kabel Android Phone zu HDTV HDMI Bildschirmspiegelung TV Kabel"},"content":{"rendered":"<div>\n<div data-section=\"AliMagic-45gq4l\" data-section-title=\"Product Description\" data-spm-anchor-id=\"a2700.wholesale.pronpeci14.i0.5b1d4d3c2Ntw9a\">\n<p>Das Kabel ist perfekt geeignet, um Inhalte von Ihrem Android-Ger\u00e4t auf einen HDTV-Fernseher zu spiegeln, und ist ein unverzichtbares Zubeh\u00f6r.<\/p>\n<p>Die goldenen Anschl\u00fcsse sorgen f\u00fcr eine optimale Signal\u00fcbertragung, so dass Sie problemlos Unterhaltung teilen, Spiele spielen oder Pr\u00e4sentationen durchf\u00fchren k\u00f6nnen.<\/p>\n<p>Die robuste PVC-Ummantelung und die einzigartige Farbkombination aus Schwarz und Rot verleihen der Funktionalit\u00e4t einen Hauch von Stil.<\/p>\n<p>Diese Plug-and-Play-L\u00f6sung mit einer 2-j\u00e4hrigen Garantie funktioniert einwandfrei, wenn Ihr Ger\u00e4t mit dem Netzwerk verbunden und der pers\u00f6nliche Hotspot aktiviert ist.<\/p>\n<p>Dank der Unterst\u00fctzung einer Vielzahl von Video-, Bild- und Audioformaten sind Ihren M\u00f6glichkeiten zur gemeinsamen Nutzung von Medien keine Grenzen mehr gesetzt.<\/p>\n<p>Wenden Sie sich also noch heute an uns und investieren Sie in unser 2 m langes Micro-USB-zu-HDMI-Konverterkabel.<\/p>\n<\/div>\n<div data-section=\"AliMagic-45gq4l\" data-section-title=\"Product Description\" data-spm-anchor-id=\"a2700.wholesale.pronpeci14.i0.5b1d4d3c2Ntw9a\">\n<div>\n<div>\n<div>\n<div>\n<div>\n<div>\n<div>Systemanforderungen:<br \/>\n*f\u00fcr iPhone 5, f\u00fcr iphone5s,<br \/>\n*f\u00fcr iphone6, f\u00fcr iphone 6 plus, f\u00fcr iphone6s, f\u00fcr iphone 6s plus,<br \/>\n*f\u00fcr iphone7, f\u00fcr iphone 7 plus,<br \/>\n*f\u00fcr 8 X,XS,XS MAX<br \/>\n*f\u00fcr ipad4, f\u00fcr ipad mini, f\u00fcr ipadAir, f\u00fcr ipad mini2, f\u00fcr ipadAir2, f\u00fcr ipad mini3, f\u00fcr ipad mini4, f\u00fcr ipad Pro.<br \/>\nf\u00fcr iPod touch, f\u00fcr iPod nano<\/div>\n<\/div>\n<\/div>\n<\/div>\n<\/div>\n<\/div>\n<\/div>\n<\/div>\n<\/div>","protected":false},"excerpt":{"rendered":"<p>Tauchen Sie ein in die Welt der High-Definition-Medien mit unserem 2 m langen Micro-USB-auf-HDMI-Konverterkabel, das f\u00fcr eine hochwertige Medien\u00fcbertragung von Android-Ger\u00e4ten auf HDTV-Ger\u00e4te entwickelt wurde.<\/p>","protected":false},"featured_media":15782,"template":"","meta":{"_acf_changed":false,"_seopress_robots_primary_cat":"","_seopress_titles_title":"Micro USB to HDMI Converter Cable - Farsince","_seopress_titles_desc":"","_seopress_robots_index":"","site-sidebar-layout":"default","site-content-layout":"default","ast-site-content-layout":"default","site-content-style":"default","site-sidebar-style":"default","ast-global-header-display":"","ast-banner-title-visibility":"","ast-main-header-display":"","ast-hfb-above-header-display":"","ast-hfb-below-header-display":"","ast-hfb-mobile-header-display":"","site-post-title":"","ast-breadcrumbs-content":"","ast-featured-img":"","footer-sml-layout":"","ast-disable-related-posts":"","theme-transparent-header-meta":"default","adv-header-id-meta":"","stick-header-meta":"","header-above-stick-meta":"","header-main-stick-meta":"","header-below-stick-meta":"","astra-migrate-meta-layouts":"set","ast-page-background-enabled":"default","ast-page-background-meta":{"desktop":{"background-color":"","background-image":"","background-repeat":"repeat","background-position":"center center","background-size":"auto","background-attachment":"scroll","background-type":"","background-media":"","overlay-type":"","overlay-color":"","overlay-opacity":"","overlay-gradient":""},"tablet":{"background-color":"","background-image":"","background-repeat":"repeat","background-position":"center center","background-size":"auto","background-attachment":"scroll","background-type":"","background-media":"","overlay-type":"","overlay-color":"","overlay-opacity":"","overlay-gradient":""},"mobile":{"background-color":"","background-image":"","background-repeat":"repeat","background-position":"center center","background-size":"auto","background-attachment":"scroll","background-type":"","background-media":"","overlay-type":"","overlay-color":"","overlay-opacity":"","overlay-gradient":""}},"ast-content-background-meta":{"desktop":{"background-color":"var(--ast-global-color-5)","background-image":"","background-repeat":"repeat","background-position":"center center","background-size":"auto","background-attachment":"scroll","background-type":"","background-media":"","overlay-type":"","overlay-color":"","overlay-opacity":"","overlay-gradient":""},"tablet":{"background-color":"var(--ast-global-color-5)","background-image":"","background-repeat":"repeat","background-position":"center center","background-size":"auto","background-attachment":"scroll","background-type":"","background-media":"","overlay-type":"","overlay-color":"","overlay-opacity":"","overlay-gradient":""},"mobile":{"background-color":"var(--ast-global-color-5)","background-image":"","background-repeat":"repeat","background-position":"center center","background-size":"auto","background-attachment":"scroll","background-type":"","background-media":"","overlay-type":"","overlay-color":"","overlay-opacity":"","overlay-gradient":""}},"iawp_total_views":7},"product_brand":[],"product_cat":[252],"product_tag":[],"class_list":{"0":"post-15710","1":"product","2":"type-product","3":"status-publish","4":"has-post-thumbnail","6":"product_cat-bulk-cables","7":"desktop-align-left","8":"tablet-align-left","9":"mobile-align-left","11":"first","12":"instock","13":"shipping-taxable","14":"purchasable","15":"product-type-simple"},"acf":[],"_links":{"self":[{"href":"https:\/\/www.fjpremium.com\/de\/wp-json\/wp\/v2\/product\/15710","targetHints":{"allow":["GET"]}}],"collection":[{"href":"https:\/\/www.fjpremium.com\/de\/wp-json\/wp\/v2\/product"}],"about":[{"href":"https:\/\/www.fjpremium.com\/de\/wp-json\/wp\/v2\/types\/product"}],"wp:featuredmedia":[{"embeddable":true,"href":"https:\/\/www.fjpremium.com\/de\/wp-json\/wp\/v2\/media\/15782"}],"wp:attachment":[{"href":"https:\/\/www.fjpremium.com\/de\/wp-json\/wp\/v2\/media?parent=15710"}],"wp:term":[{"taxonomy":"product_brand","embeddable":true,"href":"https:\/\/www.fjpremium.com\/de\/wp-json\/wp\/v2\/product_brand?post=15710"},{"taxonomy":"product_cat","embeddable":true,"href":"https:\/\/www.fjpremium.com\/de\/wp-json\/wp\/v2\/product_cat?post=15710"},{"taxonomy":"product_tag","embeddable":true,"href":"https:\/\/www.fjpremium.com\/de\/wp-json\/wp\/v2\/product_tag?post=15710"}],"curies":[{"name":"wp","href":"https:\/\/api.w.org\/{rel}","templated":true}]}}