{"id":15701,"date":"2020-08-11T13:21:44","date_gmt":"2020-08-11T05:21:44","guid":{"rendered":"https:\/\/www.fjpremium.com\/?post_type=product&#038;p=15701"},"modified":"2023-12-14T13:53:45","modified_gmt":"2023-12-14T05:53:45","slug":"farsince-universal-smart-phone-to-hdtv-hdmi-screen-mirroring-cable-with-power-supply-for-connector-iphon-and-android-phone-to-tv","status":"publish","type":"product","link":"https:\/\/www.fjpremium.com\/de\/product\/farsince-universal-smart-phone-to-hdtv-hdmi-screen-mirroring-cable-with-power-supply-for-connector-iphon-and-android-phone-to-tv\/","title":{"rendered":"FARSINCE Universal-Kabel zum Verbinden von Telefon und TV HDMI Screen Mirroring Kabel mit Stromversorgung f\u00fcr den Anschluss von iPhone und Android Telefon an TV"},"content":{"rendered":"<div>\n<div data-section=\"AliMagic-45gq4l\" data-section-title=\"Product Description\" data-spm-anchor-id=\"a2700.wholesale.pronpeci14.i0.5b1d4d3c2Ntw9a\">\n<p>Diese 2 m langen Kabel sind ein Meisterwerk der Konnektivit\u00e4t, mit dem sowohl iPhone als auch Android-Telefone m\u00fchelos Bildschirme auf Ihrem Fernseher spiegeln k\u00f6nnen.<\/p>\n<p>In luxuri\u00f6sem Rot oder nach Ihren W\u00fcnschen gestaltet, bieten sie vielseitige Anschlussm\u00f6glichkeiten mit HDMI-Stecker f\u00fcr den TV-Anschluss und USB-Stecker\/Buchse f\u00fcr das Aufladen von Strom und den Anschluss von Telefonen.<\/p>\n<p>Und Sie k\u00f6nnen Spiele, Fotos und Videos in atemberaubender 1080p-Aufl\u00f6sung erleben.<\/p>\n<p>Die Kabel f\u00fcr den Anschluss des Telefons an den Fernseher sind mit Plug-and-Play-Funktionalit\u00e4t f\u00fcr iOS ausgestattet; die Verbindung erfolgt sofort mit nur einem Klick.<\/p>\n<p>F\u00fcr Android 5.0 oder h\u00f6her sind sie ebenso m\u00fchelos und konform mit HDMI ATC, ROHS und REACH.<\/p>\n<p>Dar\u00fcber hinaus sind sie mit einem haltbaren PVC-Mantel ummantelt und mit einer 2-Jahres-Garantie versehen und somit eine wichtige Erg\u00e4nzung f\u00fcr Ihr Projekt. Wenden Sie sich also noch heute an uns und bestellen Sie sie.<\/p>\n<\/div>\n<\/div>","protected":false},"excerpt":{"rendered":"<p>Erleben Sie beispiellose Bildschirmspiegelung mit den Universalkabeln von FARSINCE zum Verbinden Ihres Telefons mit dem Fernseher. Sie bieten eine Aufl\u00f6sung von 1080p, eine L\u00e4nge von 2\u00a0m und eine einfache Plug-and-Play-Funktionalit\u00e4t f\u00fcr iOS.<\/p>","protected":false},"featured_media":15702,"template":"","meta":{"_acf_changed":false,"_seopress_robots_primary_cat":"","_seopress_titles_title":"Universal Cables to Connect Phone to TV - Farsince","_seopress_titles_desc":"Experience unparalleled screen mirroring with FARSINCE universal cables to connect phone to TV, boasting 1080p resolution and 2m length.","_seopress_robots_index":"","site-sidebar-layout":"default","site-content-layout":"default","ast-site-content-layout":"default","site-content-style":"default","site-sidebar-style":"default","ast-global-header-display":"","ast-banner-title-visibility":"","ast-main-header-display":"","ast-hfb-above-header-display":"","ast-hfb-below-header-display":"","ast-hfb-mobile-header-display":"","site-post-title":"","ast-breadcrumbs-content":"","ast-featured-img":"","footer-sml-layout":"","ast-disable-related-posts":"","theme-transparent-header-meta":"default","adv-header-id-meta":"","stick-header-meta":"","header-above-stick-meta":"","header-main-stick-meta":"","header-below-stick-meta":"","astra-migrate-meta-layouts":"set","ast-page-background-enabled":"default","ast-page-background-meta":{"desktop":{"background-color":"","background-image":"","background-repeat":"repeat","background-position":"center center","background-size":"auto","background-attachment":"scroll","background-type":"","background-media":"","overlay-type":"","overlay-color":"","overlay-opacity":"","overlay-gradient":""},"tablet":{"background-color":"","background-image":"","background-repeat":"repeat","background-position":"center center","background-size":"auto","background-attachment":"scroll","background-type":"","background-media":"","overlay-type":"","overlay-color":"","overlay-opacity":"","overlay-gradient":""},"mobile":{"background-color":"","background-image":"","background-repeat":"repeat","background-position":"center center","background-size":"auto","background-attachment":"scroll","background-type":"","background-media":"","overlay-type":"","overlay-color":"","overlay-opacity":"","overlay-gradient":""}},"ast-content-background-meta":{"desktop":{"background-color":"var(--ast-global-color-5)","background-image":"","background-repeat":"repeat","background-position":"center center","background-size":"auto","background-attachment":"scroll","background-type":"","background-media":"","overlay-type":"","overlay-color":"","overlay-opacity":"","overlay-gradient":""},"tablet":{"background-color":"var(--ast-global-color-5)","background-image":"","background-repeat":"repeat","background-position":"center center","background-size":"auto","background-attachment":"scroll","background-type":"","background-media":"","overlay-type":"","overlay-color":"","overlay-opacity":"","overlay-gradient":""},"mobile":{"background-color":"var(--ast-global-color-5)","background-image":"","background-repeat":"repeat","background-position":"center center","background-size":"auto","background-attachment":"scroll","background-type":"","background-media":"","overlay-type":"","overlay-color":"","overlay-opacity":"","overlay-gradient":""}},"iawp_total_views":35},"product_brand":[],"product_cat":[252],"product_tag":[],"class_list":{"0":"post-15701","1":"product","2":"type-product","3":"status-publish","4":"has-post-thumbnail","6":"product_cat-bulk-cables","7":"desktop-align-left","8":"tablet-align-left","9":"mobile-align-left","11":"first","12":"instock","13":"shipping-taxable","14":"purchasable","15":"product-type-simple"},"acf":[],"_links":{"self":[{"href":"https:\/\/www.fjpremium.com\/de\/wp-json\/wp\/v2\/product\/15701","targetHints":{"allow":["GET"]}}],"collection":[{"href":"https:\/\/www.fjpremium.com\/de\/wp-json\/wp\/v2\/product"}],"about":[{"href":"https:\/\/www.fjpremium.com\/de\/wp-json\/wp\/v2\/types\/product"}],"wp:featuredmedia":[{"embeddable":true,"href":"https:\/\/www.fjpremium.com\/de\/wp-json\/wp\/v2\/media\/15702"}],"wp:attachment":[{"href":"https:\/\/www.fjpremium.com\/de\/wp-json\/wp\/v2\/media?parent=15701"}],"wp:term":[{"taxonomy":"product_brand","embeddable":true,"href":"https:\/\/www.fjpremium.com\/de\/wp-json\/wp\/v2\/product_brand?post=15701"},{"taxonomy":"product_cat","embeddable":true,"href":"https:\/\/www.fjpremium.com\/de\/wp-json\/wp\/v2\/product_cat?post=15701"},{"taxonomy":"product_tag","embeddable":true,"href":"https:\/\/www.fjpremium.com\/de\/wp-json\/wp\/v2\/product_tag?post=15701"}],"curies":[{"name":"wp","href":"https:\/\/api.w.org\/{rel}","templated":true}]}}