{"id":15692,"date":"2020-08-11T13:13:45","date_gmt":"2020-08-11T05:13:45","guid":{"rendered":"https:\/\/www.fjpremium.com\/?post_type=product&#038;p=15692"},"modified":"2023-12-14T13:53:46","modified_gmt":"2023-12-14T05:53:46","slug":"farsince-3-in-1-smart-mobile-phone-to-hdtv-hdmi-mirroring-adapter-cable-micro-type-8pin-connect-to-phone-and-tv-cable","status":"publish","type":"product","link":"https:\/\/www.fjpremium.com\/de\/product\/farsince-3-in-1-smart-mobile-phone-to-hdtv-hdmi-mirroring-adapter-cable-micro-type-8pin-connect-to-phone-and-tv-cable\/","title":{"rendered":"3 in 1 Smart Phone Adapter Kabel, Handy zu HD TV HDMI Mirroring Micro Typ 8pin Verbindung zu Telefon und TV Kabel"},"content":{"rendered":"<p>Mit 3 verschiedenen Anschl\u00fcssen verbindet unser Kabel m\u00fchelos Ihre Micro-USB\/Typ-C-Mobiltelefone, iPhones und mehr mit Bildschirmen, die mit HDMI ausgestattet sind.<\/p>\n<p>Sie k\u00f6nnen Filme, Spiele und Bilder auf dem gro\u00dfen Bildschirm in atemberaubender 1080P-Aufl\u00f6sung genie\u00dfen.<\/p>\n<p>Die Goldstecker und der robuste PVC-Mantel sorgen f\u00fcr Stabilit\u00e4t und Schnelligkeit, w\u00e4hrend die L\u00e4nge von 2 m Flexibilit\u00e4t bietet.<\/p>\n<p>Und dank der Plug-and-Play-Funktionalit\u00e4t ist die Einrichtung ein Kinderspiel; es werden weder WIFI noch Treiber ben\u00f6tigt.<\/p>\n<p>In trendigem Grau, Pink oder Orange und mit einer 2-Jahres-Garantie ausgestattet, ist dieses Smartphone-Adapterkabel ein Muss f\u00fcr alle, die Qualit\u00e4t und Komfort suchen. Nehmen Sie noch heute Kontakt mit uns auf und investieren Sie in dieses Kabel.<\/p>","protected":false},"excerpt":{"rendered":"<p>Entdecken Sie das FARSINCE 3-in-1-Smartphone-Adapterkabel mit alten Anschl\u00fcssen, 2 m L\u00e4nge, 1080P-Aufl\u00f6sung und breiter Kompatibilit\u00e4t, um eine erstklassige HD-Spiegelung vom Handy zum Fernseher zu gew\u00e4hrleisten.<\/p>","protected":false},"featured_media":15693,"template":"","meta":{"_acf_changed":false,"_seopress_robots_primary_cat":"","_seopress_titles_title":"3 in 1 Smart Phone Adapter Cable - Farsince","_seopress_titles_desc":"Discover FARSINCE 3 in 1 smart phone adapter cable, featuring old connectors, 2m length, 1080P resolution, and broad compatibility.","_seopress_robots_index":"","site-sidebar-layout":"default","site-content-layout":"default","ast-site-content-layout":"default","site-content-style":"default","site-sidebar-style":"default","ast-global-header-display":"","ast-banner-title-visibility":"","ast-main-header-display":"","ast-hfb-above-header-display":"","ast-hfb-below-header-display":"","ast-hfb-mobile-header-display":"","site-post-title":"","ast-breadcrumbs-content":"","ast-featured-img":"","footer-sml-layout":"","ast-disable-related-posts":"","theme-transparent-header-meta":"default","adv-header-id-meta":"","stick-header-meta":"","header-above-stick-meta":"","header-main-stick-meta":"","header-below-stick-meta":"","astra-migrate-meta-layouts":"set","ast-page-background-enabled":"default","ast-page-background-meta":{"desktop":{"background-color":"","background-image":"","background-repeat":"repeat","background-position":"center center","background-size":"auto","background-attachment":"scroll","background-type":"","background-media":"","overlay-type":"","overlay-color":"","overlay-opacity":"","overlay-gradient":""},"tablet":{"background-color":"","background-image":"","background-repeat":"repeat","background-position":"center center","background-size":"auto","background-attachment":"scroll","background-type":"","background-media":"","overlay-type":"","overlay-color":"","overlay-opacity":"","overlay-gradient":""},"mobile":{"background-color":"","background-image":"","background-repeat":"repeat","background-position":"center center","background-size":"auto","background-attachment":"scroll","background-type":"","background-media":"","overlay-type":"","overlay-color":"","overlay-opacity":"","overlay-gradient":""}},"ast-content-background-meta":{"desktop":{"background-color":"var(--ast-global-color-5)","background-image":"","background-repeat":"repeat","background-position":"center center","background-size":"auto","background-attachment":"scroll","background-type":"","background-media":"","overlay-type":"","overlay-color":"","overlay-opacity":"","overlay-gradient":""},"tablet":{"background-color":"var(--ast-global-color-5)","background-image":"","background-repeat":"repeat","background-position":"center center","background-size":"auto","background-attachment":"scroll","background-type":"","background-media":"","overlay-type":"","overlay-color":"","overlay-opacity":"","overlay-gradient":""},"mobile":{"background-color":"var(--ast-global-color-5)","background-image":"","background-repeat":"repeat","background-position":"center center","background-size":"auto","background-attachment":"scroll","background-type":"","background-media":"","overlay-type":"","overlay-color":"","overlay-opacity":"","overlay-gradient":""}},"iawp_total_views":10},"product_brand":[],"product_cat":[252],"product_tag":[],"class_list":{"0":"post-15692","1":"product","2":"type-product","3":"status-publish","4":"has-post-thumbnail","6":"product_cat-bulk-cables","7":"desktop-align-left","8":"tablet-align-left","9":"mobile-align-left","11":"first","12":"instock","13":"shipping-taxable","14":"purchasable","15":"product-type-simple"},"acf":[],"_links":{"self":[{"href":"https:\/\/www.fjpremium.com\/de\/wp-json\/wp\/v2\/product\/15692","targetHints":{"allow":["GET"]}}],"collection":[{"href":"https:\/\/www.fjpremium.com\/de\/wp-json\/wp\/v2\/product"}],"about":[{"href":"https:\/\/www.fjpremium.com\/de\/wp-json\/wp\/v2\/types\/product"}],"wp:featuredmedia":[{"embeddable":true,"href":"https:\/\/www.fjpremium.com\/de\/wp-json\/wp\/v2\/media\/15693"}],"wp:attachment":[{"href":"https:\/\/www.fjpremium.com\/de\/wp-json\/wp\/v2\/media?parent=15692"}],"wp:term":[{"taxonomy":"product_brand","embeddable":true,"href":"https:\/\/www.fjpremium.com\/de\/wp-json\/wp\/v2\/product_brand?post=15692"},{"taxonomy":"product_cat","embeddable":true,"href":"https:\/\/www.fjpremium.com\/de\/wp-json\/wp\/v2\/product_cat?post=15692"},{"taxonomy":"product_tag","embeddable":true,"href":"https:\/\/www.fjpremium.com\/de\/wp-json\/wp\/v2\/product_tag?post=15692"}],"curies":[{"name":"wp","href":"https:\/\/api.w.org\/{rel}","templated":true}]}}