{"id":15652,"date":"2020-08-06T11:14:28","date_gmt":"2020-08-06T03:14:28","guid":{"rendered":"https:\/\/www.fjpremium.com\/?post_type=product&#038;p=15652"},"modified":"2024-03-12T09:33:27","modified_gmt":"2024-03-12T01:33:27","slug":"farsince-hdmi-4k-male-to-hdmi-female-m3-screw-wall-mount-panel-mount-2-0-extension-cable-female-socket-metal-exposed","status":"publish","type":"product","link":"https:\/\/www.fjpremium.com\/de\/product\/farsince-hdmi-4k-male-to-hdmi-female-m3-screw-wall-mount-panel-mount-2-0-extension-cable-female-socket-metal-exposed\/","title":{"rendered":"HDMI 4K Stecker auf HDMI Buchse Verl\u00e4ngerung HDMI Kabel Buchse Metall freiliegend"},"content":{"rendered":"<p>Das Kabel wurde speziell f\u00fcr die Verbindung von zwei HDMI-Kabeln \u00fcber eine Panelhalterung entwickelt und erm\u00f6glicht eine sichere Display-Verbindung von jeder Quelle.<\/p>\n<p>Seine kompakte Form minimiert den Signalverlust und verspricht eine klare und detaillierte Ausgabe bis zu 4K*2K@50\/60 (2160p).<\/p>\n<p>Es besteht aus hochwertigen Kupferleitern, ist f\u00fcr EMI\/RFI-Widerstand vollst\u00e4ndig abgeschirmt und verf\u00fcgt \u00fcber 24-K-vergoldete Anschl\u00fcsse f\u00fcr eine hervorragende Signal\u00fcbertragung.<\/p>\n<p>Unser Kabel bietet eine un\u00fcbertroffene Leistung und garantiert eine Bandbreite von bis zu 18 Gbit\/s, 3D-Videounterst\u00fctzung, Deep Color und x.v. Color\u2122.<\/p>\n<p>Mit einer Vielzahl von sechs Buchsenbefestigungsarten f\u00fcr vielseitige Installationen ist es der Inbegriff von Zuverl\u00e4ssigkeit und wird durch eine 2-j\u00e4hrige Garantie unterst\u00fctzt.<\/p>\n<p>Nehmen Sie daher noch heute Kontakt mit uns auf und bestellen Sie dieses HDMI-Verl\u00e4ngerungskabel.<\/p>","protected":false},"excerpt":{"rendered":"<p>Erh\u00f6hen Sie Ihr visuelles Erlebnis mit dem HDMI-Verl\u00e4ngerungskabel von FARSINCE, das fachm\u00e4nnisch f\u00fcr minimalen Signalverlust und hervorragende 4K-Videoaufl\u00f6sung entwickelt wurde.<\/p>","protected":false},"featured_media":15678,"template":"","meta":{"_acf_changed":false,"_seopress_robots_primary_cat":"","_seopress_titles_title":"Extension HDMI Cable Female Socket Metal Exposed - Farsince","_seopress_titles_desc":"","_seopress_robots_index":"","site-sidebar-layout":"default","site-content-layout":"default","ast-site-content-layout":"default","site-content-style":"default","site-sidebar-style":"default","ast-global-header-display":"","ast-banner-title-visibility":"","ast-main-header-display":"","ast-hfb-above-header-display":"","ast-hfb-below-header-display":"","ast-hfb-mobile-header-display":"","site-post-title":"","ast-breadcrumbs-content":"","ast-featured-img":"","footer-sml-layout":"","ast-disable-related-posts":"","theme-transparent-header-meta":"default","adv-header-id-meta":"","stick-header-meta":"","header-above-stick-meta":"","header-main-stick-meta":"","header-below-stick-meta":"","astra-migrate-meta-layouts":"set","ast-page-background-enabled":"default","ast-page-background-meta":{"desktop":{"background-color":"","background-image":"","background-repeat":"repeat","background-position":"center center","background-size":"auto","background-attachment":"scroll","background-type":"","background-media":"","overlay-type":"","overlay-color":"","overlay-opacity":"","overlay-gradient":""},"tablet":{"background-color":"","background-image":"","background-repeat":"repeat","background-position":"center center","background-size":"auto","background-attachment":"scroll","background-type":"","background-media":"","overlay-type":"","overlay-color":"","overlay-opacity":"","overlay-gradient":""},"mobile":{"background-color":"","background-image":"","background-repeat":"repeat","background-position":"center center","background-size":"auto","background-attachment":"scroll","background-type":"","background-media":"","overlay-type":"","overlay-color":"","overlay-opacity":"","overlay-gradient":""}},"ast-content-background-meta":{"desktop":{"background-color":"var(--ast-global-color-5)","background-image":"","background-repeat":"repeat","background-position":"center center","background-size":"auto","background-attachment":"scroll","background-type":"","background-media":"","overlay-type":"","overlay-color":"","overlay-opacity":"","overlay-gradient":""},"tablet":{"background-color":"var(--ast-global-color-5)","background-image":"","background-repeat":"repeat","background-position":"center center","background-size":"auto","background-attachment":"scroll","background-type":"","background-media":"","overlay-type":"","overlay-color":"","overlay-opacity":"","overlay-gradient":""},"mobile":{"background-color":"var(--ast-global-color-5)","background-image":"","background-repeat":"repeat","background-position":"center center","background-size":"auto","background-attachment":"scroll","background-type":"","background-media":"","overlay-type":"","overlay-color":"","overlay-opacity":"","overlay-gradient":""}},"iawp_total_views":7},"product_brand":[],"product_cat":[238,678],"product_tag":[],"class_list":{"0":"post-15652","1":"product","2":"type-product","3":"status-publish","4":"has-post-thumbnail","6":"product_cat-panel-mount","7":"product_cat-panel-mount-cables","8":"desktop-align-left","9":"tablet-align-left","10":"mobile-align-left","12":"first","13":"instock","14":"shipping-taxable","15":"purchasable","16":"product-type-simple"},"acf":[],"_links":{"self":[{"href":"https:\/\/www.fjpremium.com\/de\/wp-json\/wp\/v2\/product\/15652","targetHints":{"allow":["GET"]}}],"collection":[{"href":"https:\/\/www.fjpremium.com\/de\/wp-json\/wp\/v2\/product"}],"about":[{"href":"https:\/\/www.fjpremium.com\/de\/wp-json\/wp\/v2\/types\/product"}],"wp:featuredmedia":[{"embeddable":true,"href":"https:\/\/www.fjpremium.com\/de\/wp-json\/wp\/v2\/media\/15678"}],"wp:attachment":[{"href":"https:\/\/www.fjpremium.com\/de\/wp-json\/wp\/v2\/media?parent=15652"}],"wp:term":[{"taxonomy":"product_brand","embeddable":true,"href":"https:\/\/www.fjpremium.com\/de\/wp-json\/wp\/v2\/product_brand?post=15652"},{"taxonomy":"product_cat","embeddable":true,"href":"https:\/\/www.fjpremium.com\/de\/wp-json\/wp\/v2\/product_cat?post=15652"},{"taxonomy":"product_tag","embeddable":true,"href":"https:\/\/www.fjpremium.com\/de\/wp-json\/wp\/v2\/product_tag?post=15652"}],"curies":[{"name":"wp","href":"https:\/\/api.w.org\/{rel}","templated":true}]}}