{"id":15650,"date":"2020-08-06T11:14:26","date_gmt":"2020-08-06T03:14:26","guid":{"rendered":"https:\/\/www.fjpremium.com\/?post_type=product&#038;p=15650"},"modified":"2024-03-12T09:42:42","modified_gmt":"2024-03-12T01:42:42","slug":"farsince-hdmi-classis-4k-male-to-hdmi-female-m3-screw-wall-mount-panel-mount-2-0-extension-cable-flat-mount","status":"publish","type":"product","link":"https:\/\/www.fjpremium.com\/de\/product\/farsince-hdmi-classis-4k-male-to-hdmi-female-m3-screw-wall-mount-panel-mount-2-0-extension-cable-flat-mount\/","title":{"rendered":"HDMI 4K Stecker auf HDMI Buchse Panel Mount Verl\u00e4ngerungskabel Flachmontage"},"content":{"rendered":"<div>\n<div data-section=\"AliMagic-k1jo3i\" data-section-title=\"Product Description\" data-spm-anchor-id=\"a2700.wholesale.pronpeci14.i0.32e4193bbVCi0z\">\n<p>Diese elegante L\u00f6sung, bei der zwei HDMI-Kabel f\u00fcr eine nahtlose Verbindung \u00fcber ein Panel kombiniert werden, erm\u00f6glicht es Ihnen, Display-Verbindungen von einem sicheren Ort aus herzustellen.<\/p>\n<p>Trotz seiner kompakten Struktur ist er pr\u00e4zise auf minimalen Signalverlust ausgelegt und unterst\u00fctzt Videoaufl\u00f6sungen bis zu beeindruckenden 4K*2K@50\/60(2160p).<\/p>\n<p>Unsere Flachbandkabel werden mit hochwertigen Materialien und fortschrittlichen Konstruktionstechniken hergestellt und garantieren eine lebenslange, zuverl\u00e4ssige Leistung.<\/p>\n<p>Die vollst\u00e4ndig abgeschirmten Leiter gew\u00e4hrleisten eine vollst\u00e4ndige Immunit\u00e4t gegen EMI\/RFI-Interferenzen, w\u00e4hrend die vergoldeten 24-K-Anschl\u00fcsse eine un\u00fcbertroffene Signal\u00fcbertragung gew\u00e4hrleisten.<\/p>\n<p>Er ist nach Industriestandards zertifiziert und bietet eine Bandbreite von bis zu 18 Gbit\/s und unterst\u00fctzt 3D-Video, Deep Color und x.v. Color\u2122.<\/p>\n<p>Die flache Montagebuchse und die sichere Schraubkonstruktion sorgen f\u00fcr dichte, sichere Verbindungen. Dar\u00fcber hinaus k\u00f6nnen Sie aus sechs verschiedenen Montageoptionen w\u00e4hlen, um eine Vielzahl von Installationen zu erm\u00f6glichen.<\/p>\n<p>Vertrauen Sie auf unser Qualit\u00e4tsversprechen, das durch eine 2-j\u00e4hrige Garantie untermauert wird, und bestellen Sie das Verl\u00e4ngerungskabel f\u00fcr die Schalttafelmontage.<\/p>\n<\/div>\n<\/div>","protected":false},"excerpt":{"rendered":"<p>Tauchen Sie mit dem HDMI 4K-Stecker auf HDMI-Buchse Verl\u00e4ngerungskabel von FARSINCE, das f\u00fcr minimale Signalverluste entwickelt wurde, in eine Welt voller atemberaubender Bilder ein.<\/p>","protected":false},"featured_media":15661,"template":"","meta":{"_acf_changed":false,"_seopress_robots_primary_cat":"","_seopress_titles_title":"Panel Mount Extension Cable Flat Mount - Farsince","_seopress_titles_desc":"","_seopress_robots_index":"","site-sidebar-layout":"default","site-content-layout":"default","ast-site-content-layout":"default","site-content-style":"default","site-sidebar-style":"default","ast-global-header-display":"","ast-banner-title-visibility":"","ast-main-header-display":"","ast-hfb-above-header-display":"","ast-hfb-below-header-display":"","ast-hfb-mobile-header-display":"","site-post-title":"","ast-breadcrumbs-content":"","ast-featured-img":"","footer-sml-layout":"","ast-disable-related-posts":"","theme-transparent-header-meta":"default","adv-header-id-meta":"","stick-header-meta":"","header-above-stick-meta":"","header-main-stick-meta":"","header-below-stick-meta":"","astra-migrate-meta-layouts":"set","ast-page-background-enabled":"default","ast-page-background-meta":{"desktop":{"background-color":"","background-image":"","background-repeat":"repeat","background-position":"center center","background-size":"auto","background-attachment":"scroll","background-type":"","background-media":"","overlay-type":"","overlay-color":"","overlay-opacity":"","overlay-gradient":""},"tablet":{"background-color":"","background-image":"","background-repeat":"repeat","background-position":"center center","background-size":"auto","background-attachment":"scroll","background-type":"","background-media":"","overlay-type":"","overlay-color":"","overlay-opacity":"","overlay-gradient":""},"mobile":{"background-color":"","background-image":"","background-repeat":"repeat","background-position":"center center","background-size":"auto","background-attachment":"scroll","background-type":"","background-media":"","overlay-type":"","overlay-color":"","overlay-opacity":"","overlay-gradient":""}},"ast-content-background-meta":{"desktop":{"background-color":"var(--ast-global-color-5)","background-image":"","background-repeat":"repeat","background-position":"center center","background-size":"auto","background-attachment":"scroll","background-type":"","background-media":"","overlay-type":"","overlay-color":"","overlay-opacity":"","overlay-gradient":""},"tablet":{"background-color":"var(--ast-global-color-5)","background-image":"","background-repeat":"repeat","background-position":"center center","background-size":"auto","background-attachment":"scroll","background-type":"","background-media":"","overlay-type":"","overlay-color":"","overlay-opacity":"","overlay-gradient":""},"mobile":{"background-color":"var(--ast-global-color-5)","background-image":"","background-repeat":"repeat","background-position":"center center","background-size":"auto","background-attachment":"scroll","background-type":"","background-media":"","overlay-type":"","overlay-color":"","overlay-opacity":"","overlay-gradient":""}},"iawp_total_views":8},"product_brand":[],"product_cat":[238,678],"product_tag":[],"class_list":{"0":"post-15650","1":"product","2":"type-product","3":"status-publish","4":"has-post-thumbnail","6":"product_cat-panel-mount","7":"product_cat-panel-mount-cables","8":"desktop-align-left","9":"tablet-align-left","10":"mobile-align-left","12":"first","13":"instock","14":"shipping-taxable","15":"purchasable","16":"product-type-simple"},"acf":[],"_links":{"self":[{"href":"https:\/\/www.fjpremium.com\/de\/wp-json\/wp\/v2\/product\/15650","targetHints":{"allow":["GET"]}}],"collection":[{"href":"https:\/\/www.fjpremium.com\/de\/wp-json\/wp\/v2\/product"}],"about":[{"href":"https:\/\/www.fjpremium.com\/de\/wp-json\/wp\/v2\/types\/product"}],"wp:featuredmedia":[{"embeddable":true,"href":"https:\/\/www.fjpremium.com\/de\/wp-json\/wp\/v2\/media\/15661"}],"wp:attachment":[{"href":"https:\/\/www.fjpremium.com\/de\/wp-json\/wp\/v2\/media?parent=15650"}],"wp:term":[{"taxonomy":"product_brand","embeddable":true,"href":"https:\/\/www.fjpremium.com\/de\/wp-json\/wp\/v2\/product_brand?post=15650"},{"taxonomy":"product_cat","embeddable":true,"href":"https:\/\/www.fjpremium.com\/de\/wp-json\/wp\/v2\/product_cat?post=15650"},{"taxonomy":"product_tag","embeddable":true,"href":"https:\/\/www.fjpremium.com\/de\/wp-json\/wp\/v2\/product_tag?post=15650"}],"curies":[{"name":"wp","href":"https:\/\/api.w.org\/{rel}","templated":true}]}}