{"id":15649,"date":"2020-08-06T11:14:25","date_gmt":"2020-08-06T03:14:25","guid":{"rendered":"https:\/\/www.fjpremium.com\/?post_type=product&#038;p=15649"},"modified":"2024-03-12T10:12:42","modified_gmt":"2024-03-12T02:12:42","slug":"farsince-45-degree-angle-hdmi-4k-male-to-hdmi-female-m3-screw-wall-mount-panel-mount-2-0-extension-cable","status":"publish","type":"product","link":"https:\/\/www.fjpremium.com\/de\/product\/farsince-45-degree-angle-hdmi-4k-male-to-hdmi-female-m3-screw-wall-mount-panel-mount-2-0-extension-cable\/","title":{"rendered":"Bestes HDMI-Verl\u00e4ngerungskabel 45-Grad-Winkel HDMI 4K Stecker auf HDMI-Buchse"},"content":{"rendered":"<div>\n<div data-section=\"AliMagic-8izw9w\" data-section-title=\"Product Description\" data-spm-anchor-id=\"a2700.wholesale.pronpeci14.i0.7a0d398aeqVyDp\">\n<p>Unsere branchenf\u00fchrende L\u00f6sung kombiniert m\u00fchelos zwei HDMI-Kabel und bietet so eine sichere und hochwertige Display-Verbindung.<\/p>\n<p>Trotz seiner kompakten L\u00e4nge ist er f\u00fcr minimalen Signalverlust ausgelegt und unterst\u00fctzt Videoaufl\u00f6sungen bis zu 4K*2K@50\/60(2160p).<\/p>\n<p>Dieses aus hochwertigen Materialien gefertigte Kabel garantiert eine lebenslange, zuverl\u00e4ssige Leistung. Die vollst\u00e4ndig abgeschirmten Leiter eliminieren EMI\/RFI-St\u00f6rungen, w\u00e4hrend die 24-K-vergoldeten Stecker ein H\u00f6chstma\u00df an Signal\u00fcbertragung gew\u00e4hrleisten.<\/p>\n<p>Er wurde nach Industriestandards getestet und bietet eine Daten\u00fcbertragungsgeschwindigkeit von bis zu 18 Gbit\/s und unterst\u00fctzt 3D-Video, Deep Color und x.v. Color\u2122.<\/p>\n<p>Dar\u00fcber hinaus erm\u00f6glicht das 45-Grad-Winkel-Design in Verbindung mit dem Schraubmechanismus sichere Verbindungen und eine flexible Installation mit sechs verschiedenen Buchsenbefestigungsarten.<\/p>\n<p>Vertrauen Sie daher auf unsere erstklassigen Verbindungsl\u00f6sungen, die durch eine 2-Jahres-Garantie abgesichert sind, und investieren Sie in unser bestes HDMI-Verl\u00e4ngerungskabel.<\/p>\n<\/div>\n<\/div>","protected":false},"excerpt":{"rendered":"<p>Revolutionieren Sie die Display-Konnektivit\u00e4t mit dem besten HDMI-Verl\u00e4ngerungskabel von FARSINCE f\u00fcr minimalen Signalverlust und Ultra-HD 4K-Aufl\u00f6sung.<\/p>","protected":false},"featured_media":15654,"template":"","meta":{"_acf_changed":false,"_seopress_robots_primary_cat":"","_seopress_titles_title":"Best HDMI Extension Cable 45 Degree Angle - Farsince","_seopress_titles_desc":"","_seopress_robots_index":"","site-sidebar-layout":"default","site-content-layout":"default","ast-site-content-layout":"default","site-content-style":"default","site-sidebar-style":"default","ast-global-header-display":"","ast-banner-title-visibility":"","ast-main-header-display":"","ast-hfb-above-header-display":"","ast-hfb-below-header-display":"","ast-hfb-mobile-header-display":"","site-post-title":"","ast-breadcrumbs-content":"","ast-featured-img":"","footer-sml-layout":"","ast-disable-related-posts":"","theme-transparent-header-meta":"default","adv-header-id-meta":"","stick-header-meta":"","header-above-stick-meta":"","header-main-stick-meta":"","header-below-stick-meta":"","astra-migrate-meta-layouts":"set","ast-page-background-enabled":"default","ast-page-background-meta":{"desktop":{"background-color":"","background-image":"","background-repeat":"repeat","background-position":"center center","background-size":"auto","background-attachment":"scroll","background-type":"","background-media":"","overlay-type":"","overlay-color":"","overlay-opacity":"","overlay-gradient":""},"tablet":{"background-color":"","background-image":"","background-repeat":"repeat","background-position":"center center","background-size":"auto","background-attachment":"scroll","background-type":"","background-media":"","overlay-type":"","overlay-color":"","overlay-opacity":"","overlay-gradient":""},"mobile":{"background-color":"","background-image":"","background-repeat":"repeat","background-position":"center center","background-size":"auto","background-attachment":"scroll","background-type":"","background-media":"","overlay-type":"","overlay-color":"","overlay-opacity":"","overlay-gradient":""}},"ast-content-background-meta":{"desktop":{"background-color":"var(--ast-global-color-5)","background-image":"","background-repeat":"repeat","background-position":"center center","background-size":"auto","background-attachment":"scroll","background-type":"","background-media":"","overlay-type":"","overlay-color":"","overlay-opacity":"","overlay-gradient":""},"tablet":{"background-color":"var(--ast-global-color-5)","background-image":"","background-repeat":"repeat","background-position":"center center","background-size":"auto","background-attachment":"scroll","background-type":"","background-media":"","overlay-type":"","overlay-color":"","overlay-opacity":"","overlay-gradient":""},"mobile":{"background-color":"var(--ast-global-color-5)","background-image":"","background-repeat":"repeat","background-position":"center center","background-size":"auto","background-attachment":"scroll","background-type":"","background-media":"","overlay-type":"","overlay-color":"","overlay-opacity":"","overlay-gradient":""}},"iawp_total_views":10},"product_brand":[],"product_cat":[238,678],"product_tag":[],"class_list":{"0":"post-15649","1":"product","2":"type-product","3":"status-publish","4":"has-post-thumbnail","6":"product_cat-panel-mount","7":"product_cat-panel-mount-cables","8":"desktop-align-left","9":"tablet-align-left","10":"mobile-align-left","12":"first","13":"instock","14":"shipping-taxable","15":"purchasable","16":"product-type-simple"},"acf":[],"_links":{"self":[{"href":"https:\/\/www.fjpremium.com\/de\/wp-json\/wp\/v2\/product\/15649","targetHints":{"allow":["GET"]}}],"collection":[{"href":"https:\/\/www.fjpremium.com\/de\/wp-json\/wp\/v2\/product"}],"about":[{"href":"https:\/\/www.fjpremium.com\/de\/wp-json\/wp\/v2\/types\/product"}],"wp:featuredmedia":[{"embeddable":true,"href":"https:\/\/www.fjpremium.com\/de\/wp-json\/wp\/v2\/media\/15654"}],"wp:attachment":[{"href":"https:\/\/www.fjpremium.com\/de\/wp-json\/wp\/v2\/media?parent=15649"}],"wp:term":[{"taxonomy":"product_brand","embeddable":true,"href":"https:\/\/www.fjpremium.com\/de\/wp-json\/wp\/v2\/product_brand?post=15649"},{"taxonomy":"product_cat","embeddable":true,"href":"https:\/\/www.fjpremium.com\/de\/wp-json\/wp\/v2\/product_cat?post=15649"},{"taxonomy":"product_tag","embeddable":true,"href":"https:\/\/www.fjpremium.com\/de\/wp-json\/wp\/v2\/product_tag?post=15649"}],"curies":[{"name":"wp","href":"https:\/\/api.w.org\/{rel}","templated":true}]}}