{"id":15642,"date":"2020-08-06T11:11:02","date_gmt":"2020-08-06T03:11:02","guid":{"rendered":"https:\/\/www.fjpremium.com\/?post_type=product&#038;p=15642"},"modified":"2024-03-12T10:28:11","modified_gmt":"2024-03-12T02:28:11","slug":"farsince-flat-hdmi-4k-male-to-hdmi-female-m3-screw-wall-mount-panel-mount-2-0-extension-cable","status":"publish","type":"product","link":"https:\/\/www.fjpremium.com\/de\/product\/farsince-flat-hdmi-4k-male-to-hdmi-female-m3-screw-wall-mount-panel-mount-2-0-extension-cable\/","title":{"rendered":"HDMI 4K Stecker auf HDMI Buchse Panel Mount 2.0 Flaches Verl\u00e4ngerungskabel"},"content":{"rendered":"<div>\n<div data-section=\"AliMagic-tf0vbb\" data-section-title=\"Product Description\" data-spm-anchor-id=\"a2700.wholesale.pronpeci14.i0.52e7de6f9Ta9rW\">\n<p>Die \u00fcberragende L\u00f6sung kombiniert nahtlos zwei HDMI-Kabel, um eine erstklassige Konnektivit\u00e4t \u00fcber ein Panel herzustellen - ideal f\u00fcr Displays, die von sicheren Standorten stammen.<\/p>\n<p>Trotz seiner praktischen kurzen L\u00e4nge ist er f\u00fcr minimale Signalverluste ausgelegt und unterst\u00fctzt Videoaufl\u00f6sungen bis zu 4K*2K@50\/60(2160p).<\/p>\n<p>Unser Kabel wird aus hochwertigen Materialien hergestellt und verspricht eine lebenslange, zuverl\u00e4ssige Leistung.<\/p>\n<p>Die vollst\u00e4ndig abgeschirmten Leiter bieten Immunit\u00e4t gegen EMI\/RFI-St\u00f6rungen, w\u00e4hrend die vergoldeten 24-K-Stecker die un\u00fcbertroffene Signal\u00fcbertragung erleichtern.<\/p>\n<p>Mit einer Bandbreite von bis zu 18 Gbit\/s unterst\u00fctzt er au\u00dferdem 3D-Video, Deep Color und x.v. Color\u2122. Und das einzigartige flache Design und der M3-Schraubmechanismus bieten sichere und vielf\u00e4ltige Montagem\u00f6glichkeiten.<\/p>\n<p>Vertrauen Sie daher auf dieses flache Verl\u00e4ngerungskabel, f\u00fcr das wir eine 2-j\u00e4hrige Garantie gew\u00e4hren.<\/p>\n<\/div>\n<\/div>","protected":false},"excerpt":{"rendered":"<p>Erh\u00f6hen Sie die Konnektivit\u00e4t mit dem flachen Verl\u00e4ngerungskabel HDMI 4K-Stecker auf HDMI-Buchse f\u00fcr die Panelmontage 2.0 von FARSINCE, das minimale Signalverluste, eine hervorragende 4K-Aufl\u00f6sung und eine sichere Montage bietet.<\/p>","protected":false},"featured_media":15643,"template":"","meta":{"_acf_changed":false,"_seopress_robots_primary_cat":"","_seopress_titles_title":"Best Panel Mount 2.0 Flat Extension Cable - Farsince","_seopress_titles_desc":"Elevate the connectivity with our HDMI 4K male to HDMI female panel mount 2.0 flat extension cable for minimal signal loss and stellar 4K resolution.","_seopress_robots_index":"","_seopress_analysis_target_kw":"Flat Extension Cable","site-sidebar-layout":"default","site-content-layout":"default","ast-site-content-layout":"default","site-content-style":"default","site-sidebar-style":"default","ast-global-header-display":"","ast-banner-title-visibility":"","ast-main-header-display":"","ast-hfb-above-header-display":"","ast-hfb-below-header-display":"","ast-hfb-mobile-header-display":"","site-post-title":"","ast-breadcrumbs-content":"","ast-featured-img":"","footer-sml-layout":"","ast-disable-related-posts":"","theme-transparent-header-meta":"default","adv-header-id-meta":"","stick-header-meta":"","header-above-stick-meta":"","header-main-stick-meta":"","header-below-stick-meta":"","astra-migrate-meta-layouts":"set","ast-page-background-enabled":"default","ast-page-background-meta":{"desktop":{"background-color":"","background-image":"","background-repeat":"repeat","background-position":"center center","background-size":"auto","background-attachment":"scroll","background-type":"","background-media":"","overlay-type":"","overlay-color":"","overlay-opacity":"","overlay-gradient":""},"tablet":{"background-color":"","background-image":"","background-repeat":"repeat","background-position":"center center","background-size":"auto","background-attachment":"scroll","background-type":"","background-media":"","overlay-type":"","overlay-color":"","overlay-opacity":"","overlay-gradient":""},"mobile":{"background-color":"","background-image":"","background-repeat":"repeat","background-position":"center center","background-size":"auto","background-attachment":"scroll","background-type":"","background-media":"","overlay-type":"","overlay-color":"","overlay-opacity":"","overlay-gradient":""}},"ast-content-background-meta":{"desktop":{"background-color":"var(--ast-global-color-5)","background-image":"","background-repeat":"repeat","background-position":"center center","background-size":"auto","background-attachment":"scroll","background-type":"","background-media":"","overlay-type":"","overlay-color":"","overlay-opacity":"","overlay-gradient":""},"tablet":{"background-color":"var(--ast-global-color-5)","background-image":"","background-repeat":"repeat","background-position":"center center","background-size":"auto","background-attachment":"scroll","background-type":"","background-media":"","overlay-type":"","overlay-color":"","overlay-opacity":"","overlay-gradient":""},"mobile":{"background-color":"var(--ast-global-color-5)","background-image":"","background-repeat":"repeat","background-position":"center center","background-size":"auto","background-attachment":"scroll","background-type":"","background-media":"","overlay-type":"","overlay-color":"","overlay-opacity":"","overlay-gradient":""}},"iawp_total_views":7},"product_brand":[],"product_cat":[238,678],"product_tag":[],"class_list":{"0":"post-15642","1":"product","2":"type-product","3":"status-publish","4":"has-post-thumbnail","6":"product_cat-panel-mount","7":"product_cat-panel-mount-cables","8":"desktop-align-left","9":"tablet-align-left","10":"mobile-align-left","12":"first","13":"instock","14":"shipping-taxable","15":"purchasable","16":"product-type-simple"},"acf":[],"_links":{"self":[{"href":"https:\/\/www.fjpremium.com\/de\/wp-json\/wp\/v2\/product\/15642","targetHints":{"allow":["GET"]}}],"collection":[{"href":"https:\/\/www.fjpremium.com\/de\/wp-json\/wp\/v2\/product"}],"about":[{"href":"https:\/\/www.fjpremium.com\/de\/wp-json\/wp\/v2\/types\/product"}],"wp:featuredmedia":[{"embeddable":true,"href":"https:\/\/www.fjpremium.com\/de\/wp-json\/wp\/v2\/media\/15643"}],"wp:attachment":[{"href":"https:\/\/www.fjpremium.com\/de\/wp-json\/wp\/v2\/media?parent=15642"}],"wp:term":[{"taxonomy":"product_brand","embeddable":true,"href":"https:\/\/www.fjpremium.com\/de\/wp-json\/wp\/v2\/product_brand?post=15642"},{"taxonomy":"product_cat","embeddable":true,"href":"https:\/\/www.fjpremium.com\/de\/wp-json\/wp\/v2\/product_cat?post=15642"},{"taxonomy":"product_tag","embeddable":true,"href":"https:\/\/www.fjpremium.com\/de\/wp-json\/wp\/v2\/product_tag?post=15642"}],"curies":[{"name":"wp","href":"https:\/\/api.w.org\/{rel}","templated":true}]}}