{"id":15607,"date":"2020-08-06T10:29:14","date_gmt":"2020-08-06T02:29:14","guid":{"rendered":"https:\/\/www.fjpremium.com\/?post_type=product&#038;p=15607"},"modified":"2024-03-11T17:15:55","modified_gmt":"2024-03-11T09:15:55","slug":"farsince-45-degree-angle-hdmi-4k-female-to-hdmi-female-m3-screw-wall-mount-panel-mount-2-0-cable","status":"publish","type":"product","link":"https:\/\/www.fjpremium.com\/de\/product\/farsince-45-degree-angle-hdmi-4k-female-to-hdmi-female-m3-screw-wall-mount-panel-mount-2-0-cable\/","title":{"rendered":"45-Grad-Winkel-HDMI 4K-Buchse auf HDMI-Buchse-Panelmontagekabel"},"content":{"rendered":"<div>\n<div data-section=\"AliMagic-bcw1ko\" data-section-title=\"Product Description\" data-spm-anchor-id=\"a2700.wholesale.pronpeci14.i0.214a439biNrM2Y\">\n<p>Dieses sorgf\u00e4ltig konzipierte Kabel vereint zwei HDMI-Kabel f\u00fcr eine erstklassige Panel-Konnektivit\u00e4t. Das innovativ abgewinkelte Design erm\u00f6glicht eine nahtlose, hochwertige Display-Schnittstelle von jeder sicher verschlossenen Quelle.<\/p>\n<p>Au\u00dferdem ist er kompakt und robust und gew\u00e4hrleistet minimale Signalverluste, w\u00e4hrend er eine Videoaufl\u00f6sung von bis zu 4K*2K@50\/60 (2160p) unterst\u00fctzt.<\/p>\n<p>Hochwertige Materialien und eine fachm\u00e4nnische Konstruktion tragen zu seiner dauerhaften Leistung bei.<\/p>\n<p>Das Kabel verf\u00fcgt \u00fcber eine vollst\u00e4ndige Abschirmung f\u00fcr vollst\u00e4ndige EMI\/RFI-St\u00f6rfestigkeit, und die 24-K-vergoldeten Steckverbinder sorgen f\u00fcr eine hervorragende Signal\u00fcbertragung.<\/p>\n<p>Dar\u00fcber hinaus entspricht es den Industriestandards und wird durch die zweij\u00e4hrige Garantie von FARSINCE unterst\u00fctzt.<\/p>\n<p>Entscheiden Sie sich daher f\u00fcr unser 45-Grad-Winkelkabel f\u00fcr die Schalttafelmontage, um au\u00dfergew\u00f6hnliche Qualit\u00e4t und innovative Installationsoptionen zu erhalten.<\/p>\n<\/div>\n<\/div>","protected":false},"excerpt":{"rendered":"<p>Tauchen Sie ein in eine \u00fcberragende 4K-Konnektivit\u00e4t mit dem 45-Grad-Winkel-HDMI-4K-Buchse-zu-Buchse-Kabel von FARSINCE, das minimale Signalverluste, hohe Bandbreite und mehrere Montageoptionen gew\u00e4hrleistet.<\/p>","protected":false},"featured_media":15622,"template":"","meta":{"_acf_changed":false,"_seopress_robots_primary_cat":"","_seopress_titles_title":"HDMI 4K Female to HDMI Female Panel Mount Cable - Farsince","_seopress_titles_desc":"Dive into superior 4K connectivity with FARSINCE&#039;s panel mount cable, ensuring minimal signal loss, high bandwidth, and multiple mounting options. ","_seopress_robots_index":"","site-sidebar-layout":"default","site-content-layout":"default","ast-site-content-layout":"default","site-content-style":"default","site-sidebar-style":"default","ast-global-header-display":"","ast-banner-title-visibility":"","ast-main-header-display":"","ast-hfb-above-header-display":"","ast-hfb-below-header-display":"","ast-hfb-mobile-header-display":"","site-post-title":"","ast-breadcrumbs-content":"","ast-featured-img":"","footer-sml-layout":"","ast-disable-related-posts":"","theme-transparent-header-meta":"default","adv-header-id-meta":"","stick-header-meta":"","header-above-stick-meta":"","header-main-stick-meta":"","header-below-stick-meta":"","astra-migrate-meta-layouts":"set","ast-page-background-enabled":"default","ast-page-background-meta":{"desktop":{"background-color":"","background-image":"","background-repeat":"repeat","background-position":"center center","background-size":"auto","background-attachment":"scroll","background-type":"","background-media":"","overlay-type":"","overlay-color":"","overlay-opacity":"","overlay-gradient":""},"tablet":{"background-color":"","background-image":"","background-repeat":"repeat","background-position":"center center","background-size":"auto","background-attachment":"scroll","background-type":"","background-media":"","overlay-type":"","overlay-color":"","overlay-opacity":"","overlay-gradient":""},"mobile":{"background-color":"","background-image":"","background-repeat":"repeat","background-position":"center center","background-size":"auto","background-attachment":"scroll","background-type":"","background-media":"","overlay-type":"","overlay-color":"","overlay-opacity":"","overlay-gradient":""}},"ast-content-background-meta":{"desktop":{"background-color":"var(--ast-global-color-5)","background-image":"","background-repeat":"repeat","background-position":"center center","background-size":"auto","background-attachment":"scroll","background-type":"","background-media":"","overlay-type":"","overlay-color":"","overlay-opacity":"","overlay-gradient":""},"tablet":{"background-color":"var(--ast-global-color-5)","background-image":"","background-repeat":"repeat","background-position":"center center","background-size":"auto","background-attachment":"scroll","background-type":"","background-media":"","overlay-type":"","overlay-color":"","overlay-opacity":"","overlay-gradient":""},"mobile":{"background-color":"var(--ast-global-color-5)","background-image":"","background-repeat":"repeat","background-position":"center center","background-size":"auto","background-attachment":"scroll","background-type":"","background-media":"","overlay-type":"","overlay-color":"","overlay-opacity":"","overlay-gradient":""}},"iawp_total_views":5},"product_brand":[],"product_cat":[238,678],"product_tag":[],"class_list":{"0":"post-15607","1":"product","2":"type-product","3":"status-publish","4":"has-post-thumbnail","6":"product_cat-panel-mount","7":"product_cat-panel-mount-cables","8":"desktop-align-left","9":"tablet-align-left","10":"mobile-align-left","12":"first","13":"instock","14":"shipping-taxable","15":"purchasable","16":"product-type-simple"},"acf":[],"_links":{"self":[{"href":"https:\/\/www.fjpremium.com\/de\/wp-json\/wp\/v2\/product\/15607","targetHints":{"allow":["GET"]}}],"collection":[{"href":"https:\/\/www.fjpremium.com\/de\/wp-json\/wp\/v2\/product"}],"about":[{"href":"https:\/\/www.fjpremium.com\/de\/wp-json\/wp\/v2\/types\/product"}],"wp:featuredmedia":[{"embeddable":true,"href":"https:\/\/www.fjpremium.com\/de\/wp-json\/wp\/v2\/media\/15622"}],"wp:attachment":[{"href":"https:\/\/www.fjpremium.com\/de\/wp-json\/wp\/v2\/media?parent=15607"}],"wp:term":[{"taxonomy":"product_brand","embeddable":true,"href":"https:\/\/www.fjpremium.com\/de\/wp-json\/wp\/v2\/product_brand?post=15607"},{"taxonomy":"product_cat","embeddable":true,"href":"https:\/\/www.fjpremium.com\/de\/wp-json\/wp\/v2\/product_cat?post=15607"},{"taxonomy":"product_tag","embeddable":true,"href":"https:\/\/www.fjpremium.com\/de\/wp-json\/wp\/v2\/product_tag?post=15607"}],"curies":[{"name":"wp","href":"https:\/\/api.w.org\/{rel}","templated":true}]}}