{"id":15605,"date":"2020-08-06T10:29:12","date_gmt":"2020-08-06T02:29:12","guid":{"rendered":"https:\/\/www.fjpremium.com\/?post_type=product&#038;p=15605"},"modified":"2024-03-11T16:48:46","modified_gmt":"2024-03-11T08:48:46","slug":"farsince-hdmi-4k-female-to-hdmi-female-m3-screw-wall-mount-panel-mount-2-0-cable-female-socket-metal-exposed","status":"publish","type":"product","link":"https:\/\/www.fjpremium.com\/de\/product\/farsince-hdmi-4k-female-to-hdmi-female-m3-screw-wall-mount-panel-mount-2-0-cable-female-socket-metal-exposed\/","title":{"rendered":"Buchse zu Buchse HDMI-Kabel Buchse Metall freiliegend"},"content":{"rendered":"<div>\n<div data-section=\"AliMagic-e2mbdi\" data-section-title=\"Product Description\" data-spm-anchor-id=\"a2700.wholesale.pronpeci14.i0.12497ea6b9m5ly\">\n<p>Mit einem einzigartigen Design, das zwei HDMI-Kabel durch eine Platte verbindet, gew\u00e4hrleistet dieses Kabel eine sichere und zuverl\u00e4ssige Verbindung, die speziell zur Reduzierung von Signalverlusten optimiert wurde.<\/p>\n<p>Der weibliche Metallsockel liegt frei, wodurch er leicht zug\u00e4nglich ist und besser in der Hand liegt.<\/p>\n<p>Durch die Verwendung von hochwertigen Kupferleitern und einer umfassenden Abschirmung, einschlie\u00dflich Aluminiumfolie, Geflecht, Metallabschirmung und Kupferfolie, wird ein Schutz gegen EMI\/RFI-Interferenzen gew\u00e4hrleistet.<\/p>\n<p>Vergoldete 24-K-Anschl\u00fcsse erleichtern die hervorragende Signal\u00fcbertragung und erm\u00f6glichen Videoaufl\u00f6sungen von bis zu 4K*2K@50\/60(2160p).<\/p>\n<p>Das goldfarbene Kabel hat eine L\u00e4nge von 30 cm und ist mit einem haltbaren PVC-Mantel ummantelt. Es ist in einem PE-Beutel verpackt, entspricht den HDMI ATC-, ROHS- und REACH-Zulassungen und wir bieten eine 2-Jahres-Garantie, um die Qualit\u00e4t zu gew\u00e4hrleisten.<\/p>\n<p>Kurzum, kontaktieren Sie uns noch heute und investieren Sie in unser HDMI-Kabel von Buchse zu Buchse.<\/p>\n<\/div>\n<\/div>","protected":false},"excerpt":{"rendered":"<p>Wir pr\u00e4sentieren das FARSINCE HDMI-Kabel von Buchse zu Buchse, das fachm\u00e4nnisch f\u00fcr minimalen Signalverlust gefertigt wurde, 4K*2K@50\/60(2160p) Aufl\u00f6sungen unterst\u00fctzt und umfassenden Schutz vor EMI\/RFI-Interferenzen bietet.<\/p>","protected":false},"featured_media":15609,"template":"","meta":{"_acf_changed":false,"_seopress_robots_primary_cat":"","_seopress_titles_title":"Best Female to Female HDMI Cable - Farsince","_seopress_titles_desc":"Presenting our female to female HDMI cable, expertly crafted for minimal signal loss, supporting 4K*2K@50\/60(2160p) resolutions.\n","_seopress_robots_index":"","site-sidebar-layout":"default","site-content-layout":"default","ast-site-content-layout":"default","site-content-style":"default","site-sidebar-style":"default","ast-global-header-display":"","ast-banner-title-visibility":"","ast-main-header-display":"","ast-hfb-above-header-display":"","ast-hfb-below-header-display":"","ast-hfb-mobile-header-display":"","site-post-title":"","ast-breadcrumbs-content":"","ast-featured-img":"","footer-sml-layout":"","ast-disable-related-posts":"","theme-transparent-header-meta":"default","adv-header-id-meta":"","stick-header-meta":"","header-above-stick-meta":"","header-main-stick-meta":"","header-below-stick-meta":"","astra-migrate-meta-layouts":"set","ast-page-background-enabled":"default","ast-page-background-meta":{"desktop":{"background-color":"","background-image":"","background-repeat":"repeat","background-position":"center center","background-size":"auto","background-attachment":"scroll","background-type":"","background-media":"","overlay-type":"","overlay-color":"","overlay-opacity":"","overlay-gradient":""},"tablet":{"background-color":"","background-image":"","background-repeat":"repeat","background-position":"center center","background-size":"auto","background-attachment":"scroll","background-type":"","background-media":"","overlay-type":"","overlay-color":"","overlay-opacity":"","overlay-gradient":""},"mobile":{"background-color":"","background-image":"","background-repeat":"repeat","background-position":"center center","background-size":"auto","background-attachment":"scroll","background-type":"","background-media":"","overlay-type":"","overlay-color":"","overlay-opacity":"","overlay-gradient":""}},"ast-content-background-meta":{"desktop":{"background-color":"var(--ast-global-color-5)","background-image":"","background-repeat":"repeat","background-position":"center center","background-size":"auto","background-attachment":"scroll","background-type":"","background-media":"","overlay-type":"","overlay-color":"","overlay-opacity":"","overlay-gradient":""},"tablet":{"background-color":"var(--ast-global-color-5)","background-image":"","background-repeat":"repeat","background-position":"center center","background-size":"auto","background-attachment":"scroll","background-type":"","background-media":"","overlay-type":"","overlay-color":"","overlay-opacity":"","overlay-gradient":""},"mobile":{"background-color":"var(--ast-global-color-5)","background-image":"","background-repeat":"repeat","background-position":"center center","background-size":"auto","background-attachment":"scroll","background-type":"","background-media":"","overlay-type":"","overlay-color":"","overlay-opacity":"","overlay-gradient":""}},"iawp_total_views":5},"product_brand":[],"product_cat":[238,678],"product_tag":[],"class_list":{"0":"post-15605","1":"product","2":"type-product","3":"status-publish","4":"has-post-thumbnail","6":"product_cat-panel-mount","7":"product_cat-panel-mount-cables","8":"desktop-align-left","9":"tablet-align-left","10":"mobile-align-left","12":"first","13":"instock","14":"shipping-taxable","15":"purchasable","16":"product-type-simple"},"acf":[],"_links":{"self":[{"href":"https:\/\/www.fjpremium.com\/de\/wp-json\/wp\/v2\/product\/15605","targetHints":{"allow":["GET"]}}],"collection":[{"href":"https:\/\/www.fjpremium.com\/de\/wp-json\/wp\/v2\/product"}],"about":[{"href":"https:\/\/www.fjpremium.com\/de\/wp-json\/wp\/v2\/types\/product"}],"wp:featuredmedia":[{"embeddable":true,"href":"https:\/\/www.fjpremium.com\/de\/wp-json\/wp\/v2\/media\/15609"}],"wp:attachment":[{"href":"https:\/\/www.fjpremium.com\/de\/wp-json\/wp\/v2\/media?parent=15605"}],"wp:term":[{"taxonomy":"product_brand","embeddable":true,"href":"https:\/\/www.fjpremium.com\/de\/wp-json\/wp\/v2\/product_brand?post=15605"},{"taxonomy":"product_cat","embeddable":true,"href":"https:\/\/www.fjpremium.com\/de\/wp-json\/wp\/v2\/product_cat?post=15605"},{"taxonomy":"product_tag","embeddable":true,"href":"https:\/\/www.fjpremium.com\/de\/wp-json\/wp\/v2\/product_tag?post=15605"}],"curies":[{"name":"wp","href":"https:\/\/api.w.org\/{rel}","templated":true}]}}