{"id":15564,"date":"2020-08-06T10:09:31","date_gmt":"2020-08-06T02:09:31","guid":{"rendered":"https:\/\/www.fjpremium.com\/?post_type=product&#038;p=15564"},"modified":"2023-12-14T13:52:22","modified_gmt":"2023-12-14T05:52:22","slug":"farsince-hdmi-male-to-composite-3-rca-video-audio-av-converter-cable-adapter-6-5ft-2m-with-best-price-support-1080p","status":"publish","type":"product","link":"https:\/\/www.fjpremium.com\/de\/product\/farsince-hdmi-male-to-composite-3-rca-video-audio-av-converter-cable-adapter-6-5ft-2m-with-best-price-support-1080p\/","title":{"rendered":"1080P HDMI auf 3 RCA Video Audio Konverter Kabel Adapter 6.5ft\/2m"},"content":{"rendered":"<p>Das 6.5ft\/2m Tool ist Ihre L\u00f6sung, um neue HDMI-Ger\u00e4te mit \u00e4lteren TVs\/Displays zu verbinden. Es ist mit einem eingebauten HDMI-zu-AV-Chipsatz ausgestattet und wandelt HDMI-Signale problemlos in analoge RCA-Signale f\u00fcr AV-Ger\u00e4te um.<\/p>\n<p>Er ist mit HDMI 1.3 kompatibel und unterst\u00fctzt Eing\u00e4nge von 480i bis 1080P und sorgt f\u00fcr eine perfekte Synchronisierung von Audio und Video.<\/p>\n<p>Mit der Unterst\u00fctzung von NTSC- und PAL-Formaten ist dies eine All-in-One-Kabell\u00f6sung, die zus\u00e4tzliche Kabel \u00fcberfl\u00fcssig macht.<\/p>\n<p>Seine Spezifikationen:<\/p>\n<ul>\n<li>RCA-Farben: Rot\/Wei\u00df f\u00fcr Stereo-Ton, Gelb f\u00fcr Video<\/li>\n<li>Adapter Geh\u00e4use: ABS-Schale<\/li>\n<li>Kabel-Leiter: Blanke Kupfer<\/li>\n<li>Mantel: PVC<\/li>\n<li>OD: 4.7MM<\/li>\n<li>Aufl\u00f6sung: 1920*1080@60Hz<\/li>\n<li>Konform: RoHS<\/li>\n<li>Verpackung: Rei\u00dfverschlussbeutel<\/li>\n<li>Garantie: 2 Jahre<\/li>\n<\/ul>\n<p>Bitte beachten Sie au\u00dferdem, dass er eine 5V\/1A USB-Stromversorgung ben\u00f6tigt und kein 3D unterst\u00fctzt. Kontaktieren Sie uns daher noch heute und bestellen Sie unseren HDMI auf 3 RCA Video Audio Konverter Kabeladapter.<\/p>\n<p>&nbsp;<\/p>\n<p><strong>Paketinhalt:<\/strong><\/p>\n<ul>\n<li>HDMI auf 3 RCA digital AV Konverter Kabel 2m x 1Stk<\/li>\n<li>Benutzerhandbuch<\/li>\n<\/ul>","protected":false},"excerpt":{"rendered":"<p>Profitieren Sie von der Vielseitigkeit des 1080P HDMI-auf-3-RCA-Video-Audio-Konverterkabeladapters von FARSINCE, der eine nahtlose Konvertierung von digitalen in analoge Signale, synchronisiertes Audio-Video und Unterst\u00fctzung f\u00fcr zwei TV-Formate verspricht.<\/p>","protected":false},"featured_media":16553,"template":"","meta":{"_acf_changed":false,"_seopress_robots_primary_cat":"","_seopress_titles_title":"HDMI to 3 RCA Video Audio Converter Cable Adapter - Farsince","_seopress_titles_desc":"Embrace the power of versatility with this 1080P HDMI to 3 RCA video audio converter cable adapter, promising seamless conversion from digital to analog signals","_seopress_robots_index":"","site-sidebar-layout":"default","site-content-layout":"default","ast-site-content-layout":"default","site-content-style":"default","site-sidebar-style":"default","ast-global-header-display":"","ast-banner-title-visibility":"","ast-main-header-display":"","ast-hfb-above-header-display":"","ast-hfb-below-header-display":"","ast-hfb-mobile-header-display":"","site-post-title":"","ast-breadcrumbs-content":"","ast-featured-img":"","footer-sml-layout":"","ast-disable-related-posts":"","theme-transparent-header-meta":"default","adv-header-id-meta":"","stick-header-meta":"","header-above-stick-meta":"","header-main-stick-meta":"","header-below-stick-meta":"","astra-migrate-meta-layouts":"set","ast-page-background-enabled":"default","ast-page-background-meta":{"desktop":{"background-color":"","background-image":"","background-repeat":"repeat","background-position":"center center","background-size":"auto","background-attachment":"scroll","background-type":"","background-media":"","overlay-type":"","overlay-color":"","overlay-opacity":"","overlay-gradient":""},"tablet":{"background-color":"","background-image":"","background-repeat":"repeat","background-position":"center center","background-size":"auto","background-attachment":"scroll","background-type":"","background-media":"","overlay-type":"","overlay-color":"","overlay-opacity":"","overlay-gradient":""},"mobile":{"background-color":"","background-image":"","background-repeat":"repeat","background-position":"center center","background-size":"auto","background-attachment":"scroll","background-type":"","background-media":"","overlay-type":"","overlay-color":"","overlay-opacity":"","overlay-gradient":""}},"ast-content-background-meta":{"desktop":{"background-color":"var(--ast-global-color-5)","background-image":"","background-repeat":"repeat","background-position":"center center","background-size":"auto","background-attachment":"scroll","background-type":"","background-media":"","overlay-type":"","overlay-color":"","overlay-opacity":"","overlay-gradient":""},"tablet":{"background-color":"var(--ast-global-color-5)","background-image":"","background-repeat":"repeat","background-position":"center center","background-size":"auto","background-attachment":"scroll","background-type":"","background-media":"","overlay-type":"","overlay-color":"","overlay-opacity":"","overlay-gradient":""},"mobile":{"background-color":"var(--ast-global-color-5)","background-image":"","background-repeat":"repeat","background-position":"center center","background-size":"auto","background-attachment":"scroll","background-type":"","background-media":"","overlay-type":"","overlay-color":"","overlay-opacity":"","overlay-gradient":""}},"iawp_total_views":23},"product_brand":[],"product_cat":[211,638],"product_tag":[],"class_list":{"0":"post-15564","1":"product","2":"type-product","3":"status-publish","4":"has-post-thumbnail","6":"product_cat-hdmi","7":"product_cat-hdmi-cables","8":"desktop-align-left","9":"tablet-align-left","10":"mobile-align-left","12":"first","13":"instock","14":"shipping-taxable","15":"purchasable","16":"product-type-simple"},"acf":[],"_links":{"self":[{"href":"https:\/\/www.fjpremium.com\/de\/wp-json\/wp\/v2\/product\/15564","targetHints":{"allow":["GET"]}}],"collection":[{"href":"https:\/\/www.fjpremium.com\/de\/wp-json\/wp\/v2\/product"}],"about":[{"href":"https:\/\/www.fjpremium.com\/de\/wp-json\/wp\/v2\/types\/product"}],"wp:featuredmedia":[{"embeddable":true,"href":"https:\/\/www.fjpremium.com\/de\/wp-json\/wp\/v2\/media\/16553"}],"wp:attachment":[{"href":"https:\/\/www.fjpremium.com\/de\/wp-json\/wp\/v2\/media?parent=15564"}],"wp:term":[{"taxonomy":"product_brand","embeddable":true,"href":"https:\/\/www.fjpremium.com\/de\/wp-json\/wp\/v2\/product_brand?post=15564"},{"taxonomy":"product_cat","embeddable":true,"href":"https:\/\/www.fjpremium.com\/de\/wp-json\/wp\/v2\/product_cat?post=15564"},{"taxonomy":"product_tag","embeddable":true,"href":"https:\/\/www.fjpremium.com\/de\/wp-json\/wp\/v2\/product_tag?post=15564"}],"curies":[{"name":"wp","href":"https:\/\/api.w.org\/{rel}","templated":true}]}}