{"id":15556,"date":"2020-08-06T10:02:07","date_gmt":"2020-08-06T02:02:07","guid":{"rendered":"https:\/\/www.fjpremium.com\/?post_type=product&#038;p=15556"},"modified":"2024-03-13T09:42:29","modified_gmt":"2024-03-13T01:42:29","slug":"usb-2-0-micro-usb-male-connector-to-micro-usb-b-female-connector-panel-mount-extension-data-cable-0-3m","status":"publish","type":"product","link":"https:\/\/www.fjpremium.com\/de\/product\/usb-2-0-micro-usb-male-connector-to-micro-usb-b-female-connector-panel-mount-extension-data-cable-0-3m\/","title":{"rendered":"USB 2.0 Micro-USB-Stecker Stecker auf Buchse Panel Mount Verl\u00e4ngerung Datenkabel 0,3m"},"content":{"rendered":"<div data-section=\"AliMagic-qdfe3x\" data-section-title=\"Product Description\" data-spm-anchor-id=\"a2700.wholesale.pronpeci14.i0.115b519aAiJ4va\">\n<p>Dieser Stecker bietet die perfekte L\u00f6sung f\u00fcr die Kombination von zwei Micro-USB-Kabeln und erm\u00f6glicht eine sichere Verbindung \u00fcber ein Panel.<\/p>\n<p>Seine kurze L\u00e4nge und sein innovatives Design sorgen f\u00fcr minimale Signalverluste und garantieren eine optimale Leistung. Au\u00dferdem bietet es eine hohe \u00dcbertragungsrate von bis zu 480 Mbit\/s, was eine schnelle und effiziente Daten\u00fcbertragung gew\u00e4hrleistet.<\/p>\n<p>Der USB 2.0 Micro-USB-Anschluss l\u00e4sst sich leicht an jedes USB-Ger\u00e4t anschlie\u00dfen und bietet Flexibilit\u00e4t und Komfort.<\/p>\n<p>Die Konstruktion mit Folien- und Geflechtabschirmung bietet vollst\u00e4ndige Immunit\u00e4t gegen EMI\/RFI-Interferenzen und gew\u00e4hrleistet eine zuverl\u00e4ssige und fehlerfreie Daten\u00fcbertragung.<\/p>\n<p>Die Twisted-Pair-Konstruktion reduziert zudem das \u00dcbersprechen und gew\u00e4hrleistet eine schnelle und pr\u00e4zise \u00dcbertragung.<\/p>\n<p>Au\u00dferdem wird jedes Kabel gr\u00fcndlich getestet, um den Industriestandards zu entsprechen und eine hervorragende Leistung zu bieten. Wenden Sie sich daher noch heute an uns und erweitern Sie damit Ihre Anschlussm\u00f6glichkeiten.<\/p>\n<\/div>\n<div data-section=\"AliMagic-qdfe3x\" data-section-title=\"Product Description\" data-spm-anchor-id=\"a2700.wholesale.pronpeci14.i0.115b519aAiJ4va\"><\/div>\n<div id=\"ali-anchor-AliMagic-qdfe3x\" class=\"magic-0\" data-section=\"AliMagic-qdfe3x\" data-section-title=\"Product Description\" data-spm-anchor-id=\"a2700.wholesale.pronpeci14.i0.115b519aAiJ4va\"><strong>Beschreibung des Produkts<\/strong><\/div>\n<div class=\"ife-detail-decorate-table\">\n<table class=\"all magic-4\">\n<tbody>\n<tr>\n<td colspan=\"1\" rowspan=\"1\">Lieferfrist<\/td>\n<td colspan=\"1\" rowspan=\"1\">3-10 Tage<\/td>\n<\/tr>\n<tr>\n<td colspan=\"1\" rowspan=\"1\">Kabel-Spezifikation<\/td>\n<td colspan=\"1\" rowspan=\"1\">28AWG Kupfer,<\/td>\n<\/tr>\n<tr>\n<td colspan=\"1\" rowspan=\"1\">\n<div class=\"magic-8\">Anschluss 1<\/div>\n<\/td>\n<td colspan=\"1\" rowspan=\"1\">\n<div class=\"magic-9\">\n<div class=\"magic-9\">Micro USB B Stecker, vernickelt<\/div>\n<\/div>\n<\/td>\n<\/tr>\n<tr>\n<td colspan=\"1\" rowspan=\"1\">\n<div class=\"magic-5\">Anschluss 1<\/div>\n<\/td>\n<td colspan=\"1\" rowspan=\"1\">\n<div class=\"magic-7\">\n<div class=\"magic-9\">Micro USB B Buchse mit Schraube, vernickelt<\/div>\n<\/div>\n<\/td>\n<\/tr>\n<tr>\n<td colspan=\"1\" rowspan=\"1\">Schraube\/Mutter<\/td>\n<td colspan=\"1\" rowspan=\"1\">M3<\/td>\n<\/tr>\n<tr>\n<td colspan=\"1\" rowspan=\"1\">\n<div class=\"magic-8\">Abstand zwischen den L\u00f6chern<\/div>\n<\/td>\n<td colspan=\"1\" rowspan=\"1\">\n<div class=\"magic-9\">A: 17MM, B: 27MM<\/div>\n<\/td>\n<\/tr>\n<tr>\n<td colspan=\"1\" rowspan=\"1\">\n<div class=\"magic-8\">L\u00e4nge<\/div>\n<\/td>\n<td colspan=\"1\" rowspan=\"1\">\n<div class=\"magic-9\">30cm<\/div>\n<\/td>\n<\/tr>\n<tr>\n<td colspan=\"1\" rowspan=\"1\">\n<div class=\"magic-8\">Paket<\/div>\n<\/td>\n<td colspan=\"1\" rowspan=\"1\">\n<div class=\"magic-9\">Wei\u00dfer Rei\u00dfverschlussbeutel<\/div>\n<\/td>\n<\/tr>\n<tr>\n<td colspan=\"1\" rowspan=\"1\">\n<div class=\"magic-8\">Zertifikat<\/div>\n<\/td>\n<td colspan=\"1\" rowspan=\"1\">\n<div class=\"magic-9\">RoHS<\/div>\n<\/td>\n<\/tr>\n<tr>\n<td colspan=\"1\" rowspan=\"1\">\n<div class=\"magic-5\">Garantie<\/div>\n<\/td>\n<td colspan=\"1\" rowspan=\"1\">\n<div class=\"magic-7\">2 Jahre<\/div>\n<\/td>\n<\/tr>\n<\/tbody>\n<\/table>\n<\/div>","protected":false},"excerpt":{"rendered":"<p>Entfesseln Sie die Macht der Konnektivit\u00e4t mit dem hochwertigen USB 2.0 Micro USB-Anschluss von Farsince, der zwei Micro USB-Kabel sicher \u00fcber ein Panel verbindet und so eine schnelle und fehlerfreie Daten\u00fcbertragung gew\u00e4hrleistet.<\/p>","protected":false},"featured_media":15561,"template":"","meta":{"_acf_changed":false,"_seopress_robots_primary_cat":"","_seopress_titles_title":"USB 2.0 Micro USB Connector Male to Female - Farsince","_seopress_titles_desc":"Unlock the power of connectivity with the Farsince high-quality USB 2.0 Micro USB connector, combining two Micro USB cables securely through a panel.","_seopress_robots_index":"","site-sidebar-layout":"default","site-content-layout":"default","ast-site-content-layout":"default","site-content-style":"default","site-sidebar-style":"default","ast-global-header-display":"","ast-banner-title-visibility":"","ast-main-header-display":"","ast-hfb-above-header-display":"","ast-hfb-below-header-display":"","ast-hfb-mobile-header-display":"","site-post-title":"","ast-breadcrumbs-content":"","ast-featured-img":"","footer-sml-layout":"","ast-disable-related-posts":"","theme-transparent-header-meta":"default","adv-header-id-meta":"","stick-header-meta":"","header-above-stick-meta":"","header-main-stick-meta":"","header-below-stick-meta":"","astra-migrate-meta-layouts":"set","ast-page-background-enabled":"default","ast-page-background-meta":{"desktop":{"background-color":"","background-image":"","background-repeat":"repeat","background-position":"center center","background-size":"auto","background-attachment":"scroll","background-type":"","background-media":"","overlay-type":"","overlay-color":"","overlay-opacity":"","overlay-gradient":""},"tablet":{"background-color":"","background-image":"","background-repeat":"repeat","background-position":"center center","background-size":"auto","background-attachment":"scroll","background-type":"","background-media":"","overlay-type":"","overlay-color":"","overlay-opacity":"","overlay-gradient":""},"mobile":{"background-color":"","background-image":"","background-repeat":"repeat","background-position":"center center","background-size":"auto","background-attachment":"scroll","background-type":"","background-media":"","overlay-type":"","overlay-color":"","overlay-opacity":"","overlay-gradient":""}},"ast-content-background-meta":{"desktop":{"background-color":"var(--ast-global-color-5)","background-image":"","background-repeat":"repeat","background-position":"center center","background-size":"auto","background-attachment":"scroll","background-type":"","background-media":"","overlay-type":"","overlay-color":"","overlay-opacity":"","overlay-gradient":""},"tablet":{"background-color":"var(--ast-global-color-5)","background-image":"","background-repeat":"repeat","background-position":"center center","background-size":"auto","background-attachment":"scroll","background-type":"","background-media":"","overlay-type":"","overlay-color":"","overlay-opacity":"","overlay-gradient":""},"mobile":{"background-color":"var(--ast-global-color-5)","background-image":"","background-repeat":"repeat","background-position":"center center","background-size":"auto","background-attachment":"scroll","background-type":"","background-media":"","overlay-type":"","overlay-color":"","overlay-opacity":"","overlay-gradient":""}},"iawp_total_views":7},"product_brand":[],"product_cat":[238,678],"product_tag":[],"class_list":{"0":"post-15556","1":"product","2":"type-product","3":"status-publish","4":"has-post-thumbnail","6":"product_cat-panel-mount","7":"product_cat-panel-mount-cables","8":"desktop-align-left","9":"tablet-align-left","10":"mobile-align-left","12":"first","13":"instock","14":"shipping-taxable","15":"purchasable","16":"product-type-simple"},"acf":[],"_links":{"self":[{"href":"https:\/\/www.fjpremium.com\/de\/wp-json\/wp\/v2\/product\/15556","targetHints":{"allow":["GET"]}}],"collection":[{"href":"https:\/\/www.fjpremium.com\/de\/wp-json\/wp\/v2\/product"}],"about":[{"href":"https:\/\/www.fjpremium.com\/de\/wp-json\/wp\/v2\/types\/product"}],"wp:featuredmedia":[{"embeddable":true,"href":"https:\/\/www.fjpremium.com\/de\/wp-json\/wp\/v2\/media\/15561"}],"wp:attachment":[{"href":"https:\/\/www.fjpremium.com\/de\/wp-json\/wp\/v2\/media?parent=15556"}],"wp:term":[{"taxonomy":"product_brand","embeddable":true,"href":"https:\/\/www.fjpremium.com\/de\/wp-json\/wp\/v2\/product_brand?post=15556"},{"taxonomy":"product_cat","embeddable":true,"href":"https:\/\/www.fjpremium.com\/de\/wp-json\/wp\/v2\/product_cat?post=15556"},{"taxonomy":"product_tag","embeddable":true,"href":"https:\/\/www.fjpremium.com\/de\/wp-json\/wp\/v2\/product_tag?post=15556"}],"curies":[{"name":"wp","href":"https:\/\/api.w.org\/{rel}","templated":true}]}}