{"id":15542,"date":"2020-10-06T09:51:44","date_gmt":"2020-10-06T01:51:44","guid":{"rendered":"https:\/\/www.fjpremium.com\/?post_type=product&#038;p=15542"},"modified":"2023-12-14T13:51:44","modified_gmt":"2023-12-14T05:51:44","slug":"best-emi-suppressor-high-speed-computer-cable-for-ps4-with-ethernet-ultra-hd-3d-4k60hz-2-0-hdmi-cable-gold-plated-1-5-meter","status":"publish","type":"product","link":"https:\/\/www.fjpremium.com\/de\/product\/best-emi-suppressor-high-speed-computer-cable-for-ps4-with-ethernet-ultra-hd-3d-4k60hz-2-0-hdmi-cable-gold-plated-1-5-meter\/","title":{"rendered":"Hot Selling Cables Best 4K 60hz HDMI Kabel mit Ethernet f\u00fcr 3D"},"content":{"rendered":"<p>Unser Kabel wurde zur Optimierung von Heimkino- oder Desktop-Audio-\/Videoanwendungen entwickelt und unterst\u00fctzt Hochgeschwindigkeits-HDMI-Funktionen, Ethernet-Konnektivit\u00e4t und 4K@60Hz-Aufl\u00f6sungen.<\/p>\n<p>Mit einer Bandbreite von bis zu 18 Gbit\/s liefert er ein hervorragend fl\u00fcssiges Video, das das 21:9-Kino-Seitenverh\u00e4ltnis ber\u00fccksichtigt. Seine Ethernet-F\u00e4higkeiten machen au\u00dferdem den Zugriff auf interaktive Online-Inhalte oder die Aktualisierung der Ger\u00e4te-Firmware einfach und erm\u00f6glichen den Anschluss mehrerer Ethernet-f\u00e4higer HDMI-Ger\u00e4te \u00fcber ein einziges Kabel.<\/p>\n<p>Dieses vielseitige 4K 60hz-HDMI-Kabel eignet sich auch f\u00fcr Netzwerk-Switch-Stacking mit kompatiblen Ger\u00e4ten.<\/p>\n<p>Mit einer 2-Jahres-Garantie und der Konformit\u00e4t mit RoHS und REACH verspricht es eine gleichbleibende, dem Industriestandard entsprechende Leistung.<\/p>\n<p>Seine Spezifikationen:<\/p>\n<ul>\n<li>Vergoldeter Kontakt, vergoldetes Geh\u00e4use<\/li>\n<li>Kabel-Leiter: Hochreines sauerstofffreies Kupfer<\/li>\n<li>Drahtst\u00e4rke: 30AWG(1-3M), 28\/30AWG(5M), 26\/28AWG(7.5-10m)<\/li>\n<li>Dreifach geschirmt: verdrillte AL-Folie, AL-Gesamtfolie, Geflecht<\/li>\n<li>Mantel: PVC<\/li>\n<\/ul>\n<p>Au\u00dferdem k\u00f6nnen Sie die Wirkung von Dolby\u00ae TrueHD und DTS-HD Master Audio\u2122 sp\u00fcren und die fein abgestimmte Synchronit\u00e4t von Audio und Video genie\u00dfen.<\/p>\n<p>Setzen Sie sich also noch heute mit uns in Verbindung und entscheiden Sie sich f\u00fcr lebendige, hochaufl\u00f6sende Multimedia-Inhalte.<\/p>","protected":false},"excerpt":{"rendered":"<p>Intensivieren Sie die Multimedia-Konnektivit\u00e4t mit dem 4K 60 Hz HDMI-Kabel von FARSINCE mit Videoqualit\u00e4t in Kinoqualit\u00e4t und nahtloser Audio-Video-Synchronisierung.<\/p>","protected":false},"featured_media":15549,"template":"","meta":{"_acf_changed":false,"_seopress_robots_primary_cat":"","_seopress_titles_title":"Best 4K 60hz HDMI Cable with Ethernet for 3D - Farsince","_seopress_titles_desc":"","_seopress_robots_index":"","site-sidebar-layout":"default","site-content-layout":"default","ast-site-content-layout":"default","site-content-style":"default","site-sidebar-style":"default","ast-global-header-display":"","ast-banner-title-visibility":"","ast-main-header-display":"","ast-hfb-above-header-display":"","ast-hfb-below-header-display":"","ast-hfb-mobile-header-display":"","site-post-title":"","ast-breadcrumbs-content":"","ast-featured-img":"","footer-sml-layout":"","ast-disable-related-posts":"","theme-transparent-header-meta":"default","adv-header-id-meta":"","stick-header-meta":"","header-above-stick-meta":"","header-main-stick-meta":"","header-below-stick-meta":"","astra-migrate-meta-layouts":"set","ast-page-background-enabled":"default","ast-page-background-meta":{"desktop":{"background-color":"","background-image":"","background-repeat":"repeat","background-position":"center center","background-size":"auto","background-attachment":"scroll","background-type":"","background-media":"","overlay-type":"","overlay-color":"","overlay-opacity":"","overlay-gradient":""},"tablet":{"background-color":"","background-image":"","background-repeat":"repeat","background-position":"center center","background-size":"auto","background-attachment":"scroll","background-type":"","background-media":"","overlay-type":"","overlay-color":"","overlay-opacity":"","overlay-gradient":""},"mobile":{"background-color":"","background-image":"","background-repeat":"repeat","background-position":"center center","background-size":"auto","background-attachment":"scroll","background-type":"","background-media":"","overlay-type":"","overlay-color":"","overlay-opacity":"","overlay-gradient":""}},"ast-content-background-meta":{"desktop":{"background-color":"var(--ast-global-color-5)","background-image":"","background-repeat":"repeat","background-position":"center center","background-size":"auto","background-attachment":"scroll","background-type":"","background-media":"","overlay-type":"","overlay-color":"","overlay-opacity":"","overlay-gradient":""},"tablet":{"background-color":"var(--ast-global-color-5)","background-image":"","background-repeat":"repeat","background-position":"center center","background-size":"auto","background-attachment":"scroll","background-type":"","background-media":"","overlay-type":"","overlay-color":"","overlay-opacity":"","overlay-gradient":""},"mobile":{"background-color":"var(--ast-global-color-5)","background-image":"","background-repeat":"repeat","background-position":"center center","background-size":"auto","background-attachment":"scroll","background-type":"","background-media":"","overlay-type":"","overlay-color":"","overlay-opacity":"","overlay-gradient":""}},"iawp_total_views":6},"product_brand":[],"product_cat":[211,638],"product_tag":[],"class_list":{"0":"post-15542","1":"product","2":"type-product","3":"status-publish","4":"has-post-thumbnail","6":"product_cat-hdmi","7":"product_cat-hdmi-cables","8":"desktop-align-left","9":"tablet-align-left","10":"mobile-align-left","12":"first","13":"instock","14":"shipping-taxable","15":"purchasable","16":"product-type-simple"},"acf":[],"_links":{"self":[{"href":"https:\/\/www.fjpremium.com\/de\/wp-json\/wp\/v2\/product\/15542","targetHints":{"allow":["GET"]}}],"collection":[{"href":"https:\/\/www.fjpremium.com\/de\/wp-json\/wp\/v2\/product"}],"about":[{"href":"https:\/\/www.fjpremium.com\/de\/wp-json\/wp\/v2\/types\/product"}],"wp:featuredmedia":[{"embeddable":true,"href":"https:\/\/www.fjpremium.com\/de\/wp-json\/wp\/v2\/media\/15549"}],"wp:attachment":[{"href":"https:\/\/www.fjpremium.com\/de\/wp-json\/wp\/v2\/media?parent=15542"}],"wp:term":[{"taxonomy":"product_brand","embeddable":true,"href":"https:\/\/www.fjpremium.com\/de\/wp-json\/wp\/v2\/product_brand?post=15542"},{"taxonomy":"product_cat","embeddable":true,"href":"https:\/\/www.fjpremium.com\/de\/wp-json\/wp\/v2\/product_cat?post=15542"},{"taxonomy":"product_tag","embeddable":true,"href":"https:\/\/www.fjpremium.com\/de\/wp-json\/wp\/v2\/product_tag?post=15542"}],"curies":[{"name":"wp","href":"https:\/\/api.w.org\/{rel}","templated":true}]}}