{"id":15541,"date":"2020-08-06T09:51:42","date_gmt":"2020-08-06T01:51:42","guid":{"rendered":"https:\/\/www.fjpremium.com\/?post_type=product&#038;p=15541"},"modified":"2024-03-15T11:30:21","modified_gmt":"2024-03-15T03:30:21","slug":"hdmi-2-0-panel-mount-coupler-adapter-female-to-female-hdmi-wall-mount-connector-short-body-gold-plated-connector-4k-3d","status":"publish","type":"product","link":"https:\/\/www.fjpremium.com\/de\/product\/hdmi-2-0-panel-mount-coupler-adapter-female-to-female-hdmi-wall-mount-connector-short-body-gold-plated-connector-4k-3d\/","title":{"rendered":"HDMI 2.0 Panel Mount Coupler Adapter Buchse auf Buchse HDMI Wall Connector Kurzer K\u00f6rper Vergoldeter Stecker 4K 3D"},"content":{"rendered":"<div data-section=\"AliMagic-yq8dvh\" data-section-title=\"Product Description\" data-spm-anchor-id=\"a2700.wholesale.pronpeci14.i0.72394306dxcRYq\">\n<p>Unser Anschluss ist die ideale L\u00f6sung f\u00fcr die Kombination von zwei HDMI-Kabeln und die Verbindung \u00fcber ein Panel. Jetzt k\u00f6nnen Sie m\u00fchelos Display-Konnektivit\u00e4t von einem sicheren Ort aus bereitstellen.<\/p>\n<p>Das sorgf\u00e4ltige Design dieses HDMI-Wandsteckers sorgt f\u00fcr minimale Signalverluste und garantiert eine optimale Leistung.<\/p>\n<p>Er unterst\u00fctzt beeindruckende Videoaufl\u00f6sungen von bis zu 4K*2K@50\/60 (2160p) und bietet atemberaubende Klarheit und lebendige Details.<\/p>\n<p>Die 24-k-vergoldeten Anschl\u00fcsse bieten eine hervorragende Signal\u00fcbertragung und sorgen f\u00fcr ein nahtloses und ununterbrochenes Fernseherlebnis.<\/p>\n<p>Jeder Steckverbinder wird gr\u00fcndlich getestet, um die Industrienormen zu erf\u00fcllen und eine zuverl\u00e4ssige Funktionalit\u00e4t zu gew\u00e4hrleisten.<\/p>\n<p>Au\u00dferdem k\u00f6nnen Sie sich auf unsere 2-Jahres-Garantie verlassen, die Ihnen ein H\u00f6chstma\u00df an Sicherheit bietet. Kontaktieren Sie uns also noch heute und bestellen Sie es.<\/p>\n<\/div>\n<div data-section=\"AliMagic-yq8dvh\" data-section-title=\"Product Description\" data-spm-anchor-id=\"a2700.wholesale.pronpeci14.i0.72394306dxcRYq\"><\/div>\n<div id=\"ali-anchor-AliMagic-yq8dvh\" class=\"magic-0\" data-section=\"AliMagic-yq8dvh\" data-section-title=\"Product Description\" data-spm-anchor-id=\"a2700.wholesale.pronpeci14.i0.72394306dxcRYq\"><strong>Beschreibung des Produkts<\/strong><\/div>\n<div class=\"ife-detail-decorate-table\">\n<table class=\"all magic-4\" style=\"height: 283px;\" width=\"780\">\n<tbody>\n<tr>\n<td colspan=\"1\" rowspan=\"1\">Lieferfrist<\/td>\n<td colspan=\"1\" rowspan=\"1\">7-10 Tage<\/td>\n<\/tr>\n<tr>\n<td colspan=\"1\" rowspan=\"1\">Anschluss 1<\/td>\n<td colspan=\"1\" rowspan=\"1\">HDMI-Buchse, vergoldet<\/td>\n<\/tr>\n<tr>\n<td colspan=\"1\" rowspan=\"1\"><span class=\"magic-6\" data-spm-anchor-id=\"a2700.siteadmin.0.i8.49fc3333DMAnrI\">Anschluss 2<\/span><\/td>\n<td colspan=\"1\" rowspan=\"1\">HDMI-Buchse, vergoldet<\/td>\n<\/tr>\n<tr>\n<td colspan=\"1\" rowspan=\"1\">L\u00e4nge<\/td>\n<td colspan=\"1\" rowspan=\"1\">Kuppler<\/td>\n<\/tr>\n<tr>\n<td colspan=\"1\" rowspan=\"1\">\n<div class=\"magic-8\">Zertifikat<\/div>\n<\/td>\n<td colspan=\"1\" rowspan=\"1\">\n<div class=\"magic-9\">\n<div class=\"magic-8\"><span style=\"font-size: 16px; font-family: inherit;\">RoHS<\/span><\/div>\n<\/div>\n<\/td>\n<\/tr>\n<\/tbody>\n<\/table>\n<\/div>","protected":false},"excerpt":{"rendered":"<p>Mit dem hochwertigen HDMI-Wandanschluss von FARSINCE erreichen Sie eine nahtlose Display-Konnektivit\u00e4t, die eine atemberaubende 4K*2K@50\/60 (2160p) Aufl\u00f6sung liefert.<\/p>","protected":false},"featured_media":15543,"template":"","meta":{"_acf_changed":false,"_seopress_robots_primary_cat":"","_seopress_titles_title":"Female to Female HDMI Wall Connector - Farsince","_seopress_titles_desc":"","_seopress_robots_index":"","site-sidebar-layout":"default","site-content-layout":"default","ast-site-content-layout":"default","site-content-style":"default","site-sidebar-style":"default","ast-global-header-display":"","ast-banner-title-visibility":"","ast-main-header-display":"","ast-hfb-above-header-display":"","ast-hfb-below-header-display":"","ast-hfb-mobile-header-display":"","site-post-title":"","ast-breadcrumbs-content":"","ast-featured-img":"","footer-sml-layout":"","ast-disable-related-posts":"","theme-transparent-header-meta":"default","adv-header-id-meta":"","stick-header-meta":"","header-above-stick-meta":"","header-main-stick-meta":"","header-below-stick-meta":"","astra-migrate-meta-layouts":"set","ast-page-background-enabled":"default","ast-page-background-meta":{"desktop":{"background-color":"","background-image":"","background-repeat":"repeat","background-position":"center center","background-size":"auto","background-attachment":"scroll","background-type":"","background-media":"","overlay-type":"","overlay-color":"","overlay-opacity":"","overlay-gradient":""},"tablet":{"background-color":"","background-image":"","background-repeat":"repeat","background-position":"center center","background-size":"auto","background-attachment":"scroll","background-type":"","background-media":"","overlay-type":"","overlay-color":"","overlay-opacity":"","overlay-gradient":""},"mobile":{"background-color":"","background-image":"","background-repeat":"repeat","background-position":"center center","background-size":"auto","background-attachment":"scroll","background-type":"","background-media":"","overlay-type":"","overlay-color":"","overlay-opacity":"","overlay-gradient":""}},"ast-content-background-meta":{"desktop":{"background-color":"var(--ast-global-color-5)","background-image":"","background-repeat":"repeat","background-position":"center center","background-size":"auto","background-attachment":"scroll","background-type":"","background-media":"","overlay-type":"","overlay-color":"","overlay-opacity":"","overlay-gradient":""},"tablet":{"background-color":"var(--ast-global-color-5)","background-image":"","background-repeat":"repeat","background-position":"center center","background-size":"auto","background-attachment":"scroll","background-type":"","background-media":"","overlay-type":"","overlay-color":"","overlay-opacity":"","overlay-gradient":""},"mobile":{"background-color":"var(--ast-global-color-5)","background-image":"","background-repeat":"repeat","background-position":"center center","background-size":"auto","background-attachment":"scroll","background-type":"","background-media":"","overlay-type":"","overlay-color":"","overlay-opacity":"","overlay-gradient":""}},"iawp_total_views":7},"product_brand":[],"product_cat":[238,679],"product_tag":[],"class_list":{"0":"post-15541","1":"product","2":"type-product","3":"status-publish","4":"has-post-thumbnail","6":"product_cat-panel-mount","7":"product_cat-panel-mount-couplers","8":"desktop-align-left","9":"tablet-align-left","10":"mobile-align-left","12":"first","13":"instock","14":"shipping-taxable","15":"purchasable","16":"product-type-simple"},"acf":[],"_links":{"self":[{"href":"https:\/\/www.fjpremium.com\/de\/wp-json\/wp\/v2\/product\/15541","targetHints":{"allow":["GET"]}}],"collection":[{"href":"https:\/\/www.fjpremium.com\/de\/wp-json\/wp\/v2\/product"}],"about":[{"href":"https:\/\/www.fjpremium.com\/de\/wp-json\/wp\/v2\/types\/product"}],"wp:featuredmedia":[{"embeddable":true,"href":"https:\/\/www.fjpremium.com\/de\/wp-json\/wp\/v2\/media\/15543"}],"wp:attachment":[{"href":"https:\/\/www.fjpremium.com\/de\/wp-json\/wp\/v2\/media?parent=15541"}],"wp:term":[{"taxonomy":"product_brand","embeddable":true,"href":"https:\/\/www.fjpremium.com\/de\/wp-json\/wp\/v2\/product_brand?post=15541"},{"taxonomy":"product_cat","embeddable":true,"href":"https:\/\/www.fjpremium.com\/de\/wp-json\/wp\/v2\/product_cat?post=15541"},{"taxonomy":"product_tag","embeddable":true,"href":"https:\/\/www.fjpremium.com\/de\/wp-json\/wp\/v2\/product_tag?post=15541"}],"curies":[{"name":"wp","href":"https:\/\/api.w.org\/{rel}","templated":true}]}}