{"id":15398,"date":"2020-05-29T15:06:34","date_gmt":"2020-05-29T07:06:34","guid":{"rendered":"https:\/\/www.fjpremium.com\/?post_type=product&#038;p=15398"},"modified":"2023-09-18T17:13:53","modified_gmt":"2023-09-18T09:13:53","slug":"usb-3-1-type-c-usb-c-to-3-port-usb-3-0-multi-port-hub-with-power-delivery","status":"publish","type":"product","link":"https:\/\/www.fjpremium.com\/de\/product\/usb-3-1-type-c-usb-c-to-3-port-usb-3-0-multi-port-hub-with-power-delivery\/","title":{"rendered":"USB 3.0 4 in 1 3 Port USB C Hub mit Power Delivery"},"content":{"rendered":"<p>Unser Hub erweitert die USB-Funktionen Ihres Ger\u00e4ts um drei zus\u00e4tzliche USB-A-Anschl\u00fcsse und l\u00e4dt gleichzeitig Ihr Ger\u00e4t auf. Mit einem symmetrischen USB-C-Anschluss bietet er ein m\u00fcheloses Einsteck-Erlebnis.<\/p>\n<p>Und mit einer Daten\u00fcbertragungsrate von bis zu 5 Gbit\/s ist eine schnelle und effiziente Daten\u00fcbertragung garantiert.<\/p>\n<p>Mit seiner Twisted-Pair-Konstruktion, die mit Aluminiumfolie abgeschirmt ist, verspricht dieser Hub eine schnelle, fehlerfreie Datenkommunikation. Und das leichte, kompakte Design ist ideal f\u00fcr den Transport.<\/p>\n<p>Seine Spezifikationen:<\/p>\n<ul>\n<li>Anschluss 1: USB Typ-C Stecker<\/li>\n<li>Anschluss 2: USB 3.0 Buchse x 3\/ USB Typ C Buchse<\/li>\n<li>Vergoldeter Kontakt, vernickeltes Geh\u00e4use<\/li>\n<li>Kabel-Leiter: Verzinntes Kupfer<\/li>\n<li>Isolierung: Gesch\u00e4umte PE-Haut\/HDPE<\/li>\n<li>Drahtst\u00e4rke: 32\/32\/26AWG<\/li>\n<li>Geh\u00e4use: ABS-Schale<\/li>\n<li>Mantel: PVC<\/li>\n<li>\u00c4u\u00dferer Durchmesser: 4,2\u00b10,2mm<\/li>\n<li>Einhaltung der Vorschriften: RoHS, REACH, CE<\/li>\n<\/ul>\n<p>Dar\u00fcber hinaus, streng getestet, um Industriestandards zu erf\u00fcllen, tr\u00e4gt es eine 2-Jahres-Garantie von Farsince. Zusammenfassend l\u00e4sst sich sagen, dass Sie uns noch heute kontaktieren und den USB-C-Hub mit Stromversorgung bestellen sollten.<\/p>","protected":false},"excerpt":{"rendered":"<p>Verwandeln Sie den einzelnen USB-C-Anschluss in mehrere mit dem hochwertigen USB 3.0 4-in-1-3-Port-USB-C-Hub mit Stromversorgung f\u00fcr schnelle Daten\u00fcbertragung, gleichzeitiges Laden und problemlose Verbindung.<\/p>","protected":false},"featured_media":15413,"template":"","meta":{"_acf_changed":false,"_seopress_robots_primary_cat":"","_seopress_titles_title":"3 Port USB C Hub with Power Delivery - Farsince","_seopress_titles_desc":"Transform the single USB-C port into multiple with the high-quality USB C hub with power delivery for fast data transfer and hassle-free connection.","_seopress_robots_index":"","site-sidebar-layout":"default","site-content-layout":"default","ast-site-content-layout":"default","site-content-style":"default","site-sidebar-style":"default","ast-global-header-display":"","ast-banner-title-visibility":"","ast-main-header-display":"","ast-hfb-above-header-display":"","ast-hfb-below-header-display":"","ast-hfb-mobile-header-display":"","site-post-title":"","ast-breadcrumbs-content":"","ast-featured-img":"","footer-sml-layout":"","ast-disable-related-posts":"","theme-transparent-header-meta":"default","adv-header-id-meta":"","stick-header-meta":"","header-above-stick-meta":"","header-main-stick-meta":"","header-below-stick-meta":"","astra-migrate-meta-layouts":"set","ast-page-background-enabled":"default","ast-page-background-meta":{"desktop":{"background-color":"","background-image":"","background-repeat":"repeat","background-position":"center center","background-size":"auto","background-attachment":"scroll","background-type":"","background-media":"","overlay-type":"","overlay-color":"","overlay-opacity":"","overlay-gradient":""},"tablet":{"background-color":"","background-image":"","background-repeat":"repeat","background-position":"center center","background-size":"auto","background-attachment":"scroll","background-type":"","background-media":"","overlay-type":"","overlay-color":"","overlay-opacity":"","overlay-gradient":""},"mobile":{"background-color":"","background-image":"","background-repeat":"repeat","background-position":"center center","background-size":"auto","background-attachment":"scroll","background-type":"","background-media":"","overlay-type":"","overlay-color":"","overlay-opacity":"","overlay-gradient":""}},"ast-content-background-meta":{"desktop":{"background-color":"var(--ast-global-color-5)","background-image":"","background-repeat":"repeat","background-position":"center center","background-size":"auto","background-attachment":"scroll","background-type":"","background-media":"","overlay-type":"","overlay-color":"","overlay-opacity":"","overlay-gradient":""},"tablet":{"background-color":"var(--ast-global-color-5)","background-image":"","background-repeat":"repeat","background-position":"center center","background-size":"auto","background-attachment":"scroll","background-type":"","background-media":"","overlay-type":"","overlay-color":"","overlay-opacity":"","overlay-gradient":""},"mobile":{"background-color":"var(--ast-global-color-5)","background-image":"","background-repeat":"repeat","background-position":"center center","background-size":"auto","background-attachment":"scroll","background-type":"","background-media":"","overlay-type":"","overlay-color":"","overlay-opacity":"","overlay-gradient":""}},"iawp_total_views":3},"product_brand":[],"product_cat":[222],"product_tag":[],"class_list":{"0":"post-15398","1":"product","2":"type-product","3":"status-publish","4":"has-post-thumbnail","6":"product_cat-usb-c-cables","7":"desktop-align-left","8":"tablet-align-left","9":"mobile-align-left","11":"first","12":"instock","13":"shipping-taxable","14":"purchasable","15":"product-type-simple"},"acf":[],"_links":{"self":[{"href":"https:\/\/www.fjpremium.com\/de\/wp-json\/wp\/v2\/product\/15398","targetHints":{"allow":["GET"]}}],"collection":[{"href":"https:\/\/www.fjpremium.com\/de\/wp-json\/wp\/v2\/product"}],"about":[{"href":"https:\/\/www.fjpremium.com\/de\/wp-json\/wp\/v2\/types\/product"}],"wp:featuredmedia":[{"embeddable":true,"href":"https:\/\/www.fjpremium.com\/de\/wp-json\/wp\/v2\/media\/15413"}],"wp:attachment":[{"href":"https:\/\/www.fjpremium.com\/de\/wp-json\/wp\/v2\/media?parent=15398"}],"wp:term":[{"taxonomy":"product_brand","embeddable":true,"href":"https:\/\/www.fjpremium.com\/de\/wp-json\/wp\/v2\/product_brand?post=15398"},{"taxonomy":"product_cat","embeddable":true,"href":"https:\/\/www.fjpremium.com\/de\/wp-json\/wp\/v2\/product_cat?post=15398"},{"taxonomy":"product_tag","embeddable":true,"href":"https:\/\/www.fjpremium.com\/de\/wp-json\/wp\/v2\/product_tag?post=15398"}],"curies":[{"name":"wp","href":"https:\/\/api.w.org\/{rel}","templated":true}]}}