{"id":15269,"date":"2020-05-29T14:21:45","date_gmt":"2020-05-29T06:21:45","guid":{"rendered":"https:\/\/www.fjpremium.com\/?post_type=product&#038;p=15269"},"modified":"2023-09-20T10:48:47","modified_gmt":"2023-09-20T02:48:47","slug":"usb-3-1-type-c-usb-c-male-to-dvi-d-dual-link-male-adapter-cable","status":"publish","type":"product","link":"https:\/\/www.fjpremium.com\/de\/product\/usb-3-1-type-c-usb-c-male-to-dvi-d-dual-link-male-adapter-cable\/","title":{"rendered":"Stecker auf Stecker Adapter USB C auf DVI Kabel"},"content":{"rendered":"<p>Das hochwertige Adapterkabel verbindet mit USB-C ausgestattete Ger\u00e4te wie Smartphones, Tablets und Computer mit jedem Display mit DVI-Eingang, wie HDTVs, Monitore oder Projektoren.<\/p>\n<p>Sie unterst\u00fctzt eine 1080P-Aufl\u00f6sung f\u00fcr hervorragende Videoqualit\u00e4t und verf\u00fcgt \u00fcber einen reversiblen USB-C-Anschluss.<\/p>\n<p>Unser USB-C-zu-DVI-Kabel ist robust abgeschirmt und enth\u00e4lt einen zuverl\u00e4ssigen RTD2171U-Chipsatz. Au\u00dferdem entspricht es den RoHS-, REACH- und CE-Normen.<\/p>\n<p>Seine Spezifikationen:<\/p>\n<ul>\n<li>Anschluss 1: USB Typ-C Stecker<\/li>\n<li>Anschluss 2: DVI-D Dual Link (24+1) Stecker<\/li>\n<li>Vergoldeter Kontakt, vergoldetes Geh\u00e4use<\/li>\n<li>Kabel-Leiter: Verzinntes Kupfer<\/li>\n<li>Isolierung: Gesch\u00e4umte PE-Haut\/HDPE<\/li>\n<li>Drahtst\u00e4rke: 32\/32\/26AWG<\/li>\n<li>Dreifach abgeschirmt: verdrilltes Paar aus Aluminiumfolie, Gesamtaluminiumfolie, Geflecht<\/li>\n<li>Geh\u00e4use: ABS-Schale<\/li>\n<li>Mantel: PVC<\/li>\n<li>\u00c4u\u00dferer Durchmesser: 4,5\u00b10,2mm<\/li>\n<\/ul>\n<p>Au\u00dferdem ist das Ger\u00e4t Plug-and-Play, erfordert keine Treiber, und kommt mit einer zweij\u00e4hrigen Garantie von Farsince. Abschlie\u00dfend, kontaktieren Sie uns heute und investieren in dieses Kabel.<\/p>","protected":false},"excerpt":{"rendered":"<p>Erleben Sie nahtlose Videoqualit\u00e4t mit dem USB-C-auf-DVI-Kabel von Farsince und schlie\u00dfen Sie jedes USB-C-Ger\u00e4t problemlos an DVI-Displays an.<\/p>","protected":false},"featured_media":16887,"template":"","meta":{"_acf_changed":false,"_seopress_robots_primary_cat":"","_seopress_titles_title":"Male to Male Adapter USB C to DVI Cable - FARSINCE","_seopress_titles_desc":"","_seopress_robots_index":"","site-sidebar-layout":"default","site-content-layout":"default","ast-site-content-layout":"default","site-content-style":"default","site-sidebar-style":"default","ast-global-header-display":"","ast-banner-title-visibility":"","ast-main-header-display":"","ast-hfb-above-header-display":"","ast-hfb-below-header-display":"","ast-hfb-mobile-header-display":"","site-post-title":"","ast-breadcrumbs-content":"","ast-featured-img":"","footer-sml-layout":"","ast-disable-related-posts":"","theme-transparent-header-meta":"default","adv-header-id-meta":"","stick-header-meta":"","header-above-stick-meta":"","header-main-stick-meta":"","header-below-stick-meta":"","astra-migrate-meta-layouts":"set","ast-page-background-enabled":"default","ast-page-background-meta":{"desktop":{"background-color":"","background-image":"","background-repeat":"repeat","background-position":"center center","background-size":"auto","background-attachment":"scroll","background-type":"","background-media":"","overlay-type":"","overlay-color":"","overlay-opacity":"","overlay-gradient":""},"tablet":{"background-color":"","background-image":"","background-repeat":"repeat","background-position":"center center","background-size":"auto","background-attachment":"scroll","background-type":"","background-media":"","overlay-type":"","overlay-color":"","overlay-opacity":"","overlay-gradient":""},"mobile":{"background-color":"","background-image":"","background-repeat":"repeat","background-position":"center center","background-size":"auto","background-attachment":"scroll","background-type":"","background-media":"","overlay-type":"","overlay-color":"","overlay-opacity":"","overlay-gradient":""}},"ast-content-background-meta":{"desktop":{"background-color":"var(--ast-global-color-5)","background-image":"","background-repeat":"repeat","background-position":"center center","background-size":"auto","background-attachment":"scroll","background-type":"","background-media":"","overlay-type":"","overlay-color":"","overlay-opacity":"","overlay-gradient":""},"tablet":{"background-color":"var(--ast-global-color-5)","background-image":"","background-repeat":"repeat","background-position":"center center","background-size":"auto","background-attachment":"scroll","background-type":"","background-media":"","overlay-type":"","overlay-color":"","overlay-opacity":"","overlay-gradient":""},"mobile":{"background-color":"var(--ast-global-color-5)","background-image":"","background-repeat":"repeat","background-position":"center center","background-size":"auto","background-attachment":"scroll","background-type":"","background-media":"","overlay-type":"","overlay-color":"","overlay-opacity":"","overlay-gradient":""}},"iawp_total_views":4},"product_brand":[],"product_cat":[222],"product_tag":[],"class_list":{"0":"post-15269","1":"product","2":"type-product","3":"status-publish","4":"has-post-thumbnail","6":"product_cat-usb-c-cables","7":"desktop-align-left","8":"tablet-align-left","9":"mobile-align-left","11":"first","12":"instock","13":"shipping-taxable","14":"purchasable","15":"product-type-simple"},"acf":[],"_links":{"self":[{"href":"https:\/\/www.fjpremium.com\/de\/wp-json\/wp\/v2\/product\/15269","targetHints":{"allow":["GET"]}}],"collection":[{"href":"https:\/\/www.fjpremium.com\/de\/wp-json\/wp\/v2\/product"}],"about":[{"href":"https:\/\/www.fjpremium.com\/de\/wp-json\/wp\/v2\/types\/product"}],"wp:featuredmedia":[{"embeddable":true,"href":"https:\/\/www.fjpremium.com\/de\/wp-json\/wp\/v2\/media\/16887"}],"wp:attachment":[{"href":"https:\/\/www.fjpremium.com\/de\/wp-json\/wp\/v2\/media?parent=15269"}],"wp:term":[{"taxonomy":"product_brand","embeddable":true,"href":"https:\/\/www.fjpremium.com\/de\/wp-json\/wp\/v2\/product_brand?post=15269"},{"taxonomy":"product_cat","embeddable":true,"href":"https:\/\/www.fjpremium.com\/de\/wp-json\/wp\/v2\/product_cat?post=15269"},{"taxonomy":"product_tag","embeddable":true,"href":"https:\/\/www.fjpremium.com\/de\/wp-json\/wp\/v2\/product_tag?post=15269"}],"curies":[{"name":"wp","href":"https:\/\/api.w.org\/{rel}","templated":true}]}}