{"id":15260,"date":"2020-05-29T14:17:12","date_gmt":"2020-05-29T06:17:12","guid":{"rendered":"https:\/\/www.fjpremium.com\/?post_type=product&#038;p=15260"},"modified":"2023-09-18T17:34:52","modified_gmt":"2023-09-18T09:34:52","slug":"usb-3-1-type-c-usb-c-male-to-hdmi-male-adapter-cable","status":"publish","type":"product","link":"https:\/\/www.fjpremium.com\/de\/product\/usb-3-1-type-c-usb-c-male-to-hdmi-male-adapter-cable\/","title":{"rendered":"Stecker auf Stecker Adapter, Typ C auf HDMI Kabel, bis zu 8K@60Hz"},"content":{"rendered":"<p>Das Adapterkabel USB 3.1 Typ C (USB-C) Stecker auf HDMI Stecker ist ein hochwertiges Produkt, das Ger\u00e4te mit einem USB Typ C Anschluss und Bildschirme mit einem HDMI Anschluss, wie HDTVs, Monitore und Projektoren verbindet.<\/p>\n<p>Er unterst\u00fctzt eine Aufl\u00f6sung von bis zu 8k@60Hz und liefert ein hochwertiges Videobild f\u00fcr ein immersives Seherlebnis. Au\u00dferdem ist der USB-Typ-C-Anschluss reversibel und symmetrisch, was den Verbindungsprozess vereinfacht.<\/p>\n<p>Unser Typ-C-auf-HDMI-Kabel besteht aus verzinntem Kupfer und ist dreifach mit Aluminiumfolie und -geflecht abgeschirmt, um ein zuverl\u00e4ssiges, st\u00f6rungsfreies Signal zu gew\u00e4hrleisten.<\/p>\n<p>Das Geh\u00e4use besteht aus haltbarem ABS oder Aluminium, und der Au\u00dfendurchmesser betr\u00e4gt 4,5\u00b10,2 mm.<\/p>\n<p>Seine Spezifikationen:<\/p>\n<ul>\n<li>Anschluss 1: USB Typ-C Stecker<\/li>\n<li>Anschluss 2: HDMI 19 Pin Stecker<\/li>\n<li>Vergoldeter Kontakt, vergoldetes Geh\u00e4use<\/li>\n<li>Kabel-Leiter: Verzinntes Kupfer<\/li>\n<li>Isolierung: Gesch\u00e4umte PE-Haut\/HDPE<\/li>\n<li>Drahtst\u00e4rke: 32\/32\/26AWG<\/li>\n<li>Chipsatz: RTD2171U oder AG9310 oder RTD2172U<\/li>\n<li>Mantel: PVC<\/li>\n<\/ul>\n<p>Au\u00dferdem ist es RoHS-, REACH- und CE-konform und wird mit einer 2-j\u00e4hrigen Garantie von Farsince geliefert. Daher kontaktieren Sie uns noch heute und bestellen Sie dieses Kabel.<\/p>","protected":false},"excerpt":{"rendered":"<p>Erleben Sie hochwertige Video\u00fcbertragung mit dem Farsince USB 3.1 Typ C zu HDMI Kabel, das eine 8K@60Hz Aufl\u00f6sung unterst\u00fctzt.<\/p>","protected":false},"featured_media":16869,"template":"","meta":{"_acf_changed":false,"_seopress_robots_primary_cat":"","_seopress_titles_title":"Male to Male Adapter, Type C to HDMI Cable - Farsince","_seopress_titles_desc":"","_seopress_robots_index":"","site-sidebar-layout":"default","site-content-layout":"default","ast-site-content-layout":"default","site-content-style":"default","site-sidebar-style":"default","ast-global-header-display":"","ast-banner-title-visibility":"","ast-main-header-display":"","ast-hfb-above-header-display":"","ast-hfb-below-header-display":"","ast-hfb-mobile-header-display":"","site-post-title":"","ast-breadcrumbs-content":"","ast-featured-img":"","footer-sml-layout":"","ast-disable-related-posts":"","theme-transparent-header-meta":"default","adv-header-id-meta":"","stick-header-meta":"","header-above-stick-meta":"","header-main-stick-meta":"","header-below-stick-meta":"","astra-migrate-meta-layouts":"set","ast-page-background-enabled":"default","ast-page-background-meta":{"desktop":{"background-color":"","background-image":"","background-repeat":"repeat","background-position":"center center","background-size":"auto","background-attachment":"scroll","background-type":"","background-media":"","overlay-type":"","overlay-color":"","overlay-opacity":"","overlay-gradient":""},"tablet":{"background-color":"","background-image":"","background-repeat":"repeat","background-position":"center center","background-size":"auto","background-attachment":"scroll","background-type":"","background-media":"","overlay-type":"","overlay-color":"","overlay-opacity":"","overlay-gradient":""},"mobile":{"background-color":"","background-image":"","background-repeat":"repeat","background-position":"center center","background-size":"auto","background-attachment":"scroll","background-type":"","background-media":"","overlay-type":"","overlay-color":"","overlay-opacity":"","overlay-gradient":""}},"ast-content-background-meta":{"desktop":{"background-color":"var(--ast-global-color-5)","background-image":"","background-repeat":"repeat","background-position":"center center","background-size":"auto","background-attachment":"scroll","background-type":"","background-media":"","overlay-type":"","overlay-color":"","overlay-opacity":"","overlay-gradient":""},"tablet":{"background-color":"var(--ast-global-color-5)","background-image":"","background-repeat":"repeat","background-position":"center center","background-size":"auto","background-attachment":"scroll","background-type":"","background-media":"","overlay-type":"","overlay-color":"","overlay-opacity":"","overlay-gradient":""},"mobile":{"background-color":"var(--ast-global-color-5)","background-image":"","background-repeat":"repeat","background-position":"center center","background-size":"auto","background-attachment":"scroll","background-type":"","background-media":"","overlay-type":"","overlay-color":"","overlay-opacity":"","overlay-gradient":""}},"iawp_total_views":2},"product_brand":[],"product_cat":[222],"product_tag":[],"class_list":{"0":"post-15260","1":"product","2":"type-product","3":"status-publish","4":"has-post-thumbnail","6":"product_cat-usb-c-cables","7":"desktop-align-left","8":"tablet-align-left","9":"mobile-align-left","11":"first","12":"instock","13":"shipping-taxable","14":"purchasable","15":"product-type-simple"},"acf":[],"_links":{"self":[{"href":"https:\/\/www.fjpremium.com\/de\/wp-json\/wp\/v2\/product\/15260","targetHints":{"allow":["GET"]}}],"collection":[{"href":"https:\/\/www.fjpremium.com\/de\/wp-json\/wp\/v2\/product"}],"about":[{"href":"https:\/\/www.fjpremium.com\/de\/wp-json\/wp\/v2\/types\/product"}],"wp:featuredmedia":[{"embeddable":true,"href":"https:\/\/www.fjpremium.com\/de\/wp-json\/wp\/v2\/media\/16869"}],"wp:attachment":[{"href":"https:\/\/www.fjpremium.com\/de\/wp-json\/wp\/v2\/media?parent=15260"}],"wp:term":[{"taxonomy":"product_brand","embeddable":true,"href":"https:\/\/www.fjpremium.com\/de\/wp-json\/wp\/v2\/product_brand?post=15260"},{"taxonomy":"product_cat","embeddable":true,"href":"https:\/\/www.fjpremium.com\/de\/wp-json\/wp\/v2\/product_cat?post=15260"},{"taxonomy":"product_tag","embeddable":true,"href":"https:\/\/www.fjpremium.com\/de\/wp-json\/wp\/v2\/product_tag?post=15260"}],"curies":[{"name":"wp","href":"https:\/\/api.w.org\/{rel}","templated":true}]}}