{"id":15185,"date":"2020-05-29T13:52:20","date_gmt":"2020-05-29T05:52:20","guid":{"rendered":"https:\/\/www.fjpremium.com\/?post_type=product&#038;p=15185"},"modified":"2023-12-14T13:56:51","modified_gmt":"2023-12-14T05:56:51","slug":"cat6a-s-ftp-shielded-twisted-4-pairs-patch-cable","status":"publish","type":"product","link":"https:\/\/www.fjpremium.com\/de\/product\/cat6a-s-ftp-shielded-twisted-4-pairs-patch-cable\/","title":{"rendered":"Schlankes Cat6 Cat6A Ethernet Kabel UTP RJ45 Netzwerkkabel"},"content":{"rendered":"<p>Unser Cat6A-Ethernet-Kabel ist f\u00fcr 1000 Base-T Gigabit Ethernet optimiert und erf\u00fcllt oder \u00fcbertrifft die Leistung der Kategorie 6\/6A gem\u00e4\u00df den Spezifikationen TIA\/EIA-568-C.2 und ISO\/IEC 11801.<\/p>\n<p>Es besteht aus hochwertigen blanken 28AWG-Kupferlitzen, die eine hervorragende Kabelleistung und die Einhaltung strenger Kommunikationsstandards gew\u00e4hrleisten.<\/p>\n<p>Und sein schlankes Design sorgt nicht nur f\u00fcr eine einfache Installation und Flexibilit\u00e4t, sondern auch f\u00fcr eine bessere Luftzirkulation in engen R\u00e4umen, wodurch er sich perfekt f\u00fcr dicht gepackte Rechenzentren eignet.<\/p>\n<p>Eines der wichtigsten Merkmale dieses Kabels ist seine vielseitige Anschlussm\u00f6glichkeit.<\/p>\n<p>Es eignet sich perfekt f\u00fcr den Anschluss verschiedener LAN-Netzwerkkomponenten wie PCs, Computerserver, Drucker, Router, Switchboxen, Netzwerk-Media-Player, NAS, VOIP-Telefone und POE-Ger\u00e4te.<\/p>\n<p>Seine hohe Bandbreite von bis zu 250 MHz und 500 MHz garantiert Hochgeschwindigkeitsdaten\u00fcbertragung f\u00fcr Serveranwendungen, Cloud Computing, Video\u00fcberwachung und hochaufl\u00f6sendes Online-Videostreaming.<\/p>\n<p>Unser Cat6A-Ethernetkabel verf\u00fcgt \u00fcber RJ45-Stecker mit vergoldeten Kontakten f\u00fcr optimale Signalleitf\u00e4higkeit.<\/p>\n<p>Die Steckverbinder verf\u00fcgen au\u00dferdem \u00fcber vergossene Zugentlastungsmanschetten und knickfreie Formen, die korrosionsbest\u00e4ndig und langlebig sind und eine sichere Verbindung gew\u00e4hrleisten.<\/p>\n<p>Au\u00dferdem ist das Kabel in verschiedenen Farben und L\u00e4ngen erh\u00e4ltlich, so dass Sie sich f\u00fcr das entscheiden k\u00f6nnen, was Ihren Netzwerkanforderungen am besten entspricht.<\/p>\n<p>Dar\u00fcber hinaus entspricht dieses Cat6A-Ethernet-Kabel der ROHS- und REACH-Richtlinie und gew\u00e4hrleistet somit Umweltfreundlichkeit und Sicherheit.<\/p>\n<p>Jedes Kabel wird strengstens mit einem Fluke-Testger\u00e4t gepr\u00fcft, um Leistung und Qualit\u00e4t zu garantieren.<\/p>\n<p>Seine Spezifikationen:<\/p>\n<ul>\n<li>Drahtst\u00e4rke: 28AWG 7\/0,12\u00b10,015mm<\/li>\n<li>Isolierung: HDPE<\/li>\n<li>Isolationsfarbe: Blau\/Wei\u00df, Blau; Orange\/Wei\u00df, Orange; Gr\u00fcn\/Wei\u00df, Gr\u00fcn; Braun\/Wei\u00df, Braun<\/li>\n<li>Abschirmung: Keine<\/li>\n<li>Geflecht: Keine<\/li>\n<li>Mantel: PVC<\/li>\n<li>\u00c4u\u00dferer Durchmesser: 3,8\u00b10,2mm<\/li>\n<\/ul>\n<p>Daher ist unser Kabel ideal, wenn Sie eine zuverl\u00e4ssige, schnelle und flexible Netzwerkverbindung f\u00fcr Ihr Zuhause oder Ihr B\u00fcro suchen.<\/p>\n<h2>Herunterladen:<\/h2>\n<ul>\n<li>Datenblatt f\u00fcr Cat6\/6A U\/UTP 28AWG slim ungeschirmt verdrillt 4 Paar Patchkabel<\/li>\n<\/ul>\n<h2>Informationen zur Bestellung:<\/h2>\n<p>FS17107-C6**-xxx: Cat6 U\/UTP slim ungeschirmt verdrillt 4 Paar Patchkabel<\/p>\n<p>FS17107-C6A**-xxx: Cat6a U\/UTP slim ungeschirmt verdrillt 4 Paar Patchkabel<\/p>\n<ul>\n<li>**=Farbe: GY=GRAU, BK=SCHWARZ, WT=WEISS, BU=BLAU, RD=ROT, YL=GELB, OG=ORANGE, GN=GR\u00dcN<\/li>\n<li>xxx=L\u00e4nge: 003=0.3M, 005=0.5M, 010=1.0M, 018=1.8M, 030=3.0M, 050=5.0M, 075=7.5M, 100=10M, 200=20M, 300=30M, 400=40M, 500=50M<\/li>\n<li>Zum Beispiel: FS17107-C6BU-018= Cat6 U\/UTP Slim Patchkabel, Farbe Blau, 1.8M L\u00e4nge<\/li>\n<\/ul>","protected":false},"excerpt":{"rendered":"<p>Dieses schlanke Cat6A-Ethernet-Kabel wurde f\u00fcr schnelle und zuverl\u00e4ssige Verbindungen entwickelt und ist ideal f\u00fcr die Einrichtung und Erweiterung Ihres Heim- oder B\u00fcronetzwerks.<\/p>","protected":false},"featured_media":16655,"template":"","meta":{"_acf_changed":false,"_seopress_robots_primary_cat":"","_seopress_titles_title":"Slim Cat6 Cat6A Ethernet Cable - Farsince","_seopress_titles_desc":"","_seopress_robots_index":"","site-sidebar-layout":"default","site-content-layout":"default","ast-site-content-layout":"default","site-content-style":"default","site-sidebar-style":"default","ast-global-header-display":"","ast-banner-title-visibility":"","ast-main-header-display":"","ast-hfb-above-header-display":"","ast-hfb-below-header-display":"","ast-hfb-mobile-header-display":"","site-post-title":"","ast-breadcrumbs-content":"","ast-featured-img":"","footer-sml-layout":"","ast-disable-related-posts":"","theme-transparent-header-meta":"default","adv-header-id-meta":"","stick-header-meta":"","header-above-stick-meta":"","header-main-stick-meta":"","header-below-stick-meta":"","astra-migrate-meta-layouts":"default","ast-page-background-enabled":"default","ast-page-background-meta":{"desktop":{"background-color":"","background-image":"","background-repeat":"repeat","background-position":"center center","background-size":"auto","background-attachment":"scroll","background-type":"","background-media":"","overlay-type":"","overlay-color":"","overlay-opacity":"","overlay-gradient":""},"tablet":{"background-color":"","background-image":"","background-repeat":"repeat","background-position":"center center","background-size":"auto","background-attachment":"scroll","background-type":"","background-media":"","overlay-type":"","overlay-color":"","overlay-opacity":"","overlay-gradient":""},"mobile":{"background-color":"","background-image":"","background-repeat":"repeat","background-position":"center center","background-size":"auto","background-attachment":"scroll","background-type":"","background-media":"","overlay-type":"","overlay-color":"","overlay-opacity":"","overlay-gradient":""}},"ast-content-background-meta":{"desktop":{"background-color":"var(--ast-global-color-5)","background-image":"","background-repeat":"repeat","background-position":"center center","background-size":"auto","background-attachment":"scroll","background-type":"","background-media":"","overlay-type":"","overlay-color":"","overlay-opacity":"","overlay-gradient":""},"tablet":{"background-color":"var(--ast-global-color-5)","background-image":"","background-repeat":"repeat","background-position":"center center","background-size":"auto","background-attachment":"scroll","background-type":"","background-media":"","overlay-type":"","overlay-color":"","overlay-opacity":"","overlay-gradient":""},"mobile":{"background-color":"var(--ast-global-color-5)","background-image":"","background-repeat":"repeat","background-position":"center center","background-size":"auto","background-attachment":"scroll","background-type":"","background-media":"","overlay-type":"","overlay-color":"","overlay-opacity":"","overlay-gradient":""}},"iawp_total_views":17},"product_brand":[],"product_cat":[631,209],"product_tag":[],"class_list":{"0":"post-15185","1":"product","2":"type-product","3":"status-publish","4":"has-post-thumbnail","6":"product_cat-patch-cables","7":"product_cat-ethernet-cable","8":"desktop-align-left","9":"tablet-align-left","10":"mobile-align-left","12":"first","13":"instock","14":"shipping-taxable","15":"purchasable","16":"product-type-simple"},"acf":[],"_links":{"self":[{"href":"https:\/\/www.fjpremium.com\/de\/wp-json\/wp\/v2\/product\/15185","targetHints":{"allow":["GET"]}}],"collection":[{"href":"https:\/\/www.fjpremium.com\/de\/wp-json\/wp\/v2\/product"}],"about":[{"href":"https:\/\/www.fjpremium.com\/de\/wp-json\/wp\/v2\/types\/product"}],"wp:featuredmedia":[{"embeddable":true,"href":"https:\/\/www.fjpremium.com\/de\/wp-json\/wp\/v2\/media\/16655"}],"wp:attachment":[{"href":"https:\/\/www.fjpremium.com\/de\/wp-json\/wp\/v2\/media?parent=15185"}],"wp:term":[{"taxonomy":"product_brand","embeddable":true,"href":"https:\/\/www.fjpremium.com\/de\/wp-json\/wp\/v2\/product_brand?post=15185"},{"taxonomy":"product_cat","embeddable":true,"href":"https:\/\/www.fjpremium.com\/de\/wp-json\/wp\/v2\/product_cat?post=15185"},{"taxonomy":"product_tag","embeddable":true,"href":"https:\/\/www.fjpremium.com\/de\/wp-json\/wp\/v2\/product_tag?post=15185"}],"curies":[{"name":"wp","href":"https:\/\/api.w.org\/{rel}","templated":true}]}}