{"id":15125,"date":"2020-05-29T11:09:19","date_gmt":"2020-05-29T03:09:19","guid":{"rendered":"https:\/\/www.fjpremium.com\/?post_type=product&#038;p=15125"},"modified":"2023-12-14T13:55:54","modified_gmt":"2023-12-14T05:55:54","slug":"cat-8-s-ftp-shielded-and-foiled-ethernet-installation-cable-40gbase-t2000mhz","status":"publish","type":"product","link":"https:\/\/www.fjpremium.com\/de\/product\/cat-8-s-ftp-shielded-and-foiled-ethernet-installation-cable-40gbase-t2000mhz\/","title":{"rendered":"S\/FTP Geschirmtes und ummanteltes Cat 8 Ethernet-Kabel - 40GBASE-T\/2000MHz"},"content":{"rendered":"<p>Unser Cat 8-Ethernetkabel ist f\u00fcr die Bereitstellung von 40G-Datennetzwerken \u00fcber Entfernungen von bis zu 30 Metern ausgelegt und bietet die vierfache Geschwindigkeit der meisten heutigen Cat6A-Rechenzentren.<\/p>\n<p>Es verf\u00fcgt \u00fcber vier einzeln abgeschirmte Leiterpaare aus massivem, blankem Kupfer (22 Gauge), die dazu beitragen, elektromagnetische St\u00f6rungen (EMI) in elektrisch lauten Umgebungen abzuwehren.<\/p>\n<p>Ein verzinntes Kupfergeflecht als Gesamtschirm sch\u00fctzt das Kabel zus\u00e4tzlich.<\/p>\n<p>Au\u00dferdem ist es mit einem LSZH-Mantel ummantelt und hat fortlaufende Fu\u00df- oder Metermarkierungen, so dass sich leicht feststellen l\u00e4sst, wie viel Kabel noch auf der Spule ist.<\/p>\n<p>Dieses Cat 8-Ethernetkabel verf\u00fcgt \u00fcber eine S\/FTP-Konstruktion, 22AWG 0,64 mm massive sauerstofffreie Kupferleiter und eine Skin-Foam-Skin-Isolierung.<\/p>\n<p>Sein Au\u00dfendurchmesser betr\u00e4gt 8,4 \u00b1 0,2 mm.<\/p>\n<p>Dar\u00fcber hinaus ist unser Cat 8-Ethernetkabel in mehreren Farboptionen erh\u00e4ltlich und wurde von Fluke und Network Analyzer getestet, um eine optimale Leistung zu gew\u00e4hrleisten.<\/p>\n<p>Es ist au\u00dferdem RoHS- und REACH-konform, CPR Eca- und Dca-zertifiziert und entspricht internationalen Normen wie ISO\/IEC 11801-1, EN 50173-1 und IEC 61156-9.<\/p>\n<p>R\u00fcsten Sie Ihr Netzwerk mit unserem Kabel auf und erleben Sie blitzschnelle Daten\u00fcbertragung und au\u00dfergew\u00f6hnliche Zuverl\u00e4ssigkeit f\u00fcr alle Ihre Hochleistungs-Netzwerkanforderungen.<\/p>\n<h2>Herunterladen:<\/h2>\n<ul>\n<li>Datenblatt f\u00fcr Cat8 S\/FTP Netwoking Installationskabel lose<\/li>\n<\/ul>\n<h2>Informationen zur Bestellung:<\/h2>\n<ul>\n<li>FS17010-C: PVC<\/li>\n<li>FS17010-L: LSZH<\/li>\n<li>FS17010-M: CM-Bewertung<\/li>\n<li>FS17010-R: CMR-Erh\u00f6hung<\/li>\n<li>FS17010-P: CMP-Plenum<\/li>\n<li>FS17010-E: PE f\u00fcr den Au\u00dfenbereich<\/li>\n<\/ul>","protected":false},"excerpt":{"rendered":"<p>Entdecken Sie dieses geschirmte und folierte Cat 8 Ethernet-Kabel S\/FTP, die ideale L\u00f6sung f\u00fcr gro\u00dfe datengesteuerte Netzwerkinstallationen und Hochleistungsrechenzentren.<\/p>","protected":false},"featured_media":15151,"template":"","meta":{"_acf_changed":false,"_seopress_robots_primary_cat":"","_seopress_titles_title":"S\/FTP Shielded and Foiled Cat 8 Ethernet Cable - Farsince","_seopress_titles_desc":"Experience the best in network connectivity with Farsince&#039;s S\/FTP Shielded and Foiled Cat 8 Ethernet Cable. Our cable supports 40GBASE-T\/2000MHz and provides reliable and seamless connection for high-speed data transfer. ","_seopress_robots_index":"","site-sidebar-layout":"default","site-content-layout":"default","ast-site-content-layout":"default","site-content-style":"default","site-sidebar-style":"default","ast-global-header-display":"","ast-banner-title-visibility":"","ast-main-header-display":"","ast-hfb-above-header-display":"","ast-hfb-below-header-display":"","ast-hfb-mobile-header-display":"","site-post-title":"","ast-breadcrumbs-content":"","ast-featured-img":"","footer-sml-layout":"","ast-disable-related-posts":"","theme-transparent-header-meta":"default","adv-header-id-meta":"","stick-header-meta":"","header-above-stick-meta":"","header-main-stick-meta":"","header-below-stick-meta":"","astra-migrate-meta-layouts":"set","ast-page-background-enabled":"default","ast-page-background-meta":{"desktop":{"background-color":"","background-image":"","background-repeat":"repeat","background-position":"center center","background-size":"auto","background-attachment":"scroll","background-type":"","background-media":"","overlay-type":"","overlay-color":"","overlay-opacity":"","overlay-gradient":""},"tablet":{"background-color":"","background-image":"","background-repeat":"repeat","background-position":"center center","background-size":"auto","background-attachment":"scroll","background-type":"","background-media":"","overlay-type":"","overlay-color":"","overlay-opacity":"","overlay-gradient":""},"mobile":{"background-color":"","background-image":"","background-repeat":"repeat","background-position":"center center","background-size":"auto","background-attachment":"scroll","background-type":"","background-media":"","overlay-type":"","overlay-color":"","overlay-opacity":"","overlay-gradient":""}},"ast-content-background-meta":{"desktop":{"background-color":"var(--ast-global-color-5)","background-image":"","background-repeat":"repeat","background-position":"center center","background-size":"auto","background-attachment":"scroll","background-type":"","background-media":"","overlay-type":"","overlay-color":"","overlay-opacity":"","overlay-gradient":""},"tablet":{"background-color":"var(--ast-global-color-5)","background-image":"","background-repeat":"repeat","background-position":"center center","background-size":"auto","background-attachment":"scroll","background-type":"","background-media":"","overlay-type":"","overlay-color":"","overlay-opacity":"","overlay-gradient":""},"mobile":{"background-color":"var(--ast-global-color-5)","background-image":"","background-repeat":"repeat","background-position":"center center","background-size":"auto","background-attachment":"scroll","background-type":"","background-media":"","overlay-type":"","overlay-color":"","overlay-opacity":"","overlay-gradient":""}},"iawp_total_views":19},"product_brand":[],"product_cat":[252,209],"product_tag":[],"class_list":{"0":"post-15125","1":"product","2":"type-product","3":"status-publish","4":"has-post-thumbnail","6":"product_cat-bulk-cables","7":"product_cat-ethernet-cable","8":"desktop-align-left","9":"tablet-align-left","10":"mobile-align-left","12":"first","13":"instock","14":"shipping-taxable","15":"purchasable","16":"product-type-simple"},"acf":[],"_links":{"self":[{"href":"https:\/\/www.fjpremium.com\/de\/wp-json\/wp\/v2\/product\/15125","targetHints":{"allow":["GET"]}}],"collection":[{"href":"https:\/\/www.fjpremium.com\/de\/wp-json\/wp\/v2\/product"}],"about":[{"href":"https:\/\/www.fjpremium.com\/de\/wp-json\/wp\/v2\/types\/product"}],"wp:featuredmedia":[{"embeddable":true,"href":"https:\/\/www.fjpremium.com\/de\/wp-json\/wp\/v2\/media\/15151"}],"wp:attachment":[{"href":"https:\/\/www.fjpremium.com\/de\/wp-json\/wp\/v2\/media?parent=15125"}],"wp:term":[{"taxonomy":"product_brand","embeddable":true,"href":"https:\/\/www.fjpremium.com\/de\/wp-json\/wp\/v2\/product_brand?post=15125"},{"taxonomy":"product_cat","embeddable":true,"href":"https:\/\/www.fjpremium.com\/de\/wp-json\/wp\/v2\/product_cat?post=15125"},{"taxonomy":"product_tag","embeddable":true,"href":"https:\/\/www.fjpremium.com\/de\/wp-json\/wp\/v2\/product_tag?post=15125"}],"curies":[{"name":"wp","href":"https:\/\/api.w.org\/{rel}","templated":true}]}}