{"id":15124,"date":"2020-05-29T11:09:16","date_gmt":"2020-05-29T03:09:16","guid":{"rendered":"https:\/\/www.fjpremium.com\/?post_type=product&#038;p=15124"},"modified":"2023-12-14T13:55:55","modified_gmt":"2023-12-14T05:55:55","slug":"cat-7-s-ftp-shielded-and-foiled-twisted-pair-ethernet-installation-cable-600mhz","status":"publish","type":"product","link":"https:\/\/www.fjpremium.com\/de\/product\/cat-7-s-ftp-shielded-and-foiled-twisted-pair-ethernet-installation-cable-600mhz\/","title":{"rendered":"S\/FTP Cat 7 geschirmtes und verdrilltes Ethernet-Installationskabel, 600MHZ"},"content":{"rendered":"<p>Dieses geschirmte Cat 7-Kabel wurde f\u00fcr die 10-Gigabit-Daten\u00fcbertragung entwickelt und unterst\u00fctzt eine schnellere Bandbreite von bis zu 600 MHz. Es gew\u00e4hrleistet eine au\u00dfergew\u00f6hnliche Leistung in den heutigen Hochgeschwindigkeitsnetzwerken.<\/p>\n<p>Es verf\u00fcgt \u00fcber eine S\/FTP-Konstruktion, die aus vier einzeln abgeschirmten Paaren von massiven blanken Kupferleitern mit 23 Gauge besteht.<\/p>\n<p>Dieses Design sch\u00fctzt vor elektromagnetischen Interferenzen (EMI) und sorgt daf\u00fcr, dass Ihre Netzwerkverbindungen auch in elektrisch verrauschten Umgebungen stabil und st\u00f6rungsfrei bleiben.<\/p>\n<p>Das Kabel ist mit einem hochwertigen 23AWG 0,57mm massiven sauerstofffreien Kupferleiter ausgestattet, der die Signal\u00fcbertragung verbessert und eine optimale Netzwerkleistung gew\u00e4hrleistet.<\/p>\n<p>Und die Schaumstoffisolierung sch\u00fctzt die Leiter zus\u00e4tzlich, w\u00e4hrend die Flexibilit\u00e4t f\u00fcr eine einfache Installation erhalten bleibt.<\/p>\n<p>F\u00fcr dieses geschirmte Cat 7-Kabel sind verschiedene Manteloptionen erh\u00e4ltlich, darunter PVC, CMR, CMP, LSZH und PE, so dass Sie die ideale Option f\u00fcr Ihre spezifischen Installationsanforderungen w\u00e4hlen k\u00f6nnen.<\/p>\n<p>Au\u00dferdem ist es in verschiedenen Farben erh\u00e4ltlich, was die Identifizierung und Verwaltung Ihrer Netzwerkverbindungen erleichtert.<\/p>\n<p>Au\u00dferdem wird unser abgeschirmtes Cat 7-Kabel von Fluke und Network Analyzer getestet und gepr\u00fcft, um seine Zuverl\u00e4ssigkeit und Leistung zu gew\u00e4hrleisten.<\/p>\n<p>Es ist au\u00dferdem RoHS- und REACH-konform sowie CPR Eca- und Dca-zertifiziert.<\/p>\n<p>Dadurch wird sichergestellt, dass Sie ein zuverl\u00e4ssiges und umweltfreundliches Produkt verwenden, das Industrienormen wie IEC\/ISO 11801, ISO\/IEC 61156-5 und ANSI\/TIA568C.2 erf\u00fcllt.<\/p>\n<p>Abschlie\u00dfend l\u00e4sst sich sagen, dass dieses Kabel mit seiner soliden Konstruktion, einer Reihe von Ummantelungsoptionen und der Einhaltung von Industriestandards eine zuverl\u00e4ssige und vielseitige L\u00f6sung f\u00fcr alle Ihre Netzwerkanforderungen darstellt.<\/p>\n<h2>Herunterladen:<\/h2>\n<ul>\n<li>Datenblatt f\u00fcr Cat7 S\/FTP Netwoking Installationskabel lose<\/li>\n<\/ul>\n<h2>Informationen zur Bestellung:<\/h2>\n<ul>\n<li>FS17008-C: PVC<\/li>\n<li>FS17008-L: LSZH<\/li>\n<li>FS17008-M: CM-Bewertung<\/li>\n<li>FS17008-R: CMR-Erh\u00f6hung<\/li>\n<li>FS17008-P: CMP-Plenum<\/li>\n<li>FS17008-E: PE f\u00fcr den Au\u00dfenbereich<\/li>\n<\/ul>","protected":false},"excerpt":{"rendered":"<p>Unser geschirmtes und foliertes Ethernet-Installationskabel Ccat 7 eignet sich perfekt f\u00fcr die Hochleistungs-Datenkommunikation und bietet zuverl\u00e4ssige Verbindungen f\u00fcr Sprache und mehr<\/p>","protected":false},"featured_media":15146,"template":"","meta":{"_acf_changed":false,"_seopress_robots_primary_cat":"","_seopress_titles_title":"Cat 7 Shielded And Foiled Twisted Pair Ethernet Cable - Farsince","_seopress_titles_desc":"","_seopress_robots_index":"","site-sidebar-layout":"default","site-content-layout":"default","ast-site-content-layout":"default","site-content-style":"default","site-sidebar-style":"default","ast-global-header-display":"","ast-banner-title-visibility":"","ast-main-header-display":"","ast-hfb-above-header-display":"","ast-hfb-below-header-display":"","ast-hfb-mobile-header-display":"","site-post-title":"","ast-breadcrumbs-content":"","ast-featured-img":"","footer-sml-layout":"","ast-disable-related-posts":"","theme-transparent-header-meta":"default","adv-header-id-meta":"","stick-header-meta":"","header-above-stick-meta":"","header-main-stick-meta":"","header-below-stick-meta":"","astra-migrate-meta-layouts":"default","ast-page-background-enabled":"default","ast-page-background-meta":{"desktop":{"background-color":"","background-image":"","background-repeat":"repeat","background-position":"center center","background-size":"auto","background-attachment":"scroll","background-type":"","background-media":"","overlay-type":"","overlay-color":"","overlay-opacity":"","overlay-gradient":""},"tablet":{"background-color":"","background-image":"","background-repeat":"repeat","background-position":"center center","background-size":"auto","background-attachment":"scroll","background-type":"","background-media":"","overlay-type":"","overlay-color":"","overlay-opacity":"","overlay-gradient":""},"mobile":{"background-color":"","background-image":"","background-repeat":"repeat","background-position":"center center","background-size":"auto","background-attachment":"scroll","background-type":"","background-media":"","overlay-type":"","overlay-color":"","overlay-opacity":"","overlay-gradient":""}},"ast-content-background-meta":{"desktop":{"background-color":"var(--ast-global-color-5)","background-image":"","background-repeat":"repeat","background-position":"center center","background-size":"auto","background-attachment":"scroll","background-type":"","background-media":"","overlay-type":"","overlay-color":"","overlay-opacity":"","overlay-gradient":""},"tablet":{"background-color":"var(--ast-global-color-5)","background-image":"","background-repeat":"repeat","background-position":"center center","background-size":"auto","background-attachment":"scroll","background-type":"","background-media":"","overlay-type":"","overlay-color":"","overlay-opacity":"","overlay-gradient":""},"mobile":{"background-color":"var(--ast-global-color-5)","background-image":"","background-repeat":"repeat","background-position":"center center","background-size":"auto","background-attachment":"scroll","background-type":"","background-media":"","overlay-type":"","overlay-color":"","overlay-opacity":"","overlay-gradient":""}},"iawp_total_views":54},"product_brand":[],"product_cat":[460,252,209],"product_tag":[],"class_list":{"0":"post-15124","1":"product","2":"type-product","3":"status-publish","4":"has-post-thumbnail","6":"product_cat-featured-products","7":"product_cat-bulk-cables","8":"product_cat-ethernet-cable","9":"desktop-align-left","10":"tablet-align-left","11":"mobile-align-left","13":"first","14":"instock","15":"featured","16":"shipping-taxable","17":"purchasable","18":"product-type-simple"},"acf":[],"_links":{"self":[{"href":"https:\/\/www.fjpremium.com\/de\/wp-json\/wp\/v2\/product\/15124","targetHints":{"allow":["GET"]}}],"collection":[{"href":"https:\/\/www.fjpremium.com\/de\/wp-json\/wp\/v2\/product"}],"about":[{"href":"https:\/\/www.fjpremium.com\/de\/wp-json\/wp\/v2\/types\/product"}],"wp:featuredmedia":[{"embeddable":true,"href":"https:\/\/www.fjpremium.com\/de\/wp-json\/wp\/v2\/media\/15146"}],"wp:attachment":[{"href":"https:\/\/www.fjpremium.com\/de\/wp-json\/wp\/v2\/media?parent=15124"}],"wp:term":[{"taxonomy":"product_brand","embeddable":true,"href":"https:\/\/www.fjpremium.com\/de\/wp-json\/wp\/v2\/product_brand?post=15124"},{"taxonomy":"product_cat","embeddable":true,"href":"https:\/\/www.fjpremium.com\/de\/wp-json\/wp\/v2\/product_cat?post=15124"},{"taxonomy":"product_tag","embeddable":true,"href":"https:\/\/www.fjpremium.com\/de\/wp-json\/wp\/v2\/product_tag?post=15124"}],"curies":[{"name":"wp","href":"https:\/\/api.w.org\/{rel}","templated":true}]}}