{"id":15121,"date":"2020-05-29T11:09:12","date_gmt":"2020-05-29T03:09:12","guid":{"rendered":"https:\/\/www.fjpremium.com\/?post_type=product&#038;p=15121"},"modified":"2023-12-14T13:55:56","modified_gmt":"2023-12-14T05:55:56","slug":"cat6-u-utp-unshielded-twisted-pair-ethernet-installation-cable","status":"publish","type":"product","link":"https:\/\/www.fjpremium.com\/de\/product\/cat6-u-utp-unshielded-twisted-pair-ethernet-installation-cable\/","title":{"rendered":"U\/UTP Cat6 Bulk Kabel Ethernet Installation 1000ft 305m"},"content":{"rendered":"<p>Dieses Cat6-Massivkabel unterst\u00fctzt die 1000 Base-T-Daten\u00fcbertragung und bietet eine h\u00f6here Bandbreite von bis zu 250 MHz. Es besteht aus vier ungeschirmten, verdrillten Paaren von blanken Kupferleitern der St\u00e4rke 23 und verf\u00fcgt \u00fcber eine Isolierung aus Polyethylen hoher Dichte (HDPE).<\/p>\n<p>Au\u00dferdem ist es mit einem LSZH-Gesamtmantel oder einem CMR-UL-PVC-Mantel erh\u00e4ltlich, wie z. B. PVC, CMR, CMP, LSZH und PE, und fortlaufende Fu\u00df- oder Metermarkierungen auf dem Mantel sorgen daf\u00fcr, dass Sie genau wissen, wie viel Kabel noch \u00fcbrig ist.<\/p>\n<p>Das Kabel ist in verschiedenen Farben erh\u00e4ltlich, darunter grau, wei\u00df, blau, schwarz oder kundenspezifisch, und wurde von Fluke und Netzwerkanalysatoren getestet.<\/p>\n<p>Dar\u00fcber hinaus hat dieses hochwertige Kabel die CPR Eca- und Dca-Zertifizierungen erhalten, die den ROHS- und REACH-Vorschriften entsprechen.<\/p>\n<p>Und es erf\u00fcllt Industrienormen wie IEC\/ISO 11801 2nd Class D, ANSI\/TIA568C.2 Category 6 und ISO\/IEC 61156-5 Category 6.<\/p>\n<p>Wenn Sie sich also f\u00fcr ein Cat6-Kabel f\u00fcr Ihren Netzwerkbedarf entscheiden, sollten Sie unser Angebot nicht auslassen.<\/p>\n<p>Mit seiner ungeschirmten Konstruktion, einer breiten Palette von Mantel- und Farboptionen und der Einhaltung von Industriestandards bietet dieses Kabel eine zuverl\u00e4ssige Leistung f\u00fcr Ihre Netzwerkinfrastruktur.<\/p>\n<h2>Herunterladen:<\/h2>\n<ul>\n<li>Datenblatt f\u00fcr Cat6 Netwoking Installationskabel lose<\/li>\n<\/ul>\n<h2>Informationen zur Bestellung:<\/h2>\n<ul>\n<li>FS17003-C: PVC<\/li>\n<li>FS17003-L: LSZH<\/li>\n<li>FS17003-M: CM-Bewertung<\/li>\n<li>FS17003-R: CMR-Erh\u00f6hung<\/li>\n<li>FS17003-P: CMP-Plenum<\/li>\n<li>FS17003-E: PE f\u00fcr den Au\u00dfenbereich<\/li>\n<\/ul>","protected":false},"excerpt":{"rendered":"<p>Entdecken Sie unser U\/UTP cat6 bulk cable Ethernet-Installationskabel, das sich perfekt f\u00fcr die Hochleistungs-Datenkommunikation in verschiedenen Anwendungen eignet.<\/p>","protected":false},"featured_media":15126,"template":"","meta":{"_acf_changed":false,"_seopress_robots_primary_cat":"","_seopress_titles_title":"Best Cat6 Bulk Cable - Farsince","_seopress_titles_desc":"","_seopress_robots_index":"","site-sidebar-layout":"default","site-content-layout":"default","ast-site-content-layout":"default","site-content-style":"default","site-sidebar-style":"default","ast-global-header-display":"","ast-banner-title-visibility":"","ast-main-header-display":"","ast-hfb-above-header-display":"","ast-hfb-below-header-display":"","ast-hfb-mobile-header-display":"","site-post-title":"","ast-breadcrumbs-content":"","ast-featured-img":"","footer-sml-layout":"","ast-disable-related-posts":"","theme-transparent-header-meta":"default","adv-header-id-meta":"","stick-header-meta":"","header-above-stick-meta":"","header-main-stick-meta":"","header-below-stick-meta":"","astra-migrate-meta-layouts":"default","ast-page-background-enabled":"default","ast-page-background-meta":{"desktop":{"background-color":"","background-image":"","background-repeat":"repeat","background-position":"center center","background-size":"auto","background-attachment":"scroll","background-type":"","background-media":"","overlay-type":"","overlay-color":"","overlay-opacity":"","overlay-gradient":""},"tablet":{"background-color":"","background-image":"","background-repeat":"repeat","background-position":"center center","background-size":"auto","background-attachment":"scroll","background-type":"","background-media":"","overlay-type":"","overlay-color":"","overlay-opacity":"","overlay-gradient":""},"mobile":{"background-color":"","background-image":"","background-repeat":"repeat","background-position":"center center","background-size":"auto","background-attachment":"scroll","background-type":"","background-media":"","overlay-type":"","overlay-color":"","overlay-opacity":"","overlay-gradient":""}},"ast-content-background-meta":{"desktop":{"background-color":"var(--ast-global-color-5)","background-image":"","background-repeat":"repeat","background-position":"center center","background-size":"auto","background-attachment":"scroll","background-type":"","background-media":"","overlay-type":"","overlay-color":"","overlay-opacity":"","overlay-gradient":""},"tablet":{"background-color":"var(--ast-global-color-5)","background-image":"","background-repeat":"repeat","background-position":"center center","background-size":"auto","background-attachment":"scroll","background-type":"","background-media":"","overlay-type":"","overlay-color":"","overlay-opacity":"","overlay-gradient":""},"mobile":{"background-color":"var(--ast-global-color-5)","background-image":"","background-repeat":"repeat","background-position":"center center","background-size":"auto","background-attachment":"scroll","background-type":"","background-media":"","overlay-type":"","overlay-color":"","overlay-opacity":"","overlay-gradient":""}},"iawp_total_views":8},"product_brand":[],"product_cat":[252,209],"product_tag":[],"class_list":{"0":"post-15121","1":"product","2":"type-product","3":"status-publish","4":"has-post-thumbnail","6":"product_cat-bulk-cables","7":"product_cat-ethernet-cable","8":"desktop-align-left","9":"tablet-align-left","10":"mobile-align-left","12":"first","13":"instock","14":"shipping-taxable","15":"purchasable","16":"product-type-simple"},"acf":[],"_links":{"self":[{"href":"https:\/\/www.fjpremium.com\/de\/wp-json\/wp\/v2\/product\/15121","targetHints":{"allow":["GET"]}}],"collection":[{"href":"https:\/\/www.fjpremium.com\/de\/wp-json\/wp\/v2\/product"}],"about":[{"href":"https:\/\/www.fjpremium.com\/de\/wp-json\/wp\/v2\/types\/product"}],"wp:featuredmedia":[{"embeddable":true,"href":"https:\/\/www.fjpremium.com\/de\/wp-json\/wp\/v2\/media\/15126"}],"wp:attachment":[{"href":"https:\/\/www.fjpremium.com\/de\/wp-json\/wp\/v2\/media?parent=15121"}],"wp:term":[{"taxonomy":"product_brand","embeddable":true,"href":"https:\/\/www.fjpremium.com\/de\/wp-json\/wp\/v2\/product_brand?post=15121"},{"taxonomy":"product_cat","embeddable":true,"href":"https:\/\/www.fjpremium.com\/de\/wp-json\/wp\/v2\/product_cat?post=15121"},{"taxonomy":"product_tag","embeddable":true,"href":"https:\/\/www.fjpremium.com\/de\/wp-json\/wp\/v2\/product_tag?post=15121"}],"curies":[{"name":"wp","href":"https:\/\/api.w.org\/{rel}","templated":true}]}}