{"id":15053,"date":"2020-05-25T16:44:00","date_gmt":"2020-05-25T08:44:00","guid":{"rendered":"https:\/\/www.fjpremium.com\/?post_type=product&#038;p=15053"},"modified":"2024-03-14T15:22:54","modified_gmt":"2024-03-14T07:22:54","slug":"vga-hd15-female-to-female-panel-mount-cable","status":"publish","type":"product","link":"https:\/\/www.fjpremium.com\/de\/product\/vga-hd15-female-to-female-panel-mount-cable\/","title":{"rendered":"VGA HD15 Kabel Buchse zu Buchse"},"content":{"rendered":"<p>Das Kabel ist eine ideale L\u00f6sung f\u00fcr die Kombination von zwei VGA-Kabeln, um eine sichere Verbindung \u00fcber ein Panel herzustellen. Jetzt k\u00f6nnen Sie m\u00fchelos Display-Konnektivit\u00e4t von einer Quelle aus bereitstellen, die sich in einer sicheren Umgebung befindet.<\/p>\n<p>Seine geringe L\u00e4nge und sein modernes Design sorgen f\u00fcr minimale Signalverluste und garantieren ein optimales Seherlebnis.<\/p>\n<p>Und er unterst\u00fctzt Videoaufl\u00f6sungen bis zu 2048\u00d71536 (QXGA), einschlie\u00dflich g\u00e4ngiger Aufl\u00f6sungen wie 1920\u00d71200 (WUXGA), 1600\u00d71200 (UXGA), 1680\u00d71050 (WSXGA+), 1400\u00d71050 (SXGA+), 1280\u00d7800 (WXGA), 1024\u00d7768 (XGA), 800\u00d7600 (SVGA) und 640\u00d7480 (VGA).<\/p>\n<p>Die vollst\u00e4ndig abgeschirmten Leiter unseres VGA HD15-Kabels bieten vollst\u00e4ndige Immunit\u00e4t gegen EMI\/RFI-St\u00f6rungen, w\u00e4hrend die 24-K-vergoldeten Stecker eine hervorragende Signal\u00fcbertragung gew\u00e4hrleisten.<\/p>\n<p>Jedes Kabel wird gr\u00fcndlich getestet, um den Industriestandards zu entsprechen und eine nahtlose Funktionalit\u00e4t zu gew\u00e4hrleisten.<\/p>\n<p>Seine Spezifikationen:<\/p>\n<ul>\n<li>Mutter und Schraube Typ: #4-40 vernickelt<\/li>\n<li>Kabel-Leiter: Verzinntes Kupfer<\/li>\n<li>Isolierung: Gesch\u00e4umte PE-Haut\/HDPE<\/li>\n<li>Drahtst\u00e4rke: 30AWG 7\/0.10mm<\/li>\n<li>Abschirmung: verdrilltes Paar aus Aluminiumfolie, Gesamtaluminiumfolie, Geflecht<\/li>\n<li>Geh\u00e4use: Spritzgie\u00dfen<\/li>\n<li>Mantel: PVC<\/li>\n<li>\u00c4u\u00dferer Durchmesser: 6,0\u00b10,2mm<\/li>\n<li>Einhaltung der Vorschriften: RoHS, REACH, CE<\/li>\n<\/ul>\n<p>Dar\u00fcber hinaus k\u00f6nnen Sie sich auf unsere 2-Jahres-Garantie verlassen, die Ihnen ein H\u00f6chstma\u00df an Sicherheit bietet. Nehmen Sie noch heute Kontakt mit uns auf und investieren Sie in dieses Kabel.<\/p>","protected":false},"excerpt":{"rendered":"<p>Verbessern Sie die Konnektivit\u00e4t mit dem FARSINCE VGA HD15-Kabel, indem Sie zwei VGA-Kabel sicher durch ein Panel f\u00fchren und Aufl\u00f6sungen von bis zu 2048 x 1536 (QXGA) liefern.<\/p>","protected":false},"featured_media":15059,"template":"","meta":{"_acf_changed":false,"_seopress_robots_primary_cat":"","_seopress_titles_title":"VGA HD15 Cable Female to Female - FARSINCE","_seopress_titles_desc":"","_seopress_robots_index":"","site-sidebar-layout":"default","site-content-layout":"default","ast-site-content-layout":"default","site-content-style":"default","site-sidebar-style":"default","ast-global-header-display":"","ast-banner-title-visibility":"","ast-main-header-display":"","ast-hfb-above-header-display":"","ast-hfb-below-header-display":"","ast-hfb-mobile-header-display":"","site-post-title":"","ast-breadcrumbs-content":"","ast-featured-img":"","footer-sml-layout":"","ast-disable-related-posts":"","theme-transparent-header-meta":"default","adv-header-id-meta":"","stick-header-meta":"","header-above-stick-meta":"","header-main-stick-meta":"","header-below-stick-meta":"","astra-migrate-meta-layouts":"set","ast-page-background-enabled":"default","ast-page-background-meta":{"desktop":{"background-color":"","background-image":"","background-repeat":"repeat","background-position":"center center","background-size":"auto","background-attachment":"scroll","background-type":"","background-media":"","overlay-type":"","overlay-color":"","overlay-opacity":"","overlay-gradient":""},"tablet":{"background-color":"","background-image":"","background-repeat":"repeat","background-position":"center center","background-size":"auto","background-attachment":"scroll","background-type":"","background-media":"","overlay-type":"","overlay-color":"","overlay-opacity":"","overlay-gradient":""},"mobile":{"background-color":"","background-image":"","background-repeat":"repeat","background-position":"center center","background-size":"auto","background-attachment":"scroll","background-type":"","background-media":"","overlay-type":"","overlay-color":"","overlay-opacity":"","overlay-gradient":""}},"ast-content-background-meta":{"desktop":{"background-color":"var(--ast-global-color-5)","background-image":"","background-repeat":"repeat","background-position":"center center","background-size":"auto","background-attachment":"scroll","background-type":"","background-media":"","overlay-type":"","overlay-color":"","overlay-opacity":"","overlay-gradient":""},"tablet":{"background-color":"var(--ast-global-color-5)","background-image":"","background-repeat":"repeat","background-position":"center center","background-size":"auto","background-attachment":"scroll","background-type":"","background-media":"","overlay-type":"","overlay-color":"","overlay-opacity":"","overlay-gradient":""},"mobile":{"background-color":"var(--ast-global-color-5)","background-image":"","background-repeat":"repeat","background-position":"center center","background-size":"auto","background-attachment":"scroll","background-type":"","background-media":"","overlay-type":"","overlay-color":"","overlay-opacity":"","overlay-gradient":""}},"iawp_total_views":3},"product_brand":[],"product_cat":[238,678],"product_tag":[],"class_list":{"0":"post-15053","1":"product","2":"type-product","3":"status-publish","4":"has-post-thumbnail","6":"product_cat-panel-mount","7":"product_cat-panel-mount-cables","8":"desktop-align-left","9":"tablet-align-left","10":"mobile-align-left","12":"first","13":"instock","14":"shipping-taxable","15":"purchasable","16":"product-type-simple"},"acf":[],"_links":{"self":[{"href":"https:\/\/www.fjpremium.com\/de\/wp-json\/wp\/v2\/product\/15053","targetHints":{"allow":["GET"]}}],"collection":[{"href":"https:\/\/www.fjpremium.com\/de\/wp-json\/wp\/v2\/product"}],"about":[{"href":"https:\/\/www.fjpremium.com\/de\/wp-json\/wp\/v2\/types\/product"}],"wp:featuredmedia":[{"embeddable":true,"href":"https:\/\/www.fjpremium.com\/de\/wp-json\/wp\/v2\/media\/15059"}],"wp:attachment":[{"href":"https:\/\/www.fjpremium.com\/de\/wp-json\/wp\/v2\/media?parent=15053"}],"wp:term":[{"taxonomy":"product_brand","embeddable":true,"href":"https:\/\/www.fjpremium.com\/de\/wp-json\/wp\/v2\/product_brand?post=15053"},{"taxonomy":"product_cat","embeddable":true,"href":"https:\/\/www.fjpremium.com\/de\/wp-json\/wp\/v2\/product_cat?post=15053"},{"taxonomy":"product_tag","embeddable":true,"href":"https:\/\/www.fjpremium.com\/de\/wp-json\/wp\/v2\/product_tag?post=15053"}],"curies":[{"name":"wp","href":"https:\/\/api.w.org\/{rel}","templated":true}]}}