{"id":15052,"date":"2020-05-25T16:43:57","date_gmt":"2020-05-25T08:43:57","guid":{"rendered":"https:\/\/www.fjpremium.com\/?post_type=product&#038;p=15052"},"modified":"2024-03-14T15:11:34","modified_gmt":"2024-03-14T07:11:34","slug":"dvi-i-dual-link-female-to-female-45-degree-angled-panel-mount-cable","status":"publish","type":"product","link":"https:\/\/www.fjpremium.com\/de\/product\/dvi-i-dual-link-female-to-female-45-degree-angled-panel-mount-cable\/","title":{"rendered":"45 Grad abgewinkeltes DVI-I Dual Link Kabel Buchse zu Buchse"},"content":{"rendered":"<p>Dieses erstklassige Kabel wurde f\u00fcr Pr\u00e4zision und Langlebigkeit entwickelt und erm\u00f6glicht nahtlose Verbindungen in engen R\u00e4umen, um die Signalintegrit\u00e4t zu gew\u00e4hrleisten.<\/p>\n<p>Das einzigartige 45-Grad-DVI-Steckerdesign und der Schraubmechanismus gew\u00e4hrleisten jederzeit feste, zuverl\u00e4ssige Verbindungen. Au\u00dferdem erleben Sie kristallklare Aufl\u00f6sungen von bis zu 2580*1600@60Hz, sowohl im digitalen als auch im analogen Format.<\/p>\n<p>Dank der Immunit\u00e4t gegen EMI\/RFI-St\u00f6rungen und einer Bandbreite von 9,9 Gbps k\u00f6nnen Sie eine unvergleichliche Daten\u00fcbertragung erwarten.<\/p>\n<p>Seine Spezifikationen:<\/p>\n<ul>\n<li>Mutter und Schraube Typ: #4-40 vernickelt<\/li>\n<li>Kabel-Leiter: Verzinntes Kupfer<\/li>\n<li>Isolierung: Gesch\u00e4umte PE-Haut\/HDPE<\/li>\n<li>Drahtst\u00e4rke: 30AWG 7\/0.12mm<\/li>\n<li>Abschirmung: verdrilltes Paar aus Aluminiumfolie, Gesamtaluminiumfolie, Geflecht<\/li>\n<li>Geh\u00e4use: Spritzgie\u00dfen<\/li>\n<li>Mantel: PVC<\/li>\n<li>\u00c4u\u00dferer Durchmesser: 9,0\u00b10,2mm<\/li>\n<li>Einhaltung der Vorschriften: RoHS, REACH, CE<\/li>\n<\/ul>\n<p>Dar\u00fcber hinaus unterstreichen vergoldete Stecker und eine hervorragende Isolierung unser Engagement f\u00fcr Qualit\u00e4t.<\/p>\n<p>Investieren Sie also in dieses umfassend getestete DVI-I-Dual-Link-Kabel mit hoher Bandbreite, um Ihrem Unternehmen die n\u00e4chste Leistungsstufe zu erm\u00f6glichen.<\/p>","protected":false},"excerpt":{"rendered":"<p>Entfesseln Sie das wahre Potenzial digitaler Displays mit dem hochwertigen 45-Grad-DVI-I-Dual-Link-Kabel von FARSINCE, das minimalen Signalverlust und hochaufl\u00f6sende \u00dcbertragungen gew\u00e4hrleistet.<\/p>","protected":false},"featured_media":15054,"template":"","meta":{"_acf_changed":false,"_seopress_robots_primary_cat":"","_seopress_titles_title":"45 Degree Angled DVI-I Dual Link Cable - Farsince","_seopress_titles_desc":"Unleash the true potential of digital displays with FARSINCE&#039;s high-quality 45-degree DVI-I dual link cable, ensuring minimal signal loss.","_seopress_robots_index":"","site-sidebar-layout":"default","site-content-layout":"default","ast-site-content-layout":"default","site-content-style":"default","site-sidebar-style":"default","ast-global-header-display":"","ast-banner-title-visibility":"","ast-main-header-display":"","ast-hfb-above-header-display":"","ast-hfb-below-header-display":"","ast-hfb-mobile-header-display":"","site-post-title":"","ast-breadcrumbs-content":"","ast-featured-img":"","footer-sml-layout":"","ast-disable-related-posts":"","theme-transparent-header-meta":"default","adv-header-id-meta":"","stick-header-meta":"","header-above-stick-meta":"","header-main-stick-meta":"","header-below-stick-meta":"","astra-migrate-meta-layouts":"set","ast-page-background-enabled":"default","ast-page-background-meta":{"desktop":{"background-color":"","background-image":"","background-repeat":"repeat","background-position":"center center","background-size":"auto","background-attachment":"scroll","background-type":"","background-media":"","overlay-type":"","overlay-color":"","overlay-opacity":"","overlay-gradient":""},"tablet":{"background-color":"","background-image":"","background-repeat":"repeat","background-position":"center center","background-size":"auto","background-attachment":"scroll","background-type":"","background-media":"","overlay-type":"","overlay-color":"","overlay-opacity":"","overlay-gradient":""},"mobile":{"background-color":"","background-image":"","background-repeat":"repeat","background-position":"center center","background-size":"auto","background-attachment":"scroll","background-type":"","background-media":"","overlay-type":"","overlay-color":"","overlay-opacity":"","overlay-gradient":""}},"ast-content-background-meta":{"desktop":{"background-color":"var(--ast-global-color-5)","background-image":"","background-repeat":"repeat","background-position":"center center","background-size":"auto","background-attachment":"scroll","background-type":"","background-media":"","overlay-type":"","overlay-color":"","overlay-opacity":"","overlay-gradient":""},"tablet":{"background-color":"var(--ast-global-color-5)","background-image":"","background-repeat":"repeat","background-position":"center center","background-size":"auto","background-attachment":"scroll","background-type":"","background-media":"","overlay-type":"","overlay-color":"","overlay-opacity":"","overlay-gradient":""},"mobile":{"background-color":"var(--ast-global-color-5)","background-image":"","background-repeat":"repeat","background-position":"center center","background-size":"auto","background-attachment":"scroll","background-type":"","background-media":"","overlay-type":"","overlay-color":"","overlay-opacity":"","overlay-gradient":""}},"iawp_total_views":6},"product_brand":[],"product_cat":[238,678],"product_tag":[],"class_list":{"0":"post-15052","1":"product","2":"type-product","3":"status-publish","4":"has-post-thumbnail","6":"product_cat-panel-mount","7":"product_cat-panel-mount-cables","8":"desktop-align-left","9":"tablet-align-left","10":"mobile-align-left","12":"first","13":"instock","14":"shipping-taxable","15":"purchasable","16":"product-type-simple"},"acf":[],"_links":{"self":[{"href":"https:\/\/www.fjpremium.com\/de\/wp-json\/wp\/v2\/product\/15052","targetHints":{"allow":["GET"]}}],"collection":[{"href":"https:\/\/www.fjpremium.com\/de\/wp-json\/wp\/v2\/product"}],"about":[{"href":"https:\/\/www.fjpremium.com\/de\/wp-json\/wp\/v2\/types\/product"}],"wp:featuredmedia":[{"embeddable":true,"href":"https:\/\/www.fjpremium.com\/de\/wp-json\/wp\/v2\/media\/15054"}],"wp:attachment":[{"href":"https:\/\/www.fjpremium.com\/de\/wp-json\/wp\/v2\/media?parent=15052"}],"wp:term":[{"taxonomy":"product_brand","embeddable":true,"href":"https:\/\/www.fjpremium.com\/de\/wp-json\/wp\/v2\/product_brand?post=15052"},{"taxonomy":"product_cat","embeddable":true,"href":"https:\/\/www.fjpremium.com\/de\/wp-json\/wp\/v2\/product_cat?post=15052"},{"taxonomy":"product_tag","embeddable":true,"href":"https:\/\/www.fjpremium.com\/de\/wp-json\/wp\/v2\/product_tag?post=15052"}],"curies":[{"name":"wp","href":"https:\/\/api.w.org\/{rel}","templated":true}]}}