{"id":15037,"date":"2020-05-25T16:32:32","date_gmt":"2020-05-25T08:32:32","guid":{"rendered":"https:\/\/www.fjpremium.com\/?post_type=product&#038;p=15037"},"modified":"2024-03-14T14:54:11","modified_gmt":"2024-03-14T06:54:11","slug":"cat5e-cat6-cat6a-rj45-ftp-stp-shield-male-to-female-panel-mount-extention-cable","status":"publish","type":"product","link":"https:\/\/www.fjpremium.com\/de\/product\/cat5e-cat6-cat6a-rj45-ftp-stp-shield-male-to-female-panel-mount-extention-cable\/","title":{"rendered":"FTP STP Cat5e Cat6 Abgeschirmtes Ethernet-Kabel Stecker zu Buchse"},"content":{"rendered":"<p>Dieses abgeschirmte Cat6-Ethernet-Kabel nach Industriestandard Cat5e wurde entwickelt, um Verbindungen durch ein Paneel zu verl\u00e4ngern und bietet Zugang zu einer sicheren, geschlossenen Quelle. Es \u00fcbertrifft die Leistungsstandards der Kategorie 5E\/6 gem\u00e4\u00df den TIA\/EIA-568-C.2-Spezifikationen.<\/p>\n<p>Vergoldete Kontakte und vergossene Zugentlastungsmanschetten sorgen f\u00fcr Langlebigkeit und sichere Verbindungen, w\u00e4hrend blanke Kupferleiter die Leistung des Kabels gem\u00e4\u00df den Normen f\u00fcr Kommunikationskabel erh\u00f6hen.<\/p>\n<p>Die hohe Bandbreite des Kabels von 350 MHz sorgt f\u00fcr schnelle Daten\u00fcbertragungen und eignet sich perfekt f\u00fcr Serveranwendungen, Cloud Computing, Video\u00fcberwachung und HD-Streaming.<\/p>\n<p>Seine Spezifikationen:<\/p>\n<ul>\n<li>Mutter und Schraube Typ: #M3 vernickelt<\/li>\n<li>Lochabstand: 25mm<\/li>\n<li>Isolierung: Gesch\u00e4umte PE-Haut\/HDPE<\/li>\n<li>Drahtst\u00e4rke: 26AWG 7\/0.15mm<\/li>\n<li>Geh\u00e4use: Spritzgie\u00dfen<\/li>\n<li>Mantel: PVC<\/li>\n<li>\u00c4u\u00dferer Durchmesser: 5,5\u00b1 0,2mm oder 6,0\u00b10,2mm<\/li>\n<li>Einhaltung der Vorschriften: RoHS, REACH, CE<\/li>\n<\/ul>\n<p>Au\u00dferdem erhalten Sie von uns eine 2-j\u00e4hrige Garantie. Kurzum, kontaktieren Sie uns noch heute und f\u00fcgen Sie es Ihrem Bestand hinzu.<\/p>","protected":false},"excerpt":{"rendered":"<p>Maximieren Sie die Konnektivit\u00e4t Ihres LAN-Netzwerks mit dem hochwertigen geschirmten FTP STP Cat5e Cat6-Ethernet-Kabel von FARSINCE. Es bietet schnelle Daten\u00fcbertragung und wird mit einer 2-j\u00e4hrigen Garantie geliefert.<\/p>","protected":false},"featured_media":15047,"template":"","meta":{"_acf_changed":false,"_seopress_robots_primary_cat":"","_seopress_titles_title":"FTP STP Cat5e Cat6 Shielded Ethernet Cable - Farsince","_seopress_titles_desc":"Maximise LAN network&#039;s connectivity with FARSINCE&#039;s superior Cat6 shielded Ethernet cable, boasting fast data transfer and supported by a 2-year warranty.","_seopress_robots_index":"","site-sidebar-layout":"default","site-content-layout":"default","ast-site-content-layout":"default","site-content-style":"default","site-sidebar-style":"default","ast-global-header-display":"","ast-banner-title-visibility":"","ast-main-header-display":"","ast-hfb-above-header-display":"","ast-hfb-below-header-display":"","ast-hfb-mobile-header-display":"","site-post-title":"","ast-breadcrumbs-content":"","ast-featured-img":"","footer-sml-layout":"","ast-disable-related-posts":"","theme-transparent-header-meta":"default","adv-header-id-meta":"","stick-header-meta":"","header-above-stick-meta":"","header-main-stick-meta":"","header-below-stick-meta":"","astra-migrate-meta-layouts":"set","ast-page-background-enabled":"default","ast-page-background-meta":{"desktop":{"background-color":"","background-image":"","background-repeat":"repeat","background-position":"center center","background-size":"auto","background-attachment":"scroll","background-type":"","background-media":"","overlay-type":"","overlay-color":"","overlay-opacity":"","overlay-gradient":""},"tablet":{"background-color":"","background-image":"","background-repeat":"repeat","background-position":"center center","background-size":"auto","background-attachment":"scroll","background-type":"","background-media":"","overlay-type":"","overlay-color":"","overlay-opacity":"","overlay-gradient":""},"mobile":{"background-color":"","background-image":"","background-repeat":"repeat","background-position":"center center","background-size":"auto","background-attachment":"scroll","background-type":"","background-media":"","overlay-type":"","overlay-color":"","overlay-opacity":"","overlay-gradient":""}},"ast-content-background-meta":{"desktop":{"background-color":"var(--ast-global-color-5)","background-image":"","background-repeat":"repeat","background-position":"center center","background-size":"auto","background-attachment":"scroll","background-type":"","background-media":"","overlay-type":"","overlay-color":"","overlay-opacity":"","overlay-gradient":""},"tablet":{"background-color":"var(--ast-global-color-5)","background-image":"","background-repeat":"repeat","background-position":"center center","background-size":"auto","background-attachment":"scroll","background-type":"","background-media":"","overlay-type":"","overlay-color":"","overlay-opacity":"","overlay-gradient":""},"mobile":{"background-color":"var(--ast-global-color-5)","background-image":"","background-repeat":"repeat","background-position":"center center","background-size":"auto","background-attachment":"scroll","background-type":"","background-media":"","overlay-type":"","overlay-color":"","overlay-opacity":"","overlay-gradient":""}},"iawp_total_views":5},"product_brand":[],"product_cat":[238,678],"product_tag":[],"class_list":{"0":"post-15037","1":"product","2":"type-product","3":"status-publish","4":"has-post-thumbnail","6":"product_cat-panel-mount","7":"product_cat-panel-mount-cables","8":"desktop-align-left","9":"tablet-align-left","10":"mobile-align-left","12":"first","13":"instock","14":"shipping-taxable","15":"purchasable","16":"product-type-simple"},"acf":[],"_links":{"self":[{"href":"https:\/\/www.fjpremium.com\/de\/wp-json\/wp\/v2\/product\/15037","targetHints":{"allow":["GET"]}}],"collection":[{"href":"https:\/\/www.fjpremium.com\/de\/wp-json\/wp\/v2\/product"}],"about":[{"href":"https:\/\/www.fjpremium.com\/de\/wp-json\/wp\/v2\/types\/product"}],"wp:featuredmedia":[{"embeddable":true,"href":"https:\/\/www.fjpremium.com\/de\/wp-json\/wp\/v2\/media\/15047"}],"wp:attachment":[{"href":"https:\/\/www.fjpremium.com\/de\/wp-json\/wp\/v2\/media?parent=15037"}],"wp:term":[{"taxonomy":"product_brand","embeddable":true,"href":"https:\/\/www.fjpremium.com\/de\/wp-json\/wp\/v2\/product_brand?post=15037"},{"taxonomy":"product_cat","embeddable":true,"href":"https:\/\/www.fjpremium.com\/de\/wp-json\/wp\/v2\/product_cat?post=15037"},{"taxonomy":"product_tag","embeddable":true,"href":"https:\/\/www.fjpremium.com\/de\/wp-json\/wp\/v2\/product_tag?post=15037"}],"curies":[{"name":"wp","href":"https:\/\/api.w.org\/{rel}","templated":true}]}}