{"id":15036,"date":"2020-05-25T16:32:31","date_gmt":"2020-05-25T08:32:31","guid":{"rendered":"https:\/\/www.fjpremium.com\/?post_type=product&#038;p=15036"},"modified":"2024-01-12T15:48:14","modified_gmt":"2024-01-12T07:48:14","slug":"cat5e-cat6-cat6a-rj45-utp-unshield-male-to-female-panel-mount-extention-cable","status":"publish","type":"product","link":"https:\/\/www.fjpremium.com\/de\/product\/cat5e-cat6-cat6a-rj45-utp-unshield-male-to-female-panel-mount-extention-cable\/","title":{"rendered":"Cat5e\/Cat6\/Cat6a RJ45 Ungeschirmtes Twisted Pair Kabel Stecker zu Buchse"},"content":{"rendered":"<p>Unsere au\u00dfergew\u00f6hnliche L\u00f6sung verst\u00e4rkt die Reichweite zwischen verschiedenen LAN-Netzwerkkomponenten durch ein Panel und erm\u00f6glicht Verbindungen von sicheren, isolierten Quellen.<\/p>\n<p>Es entspricht den Leistungserwartungen der Kategorie 5E gem\u00e4\u00df den TIA\/EIA-568-C.2-Spezifikationen. Die vergoldeten Kontakte und die vergossenen Zugentlastungsmanschetten gew\u00e4hrleisten die Langlebigkeit des Kabels und eine sichere Verbindung.<\/p>\n<p>Die blanken Kupferleiter dieses ungeschirmten Twisted-Pair-Kabels optimieren die Kabelleistung und erf\u00fcllen die Spezifikationen f\u00fcr Kommunikationskabel.<\/p>\n<p>Die hohe Bandbreite von bis zu 350 MHz gew\u00e4hrleistet eine schnelle Daten\u00fcbertragung f\u00fcr Serveranwendungen, Cloud Computing, Video\u00fcberwachung und HD-Video-Streaming.<\/p>\n<p>Seine Spezifikationen:<\/p>\n<ul>\n<li>Anschluss 1: RJ45 Stecker<\/li>\n<li>Anschluss 2: RJ45-Buchse mit Schraubverriegelung<\/li>\n<li>Vergoldeter Kontakt 3U, vernickeltes Geh\u00e4use<\/li>\n<li>Mutter und Schraube Typ: #M3 vernickelt<\/li>\n<li>Isolierung: Gesch\u00e4umte PE-Haut\/HDPE<\/li>\n<li>Drahtst\u00e4rke: 26AWG 7\/0.15mm<\/li>\n<li>Geh\u00e4use: Spritzgie\u00dfen<\/li>\n<li>Mantel: PVC<\/li>\n<li>\u00c4u\u00dferer Durchmesser: 5,5\u00b1 0,2mm oder 6,0\u00b1 0,2mm<\/li>\n<li>Einhaltung der Vorschriften: RoHS, REACH<\/li>\n<\/ul>\n<p>Au\u00dferdem k\u00f6nnen Sie auf die 2-Jahres-Garantie von FARSINCE vertrauen. Kurzum, kontaktieren Sie uns noch heute und bestellen Sie es.<\/p>","protected":false},"excerpt":{"rendered":"<p>Erweitern Sie die Reichweite des Netzwerks mit dem ungeschirmten Twisted Pair-Kabel Cat5e\/Cat6\/Cat6a RJ45 von FARSINCE, das Hochgeschwindigkeitsdaten\u00fcbertragung und eine robuste Konstruktion bietet.<\/p>","protected":false},"featured_media":15042,"template":"","meta":{"_acf_changed":false,"_seopress_robots_primary_cat":"","_seopress_titles_title":"Cat5e\/Cat6\/Cat6a RJ45 Unshielded Twisted Pair Cable - Farsince","_seopress_titles_desc":"","_seopress_robots_index":"","site-sidebar-layout":"default","site-content-layout":"default","ast-site-content-layout":"default","site-content-style":"default","site-sidebar-style":"default","ast-global-header-display":"","ast-banner-title-visibility":"","ast-main-header-display":"","ast-hfb-above-header-display":"","ast-hfb-below-header-display":"","ast-hfb-mobile-header-display":"","site-post-title":"","ast-breadcrumbs-content":"","ast-featured-img":"","footer-sml-layout":"","ast-disable-related-posts":"","theme-transparent-header-meta":"default","adv-header-id-meta":"","stick-header-meta":"","header-above-stick-meta":"","header-main-stick-meta":"","header-below-stick-meta":"","astra-migrate-meta-layouts":"set","ast-page-background-enabled":"default","ast-page-background-meta":{"desktop":{"background-color":"","background-image":"","background-repeat":"repeat","background-position":"center center","background-size":"auto","background-attachment":"scroll","background-type":"","background-media":"","overlay-type":"","overlay-color":"","overlay-opacity":"","overlay-gradient":""},"tablet":{"background-color":"","background-image":"","background-repeat":"repeat","background-position":"center center","background-size":"auto","background-attachment":"scroll","background-type":"","background-media":"","overlay-type":"","overlay-color":"","overlay-opacity":"","overlay-gradient":""},"mobile":{"background-color":"","background-image":"","background-repeat":"repeat","background-position":"center center","background-size":"auto","background-attachment":"scroll","background-type":"","background-media":"","overlay-type":"","overlay-color":"","overlay-opacity":"","overlay-gradient":""}},"ast-content-background-meta":{"desktop":{"background-color":"var(--ast-global-color-5)","background-image":"","background-repeat":"repeat","background-position":"center center","background-size":"auto","background-attachment":"scroll","background-type":"","background-media":"","overlay-type":"","overlay-color":"","overlay-opacity":"","overlay-gradient":""},"tablet":{"background-color":"var(--ast-global-color-5)","background-image":"","background-repeat":"repeat","background-position":"center center","background-size":"auto","background-attachment":"scroll","background-type":"","background-media":"","overlay-type":"","overlay-color":"","overlay-opacity":"","overlay-gradient":""},"mobile":{"background-color":"var(--ast-global-color-5)","background-image":"","background-repeat":"repeat","background-position":"center center","background-size":"auto","background-attachment":"scroll","background-type":"","background-media":"","overlay-type":"","overlay-color":"","overlay-opacity":"","overlay-gradient":""}},"iawp_total_views":8},"product_brand":[],"product_cat":[238,678],"product_tag":[],"class_list":{"0":"post-15036","1":"product","2":"type-product","3":"status-publish","4":"has-post-thumbnail","6":"product_cat-panel-mount","7":"product_cat-panel-mount-cables","8":"desktop-align-left","9":"tablet-align-left","10":"mobile-align-left","12":"first","13":"instock","14":"shipping-taxable","15":"purchasable","16":"product-type-simple"},"acf":[],"_links":{"self":[{"href":"https:\/\/www.fjpremium.com\/de\/wp-json\/wp\/v2\/product\/15036","targetHints":{"allow":["GET"]}}],"collection":[{"href":"https:\/\/www.fjpremium.com\/de\/wp-json\/wp\/v2\/product"}],"about":[{"href":"https:\/\/www.fjpremium.com\/de\/wp-json\/wp\/v2\/types\/product"}],"wp:featuredmedia":[{"embeddable":true,"href":"https:\/\/www.fjpremium.com\/de\/wp-json\/wp\/v2\/media\/15042"}],"wp:attachment":[{"href":"https:\/\/www.fjpremium.com\/de\/wp-json\/wp\/v2\/media?parent=15036"}],"wp:term":[{"taxonomy":"product_brand","embeddable":true,"href":"https:\/\/www.fjpremium.com\/de\/wp-json\/wp\/v2\/product_brand?post=15036"},{"taxonomy":"product_cat","embeddable":true,"href":"https:\/\/www.fjpremium.com\/de\/wp-json\/wp\/v2\/product_cat?post=15036"},{"taxonomy":"product_tag","embeddable":true,"href":"https:\/\/www.fjpremium.com\/de\/wp-json\/wp\/v2\/product_tag?post=15036"}],"curies":[{"name":"wp","href":"https:\/\/api.w.org\/{rel}","templated":true}]}}