{"id":15035,"date":"2020-05-25T16:32:30","date_gmt":"2020-05-25T08:32:30","guid":{"rendered":"https:\/\/www.fjpremium.com\/?post_type=product&#038;p=15035"},"modified":"2024-03-14T14:45:27","modified_gmt":"2024-03-14T06:45:27","slug":"cat5e-cat6-cat6a-rj45-female-to-female-ethernet-panel-mount-cable","status":"publish","type":"product","link":"https:\/\/www.fjpremium.com\/de\/product\/cat5e-cat6-cat6a-rj45-female-to-female-ethernet-panel-mount-cable\/","title":{"rendered":"Cat5e\/Cat6\/Cat6a RJ45-Buchse zu Buchse Ethernet-Panelmontagekabel"},"content":{"rendered":"<p>Das kompakte Ethernet-Kabel f\u00fcr die Schalttafelmontage kombiniert zwei Patchkabel in einer Schalttafel, die f\u00fcr eine sichere Verbindung an einem gesch\u00fctzten Ort ausgelegt ist.<\/p>\n<p>Mit einer beeindruckenden Bandbreite von bis zu 350 MHz garantiert er Hochgeschwindigkeitsdaten\u00fcbertragungen, die ideal f\u00fcr Serveranwendungen, Cloud Computing, Video\u00fcberwachung und High-Definition-Video-Streaming sind.<\/p>\n<p>Unser Kabel entspricht den TIA\/EIA-568-C.2-Spezifikationen und verf\u00fcgt \u00fcber vergoldete Kontakte und vergossene Zugentlastungsmanschetten f\u00fcr zus\u00e4tzliche Haltbarkeit und sichere Verbindungen.<\/p>\n<p>Die blanken Kupferleiter entsprechen den Normen f\u00fcr Kommunikationskabel und verbessern die Leistung.<\/p>\n<p>Seine Spezifikationen:<\/p>\n<ul>\n<li>Mutter und Schraube Typ: #M3, vernickelt<\/li>\n<li>Isolierung: Gesch\u00e4umte PE-Haut\/HDPE<\/li>\n<li>Drahtst\u00e4rke: 26AWG 7\/0.16mm<\/li>\n<li>Abschirmung: Drahtseil, Alufolie<\/li>\n<li>Geh\u00e4use: Spritzgie\u00dfen<\/li>\n<li>Mantel: PVC<\/li>\n<li>\u00c4u\u00dferer Durchmesser: 5,5\u00b10,2mm<\/li>\n<li>Einhaltung der Vorschriften: RoHS, REACH, CE<\/li>\n<\/ul>\n<p>Dar\u00fcber hinaus genie\u00dfen Sie mit der 2-Jahres-Garantie von Farsince auf dieses gepr\u00fcfte und industrieerprobte Kabel ein beruhigendes Gef\u00fchl. Also, kontaktieren Sie uns heute und f\u00fcgen Sie es zu Ihrem Bestand.<\/p>","protected":false},"excerpt":{"rendered":"<p>Verbessern Sie m\u00fchelos die Vernetzung mit Farsince's CAT5E\/CAT6\/CAT6A RJ45 Buchse zu Buchse Ethernet Panel Mount Kabel, ideal f\u00fcr High-Speed-Daten\u00fcbertragungen und konform mit den Industrie-Spezifikationen.<\/p>","protected":false},"featured_media":15038,"template":"","meta":{"_acf_changed":false,"_seopress_robots_primary_cat":"","_seopress_titles_title":"Female to Female Ethernet Panel Mount Cable - Farsince","_seopress_titles_desc":"Effortlessly enhance the networking with Farsince&#039;s CAT5E\/CAT6\/CAT6A RJ45 female to female Ethernet panel mount cable, ideal for high-speed data transfers.","_seopress_robots_index":"","site-sidebar-layout":"default","site-content-layout":"default","ast-site-content-layout":"default","site-content-style":"default","site-sidebar-style":"default","ast-global-header-display":"","ast-banner-title-visibility":"","ast-main-header-display":"","ast-hfb-above-header-display":"","ast-hfb-below-header-display":"","ast-hfb-mobile-header-display":"","site-post-title":"","ast-breadcrumbs-content":"","ast-featured-img":"","footer-sml-layout":"","ast-disable-related-posts":"","theme-transparent-header-meta":"default","adv-header-id-meta":"","stick-header-meta":"","header-above-stick-meta":"","header-main-stick-meta":"","header-below-stick-meta":"","astra-migrate-meta-layouts":"set","ast-page-background-enabled":"default","ast-page-background-meta":{"desktop":{"background-color":"","background-image":"","background-repeat":"repeat","background-position":"center center","background-size":"auto","background-attachment":"scroll","background-type":"","background-media":"","overlay-type":"","overlay-color":"","overlay-opacity":"","overlay-gradient":""},"tablet":{"background-color":"","background-image":"","background-repeat":"repeat","background-position":"center center","background-size":"auto","background-attachment":"scroll","background-type":"","background-media":"","overlay-type":"","overlay-color":"","overlay-opacity":"","overlay-gradient":""},"mobile":{"background-color":"","background-image":"","background-repeat":"repeat","background-position":"center center","background-size":"auto","background-attachment":"scroll","background-type":"","background-media":"","overlay-type":"","overlay-color":"","overlay-opacity":"","overlay-gradient":""}},"ast-content-background-meta":{"desktop":{"background-color":"var(--ast-global-color-5)","background-image":"","background-repeat":"repeat","background-position":"center center","background-size":"auto","background-attachment":"scroll","background-type":"","background-media":"","overlay-type":"","overlay-color":"","overlay-opacity":"","overlay-gradient":""},"tablet":{"background-color":"var(--ast-global-color-5)","background-image":"","background-repeat":"repeat","background-position":"center center","background-size":"auto","background-attachment":"scroll","background-type":"","background-media":"","overlay-type":"","overlay-color":"","overlay-opacity":"","overlay-gradient":""},"mobile":{"background-color":"var(--ast-global-color-5)","background-image":"","background-repeat":"repeat","background-position":"center center","background-size":"auto","background-attachment":"scroll","background-type":"","background-media":"","overlay-type":"","overlay-color":"","overlay-opacity":"","overlay-gradient":""}},"iawp_total_views":3},"product_brand":[],"product_cat":[238,678],"product_tag":[],"class_list":{"0":"post-15035","1":"product","2":"type-product","3":"status-publish","4":"has-post-thumbnail","6":"product_cat-panel-mount","7":"product_cat-panel-mount-cables","8":"desktop-align-left","9":"tablet-align-left","10":"mobile-align-left","12":"first","13":"instock","14":"shipping-taxable","15":"purchasable","16":"product-type-simple"},"acf":[],"_links":{"self":[{"href":"https:\/\/www.fjpremium.com\/de\/wp-json\/wp\/v2\/product\/15035","targetHints":{"allow":["GET"]}}],"collection":[{"href":"https:\/\/www.fjpremium.com\/de\/wp-json\/wp\/v2\/product"}],"about":[{"href":"https:\/\/www.fjpremium.com\/de\/wp-json\/wp\/v2\/types\/product"}],"wp:featuredmedia":[{"embeddable":true,"href":"https:\/\/www.fjpremium.com\/de\/wp-json\/wp\/v2\/media\/15038"}],"wp:attachment":[{"href":"https:\/\/www.fjpremium.com\/de\/wp-json\/wp\/v2\/media?parent=15035"}],"wp:term":[{"taxonomy":"product_brand","embeddable":true,"href":"https:\/\/www.fjpremium.com\/de\/wp-json\/wp\/v2\/product_brand?post=15035"},{"taxonomy":"product_cat","embeddable":true,"href":"https:\/\/www.fjpremium.com\/de\/wp-json\/wp\/v2\/product_cat?post=15035"},{"taxonomy":"product_tag","embeddable":true,"href":"https:\/\/www.fjpremium.com\/de\/wp-json\/wp\/v2\/product_tag?post=15035"}],"curies":[{"name":"wp","href":"https:\/\/api.w.org\/{rel}","templated":true}]}}