{"id":14988,"date":"2020-05-25T15:55:52","date_gmt":"2020-05-25T07:55:52","guid":{"rendered":"https:\/\/www.fjpremium.com\/?post_type=product&#038;p=14988"},"modified":"2024-03-13T16:54:40","modified_gmt":"2024-03-13T08:54:40","slug":"usb-3-0-a-female-to-b-female-panel-mount-cable","status":"publish","type":"product","link":"https:\/\/www.fjpremium.com\/de\/product\/usb-3-0-a-female-to-b-female-panel-mount-cable\/","title":{"rendered":"USB 3.0 A auf B Kabel Buchse auf Buchse"},"content":{"rendered":"<p>Unser Hauptvorteil ist die m\u00fchelose Zusammenf\u00fchrung von zwei USB-Kabeln \u00fcber ein Panel, was eine sichere Verbindung von einer gekapselten Quelle aus erm\u00f6glicht.<\/p>\n<p>Er wurde f\u00fcr minimale Signalverluste entwickelt und liefert eine beeindruckende \u00dcbertragungsrate von bis zu 5 Gbit\/s, die von der USB-Version des Peripherieger\u00e4ts abh\u00e4ngt.<\/p>\n<p>Die einfache Anbringungsfunktion erm\u00f6glicht au\u00dferdem eine schnelle Verbindung mit jedem USB-Ger\u00e4t.<\/p>\n<p>Dieses USB 3.0 A-auf-B-Kabel verf\u00fcgt \u00fcber einen widerstandsf\u00e4higen PVC-Mantel, eine Folien- und Geflechtabschirmung f\u00fcr absolute Immunit\u00e4t gegen EMI\/RFI-Interferenzen und eine Twisted-Pair-Konstruktion, die das \u00dcbersprechen f\u00fcr schnelle, fehlerfreie \u00dcbertragungen reduziert.<\/p>\n<p>Seine Spezifikationen:<\/p>\n<ul>\n<li>Mutter und Schraube Typ: #4-40 vernickelt<\/li>\n<li>Vergoldeter Kontakt, vernickeltes Geh\u00e4use<\/li>\n<li>Kabel-Leiter: Verzinntes Kupfer<\/li>\n<li>Isolierung: Gesch\u00e4umte PE-Haut\/HDPE<\/li>\n<li>Kabelquerschnitt: 28\/24AWG<\/li>\n<li>Geh\u00e4use: Spritzgie\u00dfen<\/li>\n<li>\u00c4u\u00dferer Durchmesser: 5,5\u00b10,2mm<\/li>\n<li>Einhaltung der Vorschriften: RoHS, REACH, CE<\/li>\n<\/ul>\n<p>Au\u00dferdem k\u00f6nnen Sie sich darauf verlassen, dass eine 2-Jahres-Garantie von FARSINCE gilt und die strengen Industriestandards eingehalten werden. Wenden Sie sich daher noch heute an uns und investieren Sie in das Ger\u00e4t.<\/p>","protected":false},"excerpt":{"rendered":"<p>Kombinieren Sie Leistung und Komfort mit dem USB 3.0 A auf B-Kabel Buchse auf Buchse von FARSINCE und sichern Sie so die Konnektivit\u00e4t, schnelle Daten\u00fcbertragungen und Immunit\u00e4t gegen EMI\/RFI-St\u00f6rungen.<\/p>","protected":false},"featured_media":14994,"template":"","meta":{"_acf_changed":false,"_seopress_robots_primary_cat":"","_seopress_titles_title":"Best USB 3.0 A to B Cable Female to Female - FARSINCE","_seopress_titles_desc":"Merge performance and convenience with FARSINCE&#039;s USB 3.0 A to B cable, securing connectivity, fast data transfers, and EMI\/RFI interference immunity.","_seopress_robots_index":"","site-sidebar-layout":"default","site-content-layout":"default","ast-site-content-layout":"default","site-content-style":"default","site-sidebar-style":"default","ast-global-header-display":"","ast-banner-title-visibility":"","ast-main-header-display":"","ast-hfb-above-header-display":"","ast-hfb-below-header-display":"","ast-hfb-mobile-header-display":"","site-post-title":"","ast-breadcrumbs-content":"","ast-featured-img":"","footer-sml-layout":"","ast-disable-related-posts":"","theme-transparent-header-meta":"default","adv-header-id-meta":"","stick-header-meta":"","header-above-stick-meta":"","header-main-stick-meta":"","header-below-stick-meta":"","astra-migrate-meta-layouts":"set","ast-page-background-enabled":"default","ast-page-background-meta":{"desktop":{"background-color":"","background-image":"","background-repeat":"repeat","background-position":"center center","background-size":"auto","background-attachment":"scroll","background-type":"","background-media":"","overlay-type":"","overlay-color":"","overlay-opacity":"","overlay-gradient":""},"tablet":{"background-color":"","background-image":"","background-repeat":"repeat","background-position":"center center","background-size":"auto","background-attachment":"scroll","background-type":"","background-media":"","overlay-type":"","overlay-color":"","overlay-opacity":"","overlay-gradient":""},"mobile":{"background-color":"","background-image":"","background-repeat":"repeat","background-position":"center center","background-size":"auto","background-attachment":"scroll","background-type":"","background-media":"","overlay-type":"","overlay-color":"","overlay-opacity":"","overlay-gradient":""}},"ast-content-background-meta":{"desktop":{"background-color":"var(--ast-global-color-5)","background-image":"","background-repeat":"repeat","background-position":"center center","background-size":"auto","background-attachment":"scroll","background-type":"","background-media":"","overlay-type":"","overlay-color":"","overlay-opacity":"","overlay-gradient":""},"tablet":{"background-color":"var(--ast-global-color-5)","background-image":"","background-repeat":"repeat","background-position":"center center","background-size":"auto","background-attachment":"scroll","background-type":"","background-media":"","overlay-type":"","overlay-color":"","overlay-opacity":"","overlay-gradient":""},"mobile":{"background-color":"var(--ast-global-color-5)","background-image":"","background-repeat":"repeat","background-position":"center center","background-size":"auto","background-attachment":"scroll","background-type":"","background-media":"","overlay-type":"","overlay-color":"","overlay-opacity":"","overlay-gradient":""}},"iawp_total_views":5},"product_brand":[],"product_cat":[238,678],"product_tag":[],"class_list":{"0":"post-14988","1":"product","2":"type-product","3":"status-publish","4":"has-post-thumbnail","6":"product_cat-panel-mount","7":"product_cat-panel-mount-cables","8":"desktop-align-left","9":"tablet-align-left","10":"mobile-align-left","12":"first","13":"instock","14":"shipping-taxable","15":"purchasable","16":"product-type-simple"},"acf":[],"_links":{"self":[{"href":"https:\/\/www.fjpremium.com\/de\/wp-json\/wp\/v2\/product\/14988","targetHints":{"allow":["GET"]}}],"collection":[{"href":"https:\/\/www.fjpremium.com\/de\/wp-json\/wp\/v2\/product"}],"about":[{"href":"https:\/\/www.fjpremium.com\/de\/wp-json\/wp\/v2\/types\/product"}],"wp:featuredmedia":[{"embeddable":true,"href":"https:\/\/www.fjpremium.com\/de\/wp-json\/wp\/v2\/media\/14994"}],"wp:attachment":[{"href":"https:\/\/www.fjpremium.com\/de\/wp-json\/wp\/v2\/media?parent=14988"}],"wp:term":[{"taxonomy":"product_brand","embeddable":true,"href":"https:\/\/www.fjpremium.com\/de\/wp-json\/wp\/v2\/product_brand?post=14988"},{"taxonomy":"product_cat","embeddable":true,"href":"https:\/\/www.fjpremium.com\/de\/wp-json\/wp\/v2\/product_cat?post=14988"},{"taxonomy":"product_tag","embeddable":true,"href":"https:\/\/www.fjpremium.com\/de\/wp-json\/wp\/v2\/product_tag?post=14988"}],"curies":[{"name":"wp","href":"https:\/\/api.w.org\/{rel}","templated":true}]}}