{"id":14985,"date":"2020-05-25T15:55:44","date_gmt":"2020-05-25T07:55:44","guid":{"rendered":"https:\/\/www.fjpremium.com\/?post_type=product&#038;p=14985"},"modified":"2024-03-14T11:01:37","modified_gmt":"2024-03-14T03:01:37","slug":"90-degree-angle-type-usb-3-1-type-c-male-to-female-panel-mount-extension-cable","status":"publish","type":"product","link":"https:\/\/www.fjpremium.com\/de\/product\/90-degree-angle-type-usb-3-1-type-c-male-to-female-panel-mount-extension-cable\/","title":{"rendered":"USB 3.1 USB C 90-Grad-Kabel Stecker zu Buchse"},"content":{"rendered":"<p>Dieses kurze Kabel wurde f\u00fcr minimale Signalverluste entwickelt und verbindet zwei USB-Typ-C-Kabel durch eine Platte. Damit k\u00f6nnen Sie die Verbindung von einer Quelle an einem sicheren Ort herstellen.<\/p>\n<p>Unser USB-C-Kabel mit 90 Grad kann eine \u00dcbertragungsrate von bis zu 10 Gbps erreichen und l\u00e4sst sich m\u00fchelos an jedes USB-Ger\u00e4t anschlie\u00dfen.<\/p>\n<p>Der um 90 Grad abgewinkelte Stecker erleichtert die Nutzung des Anschlusses und mindert die Belastung am Anschlusspunkt, um m\u00f6gliche Sch\u00e4den an den USB-Kabeln und -Anschl\u00fcssen Ihrer Ger\u00e4te zu vermeiden.<\/p>\n<p>Seine Folien- und Geflechtabschirmung bietet einen umfassenden Schutz gegen EMI\/RFI-Interferenzen, und die Twisted-Pair-Struktur reduziert das \u00dcbersprechen und gew\u00e4hrleistet eine schnelle, fehlerfreie Daten\u00fcbertragung.<\/p>\n<p>Seine Spezifikationen:<\/p>\n<ul>\n<li>Mutter und Schraube Typ: #4-40 vernickelt<\/li>\n<li>Vergoldeter Kontakt, vernickeltes Geh\u00e4use<\/li>\n<li>Kabel-Leiter: Verzinntes Kupfer<\/li>\n<li>Isolierung: Gesch\u00e4umte PE-Haut\/HDPE<\/li>\n<li>Drahtst\u00e4rke: 34\/32\/26AWG<\/li>\n<li>Geh\u00e4use: Spritzgie\u00dfen<\/li>\n<li>Mantel: PVC<\/li>\n<li>\u00c4u\u00dferer Durchmesser: 4,2\u00b10,2mm<\/li>\n<li>Einhaltung der Vorschriften: RoHS, REACH, CE<\/li>\n<\/ul>\n<p>Dar\u00fcber hinaus stellen wir sicher, dass das hochwertige, voll funktionsf\u00e4hige Kabel den Industriestandards entspricht, und gew\u00e4hren eine 2-j\u00e4hrige Garantie. Kontaktieren Sie uns also noch heute und bestellen Sie es.<\/p>","protected":false},"excerpt":{"rendered":"<p>Wir pr\u00e4sentieren das hochwertige USB-C-90-Grad-Kabel von Farsince, mit dem sich zwei USB-Typ-C-Kabel ganz einfach \u00fcber ein Panel verbinden lassen, ohne dass es zu Signalverlusten kommt.<\/p>","protected":false},"featured_media":15022,"template":"","meta":{"_acf_changed":false,"_seopress_robots_primary_cat":"","_seopress_titles_title":"USB 3.1 USB C 90 Degree Cable Male to Female - FARSINCE","_seopress_titles_desc":"","_seopress_robots_index":"","site-sidebar-layout":"default","site-content-layout":"default","ast-site-content-layout":"default","site-content-style":"default","site-sidebar-style":"default","ast-global-header-display":"","ast-banner-title-visibility":"","ast-main-header-display":"","ast-hfb-above-header-display":"","ast-hfb-below-header-display":"","ast-hfb-mobile-header-display":"","site-post-title":"","ast-breadcrumbs-content":"","ast-featured-img":"","footer-sml-layout":"","ast-disable-related-posts":"","theme-transparent-header-meta":"default","adv-header-id-meta":"","stick-header-meta":"","header-above-stick-meta":"","header-main-stick-meta":"","header-below-stick-meta":"","astra-migrate-meta-layouts":"set","ast-page-background-enabled":"default","ast-page-background-meta":{"desktop":{"background-color":"","background-image":"","background-repeat":"repeat","background-position":"center center","background-size":"auto","background-attachment":"scroll","background-type":"","background-media":"","overlay-type":"","overlay-color":"","overlay-opacity":"","overlay-gradient":""},"tablet":{"background-color":"","background-image":"","background-repeat":"repeat","background-position":"center center","background-size":"auto","background-attachment":"scroll","background-type":"","background-media":"","overlay-type":"","overlay-color":"","overlay-opacity":"","overlay-gradient":""},"mobile":{"background-color":"","background-image":"","background-repeat":"repeat","background-position":"center center","background-size":"auto","background-attachment":"scroll","background-type":"","background-media":"","overlay-type":"","overlay-color":"","overlay-opacity":"","overlay-gradient":""}},"ast-content-background-meta":{"desktop":{"background-color":"var(--ast-global-color-5)","background-image":"","background-repeat":"repeat","background-position":"center center","background-size":"auto","background-attachment":"scroll","background-type":"","background-media":"","overlay-type":"","overlay-color":"","overlay-opacity":"","overlay-gradient":""},"tablet":{"background-color":"var(--ast-global-color-5)","background-image":"","background-repeat":"repeat","background-position":"center center","background-size":"auto","background-attachment":"scroll","background-type":"","background-media":"","overlay-type":"","overlay-color":"","overlay-opacity":"","overlay-gradient":""},"mobile":{"background-color":"var(--ast-global-color-5)","background-image":"","background-repeat":"repeat","background-position":"center center","background-size":"auto","background-attachment":"scroll","background-type":"","background-media":"","overlay-type":"","overlay-color":"","overlay-opacity":"","overlay-gradient":""}},"iawp_total_views":12},"product_brand":[],"product_cat":[238,678],"product_tag":[],"class_list":{"0":"post-14985","1":"product","2":"type-product","3":"status-publish","4":"has-post-thumbnail","6":"product_cat-panel-mount","7":"product_cat-panel-mount-cables","8":"desktop-align-left","9":"tablet-align-left","10":"mobile-align-left","12":"first","13":"instock","14":"shipping-taxable","15":"purchasable","16":"product-type-simple"},"acf":[],"_links":{"self":[{"href":"https:\/\/www.fjpremium.com\/de\/wp-json\/wp\/v2\/product\/14985","targetHints":{"allow":["GET"]}}],"collection":[{"href":"https:\/\/www.fjpremium.com\/de\/wp-json\/wp\/v2\/product"}],"about":[{"href":"https:\/\/www.fjpremium.com\/de\/wp-json\/wp\/v2\/types\/product"}],"wp:featuredmedia":[{"embeddable":true,"href":"https:\/\/www.fjpremium.com\/de\/wp-json\/wp\/v2\/media\/15022"}],"wp:attachment":[{"href":"https:\/\/www.fjpremium.com\/de\/wp-json\/wp\/v2\/media?parent=14985"}],"wp:term":[{"taxonomy":"product_brand","embeddable":true,"href":"https:\/\/www.fjpremium.com\/de\/wp-json\/wp\/v2\/product_brand?post=14985"},{"taxonomy":"product_cat","embeddable":true,"href":"https:\/\/www.fjpremium.com\/de\/wp-json\/wp\/v2\/product_cat?post=14985"},{"taxonomy":"product_tag","embeddable":true,"href":"https:\/\/www.fjpremium.com\/de\/wp-json\/wp\/v2\/product_tag?post=14985"}],"curies":[{"name":"wp","href":"https:\/\/api.w.org\/{rel}","templated":true}]}}