{"id":14984,"date":"2020-05-25T15:55:40","date_gmt":"2020-05-25T07:55:40","guid":{"rendered":"https:\/\/www.fjpremium.com\/?post_type=product&#038;p=14984"},"modified":"2024-03-14T10:39:22","modified_gmt":"2024-03-14T02:39:22","slug":"usb-3-1-type-c-male-to-female-panel-mount-extension-cable","status":"publish","type":"product","link":"https:\/\/www.fjpremium.com\/de\/product\/usb-3-1-type-c-male-to-female-panel-mount-extension-cable\/","title":{"rendered":"USB 3.1-Verl\u00e4ngerungskabel Typ C (Stecker auf Buchse) f\u00fcr Panelmontage"},"content":{"rendered":"<p>Unser Kabel ist die ideale L\u00f6sung f\u00fcr die Verbindung von zwei USB-Typ-C-Kabeln durch ein Panel und bietet Ihnen eine sichere M\u00f6glichkeit, Konnektivit\u00e4t von einer begrenzten Quelle aus bereitzustellen.<\/p>\n<p>Und mit seinem kompakten Design und seiner begrenzten L\u00e4nge sorgt es f\u00fcr minimalen Signalverlust.<\/p>\n<p>Dieses USB 3.1-Verl\u00e4ngerungskabel l\u00e4sst sich schnell und m\u00fchelos an jedes USB-Ger\u00e4t anschlie\u00dfen und bietet eine \u00dcbertragungsrate von bis zu 10 Gbit\/s.<\/p>\n<p>Ein um 90 Grad abgewinkelter Stecker ist ein herausragendes Merkmal, das einen m\u00fchelosen Zugang zum Anschluss erm\u00f6glicht, die Belastung am Anschlusspunkt reduziert und m\u00f6gliche Sch\u00e4den am Kabel und am Anschluss Ihrer Ger\u00e4te verhindert.<\/p>\n<p>Seine Spezifikationen:<\/p>\n<ul>\n<li>Mutter und Schraube Typ: #4-40 vernickelt<\/li>\n<li>Vergoldeter Kontakt, vernickeltes Geh\u00e4use<\/li>\n<li>Kabel-Leiter: Verzinntes Kupfer<\/li>\n<li>Isolierung: Gesch\u00e4umte PE-Haut\/HDPE<\/li>\n<li>Drahtst\u00e4rke: 34\/32\/26AWG<\/li>\n<li>Geh\u00e4use: Spritzgie\u00dfen<\/li>\n<li>Mantel: PVC<\/li>\n<li>\u00c4u\u00dferer Durchmesser: 4,2\u00b10,2mm<\/li>\n<li>Einhaltung der Vorschriften: RoHS, REACH, CE<\/li>\n<\/ul>\n<p>Au\u00dferdem bieten die Folien- und Geflechtabschirmung einen vollst\u00e4ndigen Schutz vor EMI\/RFI-St\u00f6rungen, und das Twisted-Pair-Design verringert das \u00dcbersprechen, was eine schnelle, fehlerfreie Daten\u00fcbertragung verspricht.<\/p>\n<p>Dieses hochwertige USB 3.1-Verl\u00e4ngerungskabel wurde auf optimale Leistung nach Industriestandards getestet, ist voll funktionsf\u00e4hig und wird mit einer 2-j\u00e4hrigen Garantie von Farsince geliefert. Insgesamt, kontaktieren Sie uns heute und investieren in sie.<\/p>","protected":false},"excerpt":{"rendered":"<p>Genie\u00dfen Sie die superschnelle Daten\u00fcbertragung mit dem abgewinkelten USB 3.1-Verl\u00e4ngerungskabel von Farsine, das USB-Schnellladung unterst\u00fctzt, die ultimative Wahl f\u00fcr Leistung.<\/p>","protected":false},"featured_media":15004,"template":"","meta":{"_acf_changed":false,"_seopress_robots_primary_cat":"","_seopress_titles_title":"Best Panel Mount USB 3.1 Extension Cable - Farsince","_seopress_titles_desc":"","_seopress_robots_index":"","site-sidebar-layout":"default","site-content-layout":"default","ast-site-content-layout":"default","site-content-style":"default","site-sidebar-style":"default","ast-global-header-display":"","ast-banner-title-visibility":"","ast-main-header-display":"","ast-hfb-above-header-display":"","ast-hfb-below-header-display":"","ast-hfb-mobile-header-display":"","site-post-title":"","ast-breadcrumbs-content":"","ast-featured-img":"","footer-sml-layout":"","ast-disable-related-posts":"","theme-transparent-header-meta":"default","adv-header-id-meta":"","stick-header-meta":"","header-above-stick-meta":"","header-main-stick-meta":"","header-below-stick-meta":"","astra-migrate-meta-layouts":"set","ast-page-background-enabled":"default","ast-page-background-meta":{"desktop":{"background-color":"","background-image":"","background-repeat":"repeat","background-position":"center center","background-size":"auto","background-attachment":"scroll","background-type":"","background-media":"","overlay-type":"","overlay-color":"","overlay-opacity":"","overlay-gradient":""},"tablet":{"background-color":"","background-image":"","background-repeat":"repeat","background-position":"center center","background-size":"auto","background-attachment":"scroll","background-type":"","background-media":"","overlay-type":"","overlay-color":"","overlay-opacity":"","overlay-gradient":""},"mobile":{"background-color":"","background-image":"","background-repeat":"repeat","background-position":"center center","background-size":"auto","background-attachment":"scroll","background-type":"","background-media":"","overlay-type":"","overlay-color":"","overlay-opacity":"","overlay-gradient":""}},"ast-content-background-meta":{"desktop":{"background-color":"var(--ast-global-color-5)","background-image":"","background-repeat":"repeat","background-position":"center center","background-size":"auto","background-attachment":"scroll","background-type":"","background-media":"","overlay-type":"","overlay-color":"","overlay-opacity":"","overlay-gradient":""},"tablet":{"background-color":"var(--ast-global-color-5)","background-image":"","background-repeat":"repeat","background-position":"center center","background-size":"auto","background-attachment":"scroll","background-type":"","background-media":"","overlay-type":"","overlay-color":"","overlay-opacity":"","overlay-gradient":""},"mobile":{"background-color":"var(--ast-global-color-5)","background-image":"","background-repeat":"repeat","background-position":"center center","background-size":"auto","background-attachment":"scroll","background-type":"","background-media":"","overlay-type":"","overlay-color":"","overlay-opacity":"","overlay-gradient":""}},"iawp_total_views":113},"product_brand":[],"product_cat":[460,238,678],"product_tag":[],"class_list":{"0":"post-14984","1":"product","2":"type-product","3":"status-publish","4":"has-post-thumbnail","6":"product_cat-featured-products","7":"product_cat-panel-mount","8":"product_cat-panel-mount-cables","9":"desktop-align-left","10":"tablet-align-left","11":"mobile-align-left","13":"first","14":"instock","15":"featured","16":"shipping-taxable","17":"purchasable","18":"product-type-simple"},"acf":[],"_links":{"self":[{"href":"https:\/\/www.fjpremium.com\/de\/wp-json\/wp\/v2\/product\/14984","targetHints":{"allow":["GET"]}}],"collection":[{"href":"https:\/\/www.fjpremium.com\/de\/wp-json\/wp\/v2\/product"}],"about":[{"href":"https:\/\/www.fjpremium.com\/de\/wp-json\/wp\/v2\/types\/product"}],"wp:featuredmedia":[{"embeddable":true,"href":"https:\/\/www.fjpremium.com\/de\/wp-json\/wp\/v2\/media\/15004"}],"wp:attachment":[{"href":"https:\/\/www.fjpremium.com\/de\/wp-json\/wp\/v2\/media?parent=14984"}],"wp:term":[{"taxonomy":"product_brand","embeddable":true,"href":"https:\/\/www.fjpremium.com\/de\/wp-json\/wp\/v2\/product_brand?post=14984"},{"taxonomy":"product_cat","embeddable":true,"href":"https:\/\/www.fjpremium.com\/de\/wp-json\/wp\/v2\/product_cat?post=14984"},{"taxonomy":"product_tag","embeddable":true,"href":"https:\/\/www.fjpremium.com\/de\/wp-json\/wp\/v2\/product_tag?post=14984"}],"curies":[{"name":"wp","href":"https:\/\/api.w.org\/{rel}","templated":true}]}}