{"id":14983,"date":"2020-05-25T15:55:38","date_gmt":"2020-05-25T07:55:38","guid":{"rendered":"https:\/\/www.fjpremium.com\/?post_type=product&#038;p=14983"},"modified":"2024-03-14T10:28:48","modified_gmt":"2024-03-14T02:28:48","slug":"usb-3-1-type-c-female-to-female-panel-mount-cable","status":"publish","type":"product","link":"https:\/\/www.fjpremium.com\/de\/product\/usb-3-1-type-c-female-to-female-panel-mount-cable\/","title":{"rendered":"Verl\u00e4ngerungskabel von Buchse zu Buchse f\u00fcr USB-C-Panelmontage"},"content":{"rendered":"<p>Noch nie war es so einfach, zwei USB-Typ-C-Kabel zusammenzuf\u00fchren, um die Konnektivit\u00e4t des Panels zu erleichtern.<\/p>\n<p>Dieser Aufbau erm\u00f6glicht Ihnen eine sichere Verbindung zu den Quellen. Die kurze L\u00e4nge und das durchdachte Design tragen zu einem minimalen Signalverlust bei.<\/p>\n<p>Mit einer \u00dcbertragungsrate von bis zu 10 Gbit\/s kann das USB-C-Verl\u00e4ngerungskabel f\u00fcr die Panelmontage problemlos an jedes USB-Ger\u00e4t angeschlossen werden.<\/p>\n<p>Ausgestattet mit einer Folien- und Geflechtabschirmung bietet es umfassenden Schutz vor EMI\/RFI-Interferenzen, w\u00e4hrend sein Twisted-Pair-Design das \u00dcbersprechen reduziert und eine schnelle und fehlerfreie Daten\u00fcbertragung gew\u00e4hrleistet.<\/p>\n<p>Seine Spezifikationen:<\/p>\n<ul>\n<li>Mutter und Schraube Typ: #4-40 vernickelt<\/li>\n<li>Lochabstand: 25\u00b10,5mm<\/li>\n<li>Vergoldeter Kontakt, vernickeltes Geh\u00e4use<\/li>\n<li>Kabel-Leiter: Verzinntes Kupfer<\/li>\n<li>Isolierung: Gesch\u00e4umte PE-Haut\/HDPE<\/li>\n<li>Drahtst\u00e4rke: 34\/32\/26AWG<\/li>\n<li>Geh\u00e4use: Spritzgie\u00dfen<\/li>\n<li>Mantel: PVC<\/li>\n<li>\u00c4u\u00dferer Durchmesser: 4,6 mm<\/li>\n<li>Einhaltung der Vorschriften: RoHS, REACH, CE<\/li>\n<\/ul>\n<p>Dar\u00fcber hinaus getestet, um die Industriestandards zu erf\u00fcllen, ist es voll funktionsf\u00e4hig und kommt mit einer 2-j\u00e4hrigen Garantie von Farsince. Daher kontaktieren Sie uns heute und f\u00fcgen Sie das Kabel zu Ihrem Bestand.<\/p>","protected":false},"excerpt":{"rendered":"<p>Entfesseln Sie das volle Potenzial Ihrer Konnektivit\u00e4t mit dem hochwertigen USB-C-Verl\u00e4ngerungskabel f\u00fcr die Schalttafelmontage von Farsince, das sich durch eine fehlerfreie Hochgeschwindigkeits-Daten\u00fcbertragung auszeichnet.<\/p>","protected":false},"featured_media":14999,"template":"","meta":{"_acf_changed":false,"_seopress_robots_primary_cat":"","_seopress_titles_title":"Best USB C Panel Mount Extension Cable - Farsince","_seopress_titles_desc":"","_seopress_robots_index":"","site-sidebar-layout":"default","site-content-layout":"default","ast-site-content-layout":"default","site-content-style":"default","site-sidebar-style":"default","ast-global-header-display":"","ast-banner-title-visibility":"","ast-main-header-display":"","ast-hfb-above-header-display":"","ast-hfb-below-header-display":"","ast-hfb-mobile-header-display":"","site-post-title":"","ast-breadcrumbs-content":"","ast-featured-img":"","footer-sml-layout":"","ast-disable-related-posts":"","theme-transparent-header-meta":"default","adv-header-id-meta":"","stick-header-meta":"","header-above-stick-meta":"","header-main-stick-meta":"","header-below-stick-meta":"","astra-migrate-meta-layouts":"set","ast-page-background-enabled":"default","ast-page-background-meta":{"desktop":{"background-color":"","background-image":"","background-repeat":"repeat","background-position":"center center","background-size":"auto","background-attachment":"scroll","background-type":"","background-media":"","overlay-type":"","overlay-color":"","overlay-opacity":"","overlay-gradient":""},"tablet":{"background-color":"","background-image":"","background-repeat":"repeat","background-position":"center center","background-size":"auto","background-attachment":"scroll","background-type":"","background-media":"","overlay-type":"","overlay-color":"","overlay-opacity":"","overlay-gradient":""},"mobile":{"background-color":"","background-image":"","background-repeat":"repeat","background-position":"center center","background-size":"auto","background-attachment":"scroll","background-type":"","background-media":"","overlay-type":"","overlay-color":"","overlay-opacity":"","overlay-gradient":""}},"ast-content-background-meta":{"desktop":{"background-color":"var(--ast-global-color-5)","background-image":"","background-repeat":"repeat","background-position":"center center","background-size":"auto","background-attachment":"scroll","background-type":"","background-media":"","overlay-type":"","overlay-color":"","overlay-opacity":"","overlay-gradient":""},"tablet":{"background-color":"var(--ast-global-color-5)","background-image":"","background-repeat":"repeat","background-position":"center center","background-size":"auto","background-attachment":"scroll","background-type":"","background-media":"","overlay-type":"","overlay-color":"","overlay-opacity":"","overlay-gradient":""},"mobile":{"background-color":"var(--ast-global-color-5)","background-image":"","background-repeat":"repeat","background-position":"center center","background-size":"auto","background-attachment":"scroll","background-type":"","background-media":"","overlay-type":"","overlay-color":"","overlay-opacity":"","overlay-gradient":""}},"iawp_total_views":34},"product_brand":[],"product_cat":[238,678],"product_tag":[],"class_list":{"0":"post-14983","1":"product","2":"type-product","3":"status-publish","4":"has-post-thumbnail","6":"product_cat-panel-mount","7":"product_cat-panel-mount-cables","8":"desktop-align-left","9":"tablet-align-left","10":"mobile-align-left","12":"first","13":"instock","14":"shipping-taxable","15":"purchasable","16":"product-type-simple"},"acf":[],"_links":{"self":[{"href":"https:\/\/www.fjpremium.com\/de\/wp-json\/wp\/v2\/product\/14983","targetHints":{"allow":["GET"]}}],"collection":[{"href":"https:\/\/www.fjpremium.com\/de\/wp-json\/wp\/v2\/product"}],"about":[{"href":"https:\/\/www.fjpremium.com\/de\/wp-json\/wp\/v2\/types\/product"}],"wp:featuredmedia":[{"embeddable":true,"href":"https:\/\/www.fjpremium.com\/de\/wp-json\/wp\/v2\/media\/14999"}],"wp:attachment":[{"href":"https:\/\/www.fjpremium.com\/de\/wp-json\/wp\/v2\/media?parent=14983"}],"wp:term":[{"taxonomy":"product_brand","embeddable":true,"href":"https:\/\/www.fjpremium.com\/de\/wp-json\/wp\/v2\/product_brand?post=14983"},{"taxonomy":"product_cat","embeddable":true,"href":"https:\/\/www.fjpremium.com\/de\/wp-json\/wp\/v2\/product_cat?post=14983"},{"taxonomy":"product_tag","embeddable":true,"href":"https:\/\/www.fjpremium.com\/de\/wp-json\/wp\/v2\/product_tag?post=14983"}],"curies":[{"name":"wp","href":"https:\/\/api.w.org\/{rel}","templated":true}]}}