{"id":14982,"date":"2020-05-25T15:55:28","date_gmt":"2020-05-25T07:55:28","guid":{"rendered":"https:\/\/www.fjpremium.com\/?post_type=product&#038;p=14982"},"modified":"2024-03-13T13:37:23","modified_gmt":"2024-03-13T05:37:23","slug":"usb-3-0-male-to-female-panel-mount-extension-cable","status":"publish","type":"product","link":"https:\/\/www.fjpremium.com\/de\/product\/usb-3-0-male-to-female-panel-mount-extension-cable\/","title":{"rendered":"Panel Mount USB 3 Verl\u00e4ngerungskabel Stecker auf Buchse"},"content":{"rendered":"<p>Unser Kabel ist so konzipiert, dass es zwei USB-Kabel nahtlos miteinander verbindet, um eine optimale Konnektivit\u00e4t \u00fcber ein Panel zu gew\u00e4hrleisten. Diese Anordnung erm\u00f6glicht es Ihnen, eine Verbindung von einer sicheren Quelle aus herzustellen.<\/p>\n<p>Das kurze, pr\u00e4zise gefertigte Kabel sorgt f\u00fcr minimale Signalverluste. Es bietet eine \u00dcbertragungsrate von bis zu 5 Gbit\/s, abh\u00e4ngig von der USB-Version des Peripherieger\u00e4ts, und erm\u00f6glicht den m\u00fchelosen Anschluss an jedes USB-Ger\u00e4t.<\/p>\n<p>Es verf\u00fcgt au\u00dferdem \u00fcber eine Folien- und Geflechtabschirmung, die vor EMI\/RFI-St\u00f6rungen sch\u00fctzt, w\u00e4hrend das Twisted-Pair-Design das \u00dcbersprechen minimiert und eine schnelle und fehlerfreie Daten\u00fcbertragung gew\u00e4hrleistet.<\/p>\n<p>Seine Spezifikationen:<\/p>\n<ul>\n<li>Mutter und Schraube Typ: #4-40 vernickelt<\/li>\n<li>Vergoldeter Kontakt, vernickeltes Geh\u00e4use<\/li>\n<li>Kabel-Leiter: Verzinntes Kupfer<\/li>\n<li>Isolierung: Gesch\u00e4umte PE-Haut\/HDPE<\/li>\n<li>Kabelquerschnitt: 28\/24AWG<\/li>\n<li>Geh\u00e4use: Spritzgie\u00dfen<\/li>\n<li>Mantel: PVC<\/li>\n<li>\u00c4u\u00dferer Durchmesser: 5,5\u00b10,2mm<\/li>\n<li>Einhaltung der Vorschriften: RoHS, REACH, CE<\/li>\n<\/ul>\n<p>Dieses voll funktionsf\u00e4hige USB-3-Verl\u00e4ngerungskabel wurde strengen Tests unterzogen, um den Industriestandards zu entsprechen, und unterliegt der 2-j\u00e4hrigen Garantie von FARSINCE.<\/p>\n<p>Nehmen Sie daher noch heute Kontakt mit uns auf und f\u00fcgen Sie es Ihrem Bestand hinzu.<\/p>","protected":false},"excerpt":{"rendered":"<p>Revolutionieren Sie Ihre Konnektivit\u00e4t mit dem USB 3-Verl\u00e4ngerungskabel von FARSINCE. Verbinden Sie einfach zwei USB-Kabel f\u00fcr eine optimale Panel-Konnektivit\u00e4t und erleben Sie schnelle, fehlerfreie Daten\u00fcbertragung.<\/p>","protected":false},"featured_media":14989,"template":"","meta":{"_acf_changed":false,"_seopress_robots_primary_cat":"","_seopress_titles_title":"Panel Mount USB 3 Extension Cable Male to Female - FARSINCE","_seopress_titles_desc":"Revolutionize your connectivity with our USB 3 extension cable, merging two USB cables for optimal panel connectivity and experience high-speed data transfer.","_seopress_robots_index":"","site-sidebar-layout":"default","site-content-layout":"default","ast-site-content-layout":"default","site-content-style":"default","site-sidebar-style":"default","ast-global-header-display":"","ast-banner-title-visibility":"","ast-main-header-display":"","ast-hfb-above-header-display":"","ast-hfb-below-header-display":"","ast-hfb-mobile-header-display":"","site-post-title":"","ast-breadcrumbs-content":"","ast-featured-img":"","footer-sml-layout":"","ast-disable-related-posts":"","theme-transparent-header-meta":"default","adv-header-id-meta":"","stick-header-meta":"","header-above-stick-meta":"","header-main-stick-meta":"","header-below-stick-meta":"","astra-migrate-meta-layouts":"set","ast-page-background-enabled":"default","ast-page-background-meta":{"desktop":{"background-color":"","background-image":"","background-repeat":"repeat","background-position":"center center","background-size":"auto","background-attachment":"scroll","background-type":"","background-media":"","overlay-type":"","overlay-color":"","overlay-opacity":"","overlay-gradient":""},"tablet":{"background-color":"","background-image":"","background-repeat":"repeat","background-position":"center center","background-size":"auto","background-attachment":"scroll","background-type":"","background-media":"","overlay-type":"","overlay-color":"","overlay-opacity":"","overlay-gradient":""},"mobile":{"background-color":"","background-image":"","background-repeat":"repeat","background-position":"center center","background-size":"auto","background-attachment":"scroll","background-type":"","background-media":"","overlay-type":"","overlay-color":"","overlay-opacity":"","overlay-gradient":""}},"ast-content-background-meta":{"desktop":{"background-color":"var(--ast-global-color-5)","background-image":"","background-repeat":"repeat","background-position":"center center","background-size":"auto","background-attachment":"scroll","background-type":"","background-media":"","overlay-type":"","overlay-color":"","overlay-opacity":"","overlay-gradient":""},"tablet":{"background-color":"var(--ast-global-color-5)","background-image":"","background-repeat":"repeat","background-position":"center center","background-size":"auto","background-attachment":"scroll","background-type":"","background-media":"","overlay-type":"","overlay-color":"","overlay-opacity":"","overlay-gradient":""},"mobile":{"background-color":"var(--ast-global-color-5)","background-image":"","background-repeat":"repeat","background-position":"center center","background-size":"auto","background-attachment":"scroll","background-type":"","background-media":"","overlay-type":"","overlay-color":"","overlay-opacity":"","overlay-gradient":""}},"iawp_total_views":23},"product_brand":[],"product_cat":[238,678],"product_tag":[],"class_list":{"0":"post-14982","1":"product","2":"type-product","3":"status-publish","4":"has-post-thumbnail","6":"product_cat-panel-mount","7":"product_cat-panel-mount-cables","8":"desktop-align-left","9":"tablet-align-left","10":"mobile-align-left","12":"first","13":"instock","14":"shipping-taxable","15":"purchasable","16":"product-type-simple"},"acf":[],"_links":{"self":[{"href":"https:\/\/www.fjpremium.com\/de\/wp-json\/wp\/v2\/product\/14982","targetHints":{"allow":["GET"]}}],"collection":[{"href":"https:\/\/www.fjpremium.com\/de\/wp-json\/wp\/v2\/product"}],"about":[{"href":"https:\/\/www.fjpremium.com\/de\/wp-json\/wp\/v2\/types\/product"}],"wp:featuredmedia":[{"embeddable":true,"href":"https:\/\/www.fjpremium.com\/de\/wp-json\/wp\/v2\/media\/14989"}],"wp:attachment":[{"href":"https:\/\/www.fjpremium.com\/de\/wp-json\/wp\/v2\/media?parent=14982"}],"wp:term":[{"taxonomy":"product_brand","embeddable":true,"href":"https:\/\/www.fjpremium.com\/de\/wp-json\/wp\/v2\/product_brand?post=14982"},{"taxonomy":"product_cat","embeddable":true,"href":"https:\/\/www.fjpremium.com\/de\/wp-json\/wp\/v2\/product_cat?post=14982"},{"taxonomy":"product_tag","embeddable":true,"href":"https:\/\/www.fjpremium.com\/de\/wp-json\/wp\/v2\/product_tag?post=14982"}],"curies":[{"name":"wp","href":"https:\/\/api.w.org\/{rel}","templated":true}]}}