{"id":14976,"date":"2020-05-25T15:45:37","date_gmt":"2020-05-25T07:45:37","guid":{"rendered":"https:\/\/www.fjpremium.com\/?post_type=product&#038;p=14976"},"modified":"2024-03-13T13:30:46","modified_gmt":"2024-03-13T05:30:46","slug":"usb-3-0-female-to-female-panel-mount-cable","status":"publish","type":"product","link":"https:\/\/www.fjpremium.com\/de\/product\/usb-3-0-female-to-female-panel-mount-cable\/","title":{"rendered":"USB 3.0 Panel Mount Kabel Buchse zu Buchse"},"content":{"rendered":"<p>Das USB 3.0-Kabel f\u00fcr die Schaltschrankmontage wurde entwickelt, um Konnektivit\u00e4t von einer sicheren Quelle aus zu gew\u00e4hrleisten. Sein kurzes, sorgf\u00e4ltiges Design sorgt f\u00fcr minimalen Signalverlust.<\/p>\n<p>Au\u00dferdem liefert er eine schnelle \u00dcbertragungsrate von bis zu 4,8 Gbit\/s, abh\u00e4ngig von der USB-Version des Peripherieger\u00e4ts, und l\u00e4sst sich m\u00fchelos an jedes USB-Ger\u00e4t anschlie\u00dfen.<\/p>\n<p>Ausgestattet mit einer Folien- und Geflechtabschirmung bek\u00e4mpft dieses Kabel EMI\/RFI-Interferenzen vollst\u00e4ndig, w\u00e4hrend seine Twisted-Pair-Konstruktion das \u00dcbersprechen minimiert und eine schnelle, fehlerfreie Daten\u00fcbertragung verspricht.<\/p>\n<p>Seine Spezifikationen:<\/p>\n<ul>\n<li>Mutter und Schraube Typ: #4-40 vernickelt<\/li>\n<li>Vergoldeter Kontakt, vernickeltes Geh\u00e4use<\/li>\n<li>Kabel-Leiter: Verzinntes Kupfer<\/li>\n<li>Isolierung: Gesch\u00e4umte PE-Haut\/HDPE<\/li>\n<li>Kabelquerschnitt: 28\/24AWG<\/li>\n<li>Geh\u00e4use: Spritzgie\u00dfen<\/li>\n<li>Mantel: PVC<\/li>\n<li>\u00c4u\u00dferer Durchmesser: 5,5\u00b10,2mm<\/li>\n<li>Einhaltung der Vorschriften: RoHS, REACH, CE<\/li>\n<\/ul>\n<p>Dar\u00fcber hinaus ist er nach Industriestandards getestet und wird mit der 2-Jahres-Garantie von FARSINCE geliefert. Bestellen Sie ihn also noch heute und werten Sie Ihr Inventar auf.<\/p>","protected":false},"excerpt":{"rendered":"<p>Machen Sie sich mit dem Premium-USB-3.0-Kabel zur Panelmontage von FARSINCE vertraut. Es bietet eine effiziente L\u00f6sung zur Erweiterung der USB-Konnektivit\u00e4t \u00fcber ein Panel durch die Kombination zweier USB-Kabel.<\/p>","protected":false},"featured_media":14977,"template":"","meta":{"_acf_changed":false,"_seopress_robots_primary_cat":"","_seopress_titles_title":"USB 3.0 Panel Mount Cable Female to Female - FARSINCE","_seopress_titles_desc":"Get acquainted with this USB 3.0 panel mount cable, offering an efficient solution to extend USB connectivity through a panel by combining two USB cables. ","_seopress_robots_index":"","site-sidebar-layout":"default","site-content-layout":"default","ast-site-content-layout":"default","site-content-style":"default","site-sidebar-style":"default","ast-global-header-display":"","ast-banner-title-visibility":"","ast-main-header-display":"","ast-hfb-above-header-display":"","ast-hfb-below-header-display":"","ast-hfb-mobile-header-display":"","site-post-title":"","ast-breadcrumbs-content":"","ast-featured-img":"","footer-sml-layout":"","ast-disable-related-posts":"","theme-transparent-header-meta":"default","adv-header-id-meta":"","stick-header-meta":"","header-above-stick-meta":"","header-main-stick-meta":"","header-below-stick-meta":"","astra-migrate-meta-layouts":"set","ast-page-background-enabled":"default","ast-page-background-meta":{"desktop":{"background-color":"","background-image":"","background-repeat":"repeat","background-position":"center center","background-size":"auto","background-attachment":"scroll","background-type":"","background-media":"","overlay-type":"","overlay-color":"","overlay-opacity":"","overlay-gradient":""},"tablet":{"background-color":"","background-image":"","background-repeat":"repeat","background-position":"center center","background-size":"auto","background-attachment":"scroll","background-type":"","background-media":"","overlay-type":"","overlay-color":"","overlay-opacity":"","overlay-gradient":""},"mobile":{"background-color":"","background-image":"","background-repeat":"repeat","background-position":"center center","background-size":"auto","background-attachment":"scroll","background-type":"","background-media":"","overlay-type":"","overlay-color":"","overlay-opacity":"","overlay-gradient":""}},"ast-content-background-meta":{"desktop":{"background-color":"var(--ast-global-color-5)","background-image":"","background-repeat":"repeat","background-position":"center center","background-size":"auto","background-attachment":"scroll","background-type":"","background-media":"","overlay-type":"","overlay-color":"","overlay-opacity":"","overlay-gradient":""},"tablet":{"background-color":"var(--ast-global-color-5)","background-image":"","background-repeat":"repeat","background-position":"center center","background-size":"auto","background-attachment":"scroll","background-type":"","background-media":"","overlay-type":"","overlay-color":"","overlay-opacity":"","overlay-gradient":""},"mobile":{"background-color":"var(--ast-global-color-5)","background-image":"","background-repeat":"repeat","background-position":"center center","background-size":"auto","background-attachment":"scroll","background-type":"","background-media":"","overlay-type":"","overlay-color":"","overlay-opacity":"","overlay-gradient":""}},"iawp_total_views":18},"product_brand":[],"product_cat":[238,678],"product_tag":[],"class_list":{"0":"post-14976","1":"product","2":"type-product","3":"status-publish","4":"has-post-thumbnail","6":"product_cat-panel-mount","7":"product_cat-panel-mount-cables","8":"desktop-align-left","9":"tablet-align-left","10":"mobile-align-left","12":"first","13":"instock","14":"shipping-taxable","15":"purchasable","16":"product-type-simple"},"acf":[],"_links":{"self":[{"href":"https:\/\/www.fjpremium.com\/de\/wp-json\/wp\/v2\/product\/14976","targetHints":{"allow":["GET"]}}],"collection":[{"href":"https:\/\/www.fjpremium.com\/de\/wp-json\/wp\/v2\/product"}],"about":[{"href":"https:\/\/www.fjpremium.com\/de\/wp-json\/wp\/v2\/types\/product"}],"wp:featuredmedia":[{"embeddable":true,"href":"https:\/\/www.fjpremium.com\/de\/wp-json\/wp\/v2\/media\/14977"}],"wp:attachment":[{"href":"https:\/\/www.fjpremium.com\/de\/wp-json\/wp\/v2\/media?parent=14976"}],"wp:term":[{"taxonomy":"product_brand","embeddable":true,"href":"https:\/\/www.fjpremium.com\/de\/wp-json\/wp\/v2\/product_brand?post=14976"},{"taxonomy":"product_cat","embeddable":true,"href":"https:\/\/www.fjpremium.com\/de\/wp-json\/wp\/v2\/product_cat?post=14976"},{"taxonomy":"product_tag","embeddable":true,"href":"https:\/\/www.fjpremium.com\/de\/wp-json\/wp\/v2\/product_tag?post=14976"}],"curies":[{"name":"wp","href":"https:\/\/api.w.org\/{rel}","templated":true}]}}