{"id":14957,"date":"2020-05-25T11:27:40","date_gmt":"2020-05-25T03:27:40","guid":{"rendered":"https:\/\/www.fjpremium.com\/?post_type=product&#038;p=14957"},"modified":"2024-03-12T13:40:08","modified_gmt":"2024-03-12T05:40:08","slug":"displayport-male-to-female-panel-mount-extension-cable","status":"publish","type":"product","link":"https:\/\/www.fjpremium.com\/de\/product\/displayport-male-to-female-panel-mount-extension-cable\/","title":{"rendered":"DisplayPort-Kabelverl\u00e4ngerung von Stecker auf Buchse f\u00fcr Panelmontage"},"content":{"rendered":"<p>Mit dieser bahnbrechenden L\u00f6sung k\u00f6nnen Sie zwei DisplayPort-Kabel zusammenf\u00fchren, um eine nahtlose Verbindung \u00fcber das Panel von einer sicheren Quelle aus zu erreichen. Sein kurzes, pr\u00e4zises Design sorgt f\u00fcr minimalen Signalverlust.<\/p>\n<p>Au\u00dferdem erleben Sie den Nervenkitzel von Spielen oder die Klarheit von Videostreaming durch die \u00dcbertragung von Audio- und Videosignalen von Ihrem Computer an den Monitor.<\/p>\n<p>Das Kabel unterst\u00fctzt 4K- und 1080P-Videoaufl\u00f6sungen und liefert einen einwandfreien Audiodurchgang f\u00fcr unkomprimierte digitale 7.1-, 5.1- oder 2-Kan\u00e4le.<\/p>\n<p>Er entspricht den DisplayPort 1.2-Standards, verf\u00fcgt \u00fcber vollst\u00e4ndig abgeschirmte Leiter f\u00fcr EMI\/RFI-St\u00f6rfestigkeit und vergoldete 24-K-Anschl\u00fcsse f\u00fcr eine hervorragende Signal\u00fcbertragung und gew\u00e4hrleistet so eine hohe Zuverl\u00e4ssigkeit.<\/p>\n<p>Seine Spezifikationen:<\/p>\n<ul>\n<li>Mutter und Schraube Typ: #4-40 vernickelt<\/li>\n<li>Kabel-Leiter: Verzinntes Kupfer<\/li>\n<li>Isolierung: Gesch\u00e4umte PE-Haut\/HDPE<\/li>\n<li>Drahtst\u00e4rke: 28AWG 7\/0.12mm<\/li>\n<li>Abschirmung: verdrilltes Paar aus Aluminiumfolie, Gesamtaluminiumfolie, Geflecht<\/li>\n<li>Geh\u00e4use: Spritzgie\u00dfen<\/li>\n<li>Mantel: PVC<\/li>\n<li>\u00c4u\u00dferer Durchmesser: 7,0\u00b10,2mm<\/li>\n<li>Einhaltung der Vorschriften: RoHS, REACH, CE<\/li>\n<\/ul>\n<p>Dieses robuste DisplayPort-Verl\u00e4ngerungskabel ist aus hochwertigen Materialien gefertigt und bietet ein Leben lang eine gleichbleibende Leistung.<\/p>\n<p>Und es ist nach Industriestandards getestet und wird durch die 2-Jahres-Garantie von FARSINCE abgesichert. Setzen Sie sich noch heute mit uns in Verbindung und investieren Sie in ihn.<\/p>","protected":false},"excerpt":{"rendered":"<p>Entdecken Sie die hervorragende DisplayPort-Kabelverl\u00e4ngerung von FARSINCE, die zwei DisplayPort-Kabel f\u00fcr eine erstklassige, sichere und einwandfreie audiovisuelle \u00dcbertragung zusammenf\u00fchrt.<\/p>","protected":false},"featured_media":14971,"template":"","meta":{"_acf_changed":false,"_seopress_robots_primary_cat":"","_seopress_titles_title":"Panel Mount DisplayPort Cable Extension - Farsince","_seopress_titles_desc":"","_seopress_robots_index":"","site-sidebar-layout":"default","site-content-layout":"default","ast-site-content-layout":"default","site-content-style":"default","site-sidebar-style":"default","ast-global-header-display":"","ast-banner-title-visibility":"","ast-main-header-display":"","ast-hfb-above-header-display":"","ast-hfb-below-header-display":"","ast-hfb-mobile-header-display":"","site-post-title":"","ast-breadcrumbs-content":"","ast-featured-img":"","footer-sml-layout":"","ast-disable-related-posts":"","theme-transparent-header-meta":"default","adv-header-id-meta":"","stick-header-meta":"","header-above-stick-meta":"","header-main-stick-meta":"","header-below-stick-meta":"","astra-migrate-meta-layouts":"set","ast-page-background-enabled":"default","ast-page-background-meta":{"desktop":{"background-color":"","background-image":"","background-repeat":"repeat","background-position":"center center","background-size":"auto","background-attachment":"scroll","background-type":"","background-media":"","overlay-type":"","overlay-color":"","overlay-opacity":"","overlay-gradient":""},"tablet":{"background-color":"","background-image":"","background-repeat":"repeat","background-position":"center center","background-size":"auto","background-attachment":"scroll","background-type":"","background-media":"","overlay-type":"","overlay-color":"","overlay-opacity":"","overlay-gradient":""},"mobile":{"background-color":"","background-image":"","background-repeat":"repeat","background-position":"center center","background-size":"auto","background-attachment":"scroll","background-type":"","background-media":"","overlay-type":"","overlay-color":"","overlay-opacity":"","overlay-gradient":""}},"ast-content-background-meta":{"desktop":{"background-color":"var(--ast-global-color-5)","background-image":"","background-repeat":"repeat","background-position":"center center","background-size":"auto","background-attachment":"scroll","background-type":"","background-media":"","overlay-type":"","overlay-color":"","overlay-opacity":"","overlay-gradient":""},"tablet":{"background-color":"var(--ast-global-color-5)","background-image":"","background-repeat":"repeat","background-position":"center center","background-size":"auto","background-attachment":"scroll","background-type":"","background-media":"","overlay-type":"","overlay-color":"","overlay-opacity":"","overlay-gradient":""},"mobile":{"background-color":"var(--ast-global-color-5)","background-image":"","background-repeat":"repeat","background-position":"center center","background-size":"auto","background-attachment":"scroll","background-type":"","background-media":"","overlay-type":"","overlay-color":"","overlay-opacity":"","overlay-gradient":""}},"iawp_total_views":9},"product_brand":[],"product_cat":[238,678],"product_tag":[],"class_list":{"0":"post-14957","1":"product","2":"type-product","3":"status-publish","4":"has-post-thumbnail","6":"product_cat-panel-mount","7":"product_cat-panel-mount-cables","8":"desktop-align-left","9":"tablet-align-left","10":"mobile-align-left","12":"first","13":"instock","14":"shipping-taxable","15":"purchasable","16":"product-type-simple"},"acf":[],"_links":{"self":[{"href":"https:\/\/www.fjpremium.com\/de\/wp-json\/wp\/v2\/product\/14957","targetHints":{"allow":["GET"]}}],"collection":[{"href":"https:\/\/www.fjpremium.com\/de\/wp-json\/wp\/v2\/product"}],"about":[{"href":"https:\/\/www.fjpremium.com\/de\/wp-json\/wp\/v2\/types\/product"}],"wp:featuredmedia":[{"embeddable":true,"href":"https:\/\/www.fjpremium.com\/de\/wp-json\/wp\/v2\/media\/14971"}],"wp:attachment":[{"href":"https:\/\/www.fjpremium.com\/de\/wp-json\/wp\/v2\/media?parent=14957"}],"wp:term":[{"taxonomy":"product_brand","embeddable":true,"href":"https:\/\/www.fjpremium.com\/de\/wp-json\/wp\/v2\/product_brand?post=14957"},{"taxonomy":"product_cat","embeddable":true,"href":"https:\/\/www.fjpremium.com\/de\/wp-json\/wp\/v2\/product_cat?post=14957"},{"taxonomy":"product_tag","embeddable":true,"href":"https:\/\/www.fjpremium.com\/de\/wp-json\/wp\/v2\/product_tag?post=14957"}],"curies":[{"name":"wp","href":"https:\/\/api.w.org\/{rel}","templated":true}]}}