{"id":14955,"date":"2020-05-25T11:27:35","date_gmt":"2020-05-25T03:27:35","guid":{"rendered":"https:\/\/www.fjpremium.com\/?post_type=product&#038;p=14955"},"modified":"2024-03-18T13:31:40","modified_gmt":"2024-03-18T05:31:40","slug":"displayport-female-to-female-panel-mount-coupler-adapter-with-screw-locking","status":"publish","type":"product","link":"https:\/\/www.fjpremium.com\/de\/product\/displayport-female-to-female-panel-mount-coupler-adapter-with-screw-locking\/","title":{"rendered":"Bester DisplayPort Adapter Buchse zu Buchse Panel Mount Coupler"},"content":{"rendered":"<p>Der beste DisplayPort-Adapter bietet eine Buchse-zu-Buchse-Verbindung mit einem innovativen Schraubendesign, das eine feste Verbindung gew\u00e4hrleistet.<\/p>\n<p>Er vereinfacht Ihre Einrichtung, indem er zwei DisplayPort-Kabel verlustfrei durch ein Panel f\u00fchrt oder Ihre Reichweite auf einen DisplayPort MST-Hub ausdehnt und so f\u00fcr einen \u00fcbersichtlichen Desktop sorgt.<\/p>\n<p>Mit der Unterst\u00fctzung von High Bit Rate (HBR)-Bandbreiten und Aufl\u00f6sungen bis zu 4k garantiert dieser Koppler eine au\u00dfergew\u00f6hnliche Leistung.<\/p>\n<p>Seine Spezifikationen:<\/p>\n<ul>\n<li>Mutter und Schraube Typ: #4-40 vernickelt<\/li>\n<li>Vergoldeter Kontakt; vergoldetes Geh\u00e4use<\/li>\n<li>Inneres Formteil: LDPE<\/li>\n<li>Au\u00dfenseite der Form: 45P PVC, Schwarz<\/li>\n<li>Einhaltung der Vorschriften: RoHS, REACH<\/li>\n<\/ul>\n<p>Dar\u00fcber hinaus wird er durch die jahrelange Garantie von FARSINCE unterst\u00fctzt und entspricht den DisplayPort 1.2-Standards. Kurzum: Investieren Sie in ihn und werten Sie Ihr Inventar auf.<\/p>","protected":false},"excerpt":{"rendered":"<p>Verbessern Sie Ihr audiovisuelles Erlebnis mit dem besten DisplayPort-Adapter von FARSINCE, der f\u00fcr die \u00dcbertragung von erstklassigem HD-Audio und -Video von Ihrem Computer auf Ihr Display entwickelt wurde.<\/p>","protected":false},"featured_media":14958,"template":"","meta":{"_acf_changed":false,"_seopress_robots_primary_cat":"","_seopress_titles_title":"Best DisplayPort Adapter Female to Female - Farsince","_seopress_titles_desc":"Upgrade your audio-visual experience with this best DisplayPort adapter, engineered to transmit superior HD audio and video from your computer to your display. ","_seopress_robots_index":"","site-sidebar-layout":"default","site-content-layout":"default","ast-site-content-layout":"default","site-content-style":"default","site-sidebar-style":"default","ast-global-header-display":"","ast-banner-title-visibility":"","ast-main-header-display":"","ast-hfb-above-header-display":"","ast-hfb-below-header-display":"","ast-hfb-mobile-header-display":"","site-post-title":"","ast-breadcrumbs-content":"","ast-featured-img":"","footer-sml-layout":"","ast-disable-related-posts":"","theme-transparent-header-meta":"default","adv-header-id-meta":"","stick-header-meta":"","header-above-stick-meta":"","header-main-stick-meta":"","header-below-stick-meta":"","astra-migrate-meta-layouts":"set","ast-page-background-enabled":"default","ast-page-background-meta":{"desktop":{"background-color":"","background-image":"","background-repeat":"repeat","background-position":"center center","background-size":"auto","background-attachment":"scroll","background-type":"","background-media":"","overlay-type":"","overlay-color":"","overlay-opacity":"","overlay-gradient":""},"tablet":{"background-color":"","background-image":"","background-repeat":"repeat","background-position":"center center","background-size":"auto","background-attachment":"scroll","background-type":"","background-media":"","overlay-type":"","overlay-color":"","overlay-opacity":"","overlay-gradient":""},"mobile":{"background-color":"","background-image":"","background-repeat":"repeat","background-position":"center center","background-size":"auto","background-attachment":"scroll","background-type":"","background-media":"","overlay-type":"","overlay-color":"","overlay-opacity":"","overlay-gradient":""}},"ast-content-background-meta":{"desktop":{"background-color":"var(--ast-global-color-5)","background-image":"","background-repeat":"repeat","background-position":"center center","background-size":"auto","background-attachment":"scroll","background-type":"","background-media":"","overlay-type":"","overlay-color":"","overlay-opacity":"","overlay-gradient":""},"tablet":{"background-color":"var(--ast-global-color-5)","background-image":"","background-repeat":"repeat","background-position":"center center","background-size":"auto","background-attachment":"scroll","background-type":"","background-media":"","overlay-type":"","overlay-color":"","overlay-opacity":"","overlay-gradient":""},"mobile":{"background-color":"var(--ast-global-color-5)","background-image":"","background-repeat":"repeat","background-position":"center center","background-size":"auto","background-attachment":"scroll","background-type":"","background-media":"","overlay-type":"","overlay-color":"","overlay-opacity":"","overlay-gradient":""}},"iawp_total_views":11},"product_brand":[],"product_cat":[238,679],"product_tag":[],"class_list":{"0":"post-14955","1":"product","2":"type-product","3":"status-publish","4":"has-post-thumbnail","6":"product_cat-panel-mount","7":"product_cat-panel-mount-couplers","8":"desktop-align-left","9":"tablet-align-left","10":"mobile-align-left","12":"first","13":"instock","14":"shipping-taxable","15":"purchasable","16":"product-type-simple"},"acf":[],"_links":{"self":[{"href":"https:\/\/www.fjpremium.com\/de\/wp-json\/wp\/v2\/product\/14955","targetHints":{"allow":["GET"]}}],"collection":[{"href":"https:\/\/www.fjpremium.com\/de\/wp-json\/wp\/v2\/product"}],"about":[{"href":"https:\/\/www.fjpremium.com\/de\/wp-json\/wp\/v2\/types\/product"}],"wp:featuredmedia":[{"embeddable":true,"href":"https:\/\/www.fjpremium.com\/de\/wp-json\/wp\/v2\/media\/14958"}],"wp:attachment":[{"href":"https:\/\/www.fjpremium.com\/de\/wp-json\/wp\/v2\/media?parent=14955"}],"wp:term":[{"taxonomy":"product_brand","embeddable":true,"href":"https:\/\/www.fjpremium.com\/de\/wp-json\/wp\/v2\/product_brand?post=14955"},{"taxonomy":"product_cat","embeddable":true,"href":"https:\/\/www.fjpremium.com\/de\/wp-json\/wp\/v2\/product_cat?post=14955"},{"taxonomy":"product_tag","embeddable":true,"href":"https:\/\/www.fjpremium.com\/de\/wp-json\/wp\/v2\/product_tag?post=14955"}],"curies":[{"name":"wp","href":"https:\/\/api.w.org\/{rel}","templated":true}]}}