{"id":14935,"date":"2020-05-25T11:13:55","date_gmt":"2020-05-25T03:13:55","guid":{"rendered":"https:\/\/www.fjpremium.com\/?post_type=product&#038;p=14935"},"modified":"2024-03-12T10:35:20","modified_gmt":"2024-03-12T02:35:20","slug":"flat-hdmi-male-to-female-panel-mount-extension-cable","status":"publish","type":"product","link":"https:\/\/www.fjpremium.com\/de\/product\/flat-hdmi-male-to-female-panel-mount-extension-cable\/","title":{"rendered":"8K Panel Mount Flat HDMI Verl\u00e4ngerungskabel Stecker auf Buchse"},"content":{"rendered":"<p>Dieses au\u00dfergew\u00f6hnliche flache HDMI-Verl\u00e4ngerungskabel ist ideal f\u00fcr den Anschluss Ihres Ultra 8K-Fernsehers (UHD TV), HDTV, Monitors oder Projektors und HDMI-Quellger\u00e4ten.<\/p>\n<p>Dank der Unterst\u00fctzung von 3D und 8K@60Hz Ultra HD-Videoaufl\u00f6sungen k\u00f6nnen Sie in atemberaubende Bilder eintauchen. Au\u00dferdem sorgt das Schraubendesign f\u00fcr eine sichere und feste Verbindung und bietet unvergleichliche Zuverl\u00e4ssigkeit.<\/p>\n<p>Die vollst\u00e4ndig abgeschirmten Leiter des Kabels bieten vollst\u00e4ndige Immunit\u00e4t gegen EMI\/RFI-St\u00f6rungen, w\u00e4hrend die 24-K-vergoldeten Stecker eine hervorragende Signal\u00fcbertragung gew\u00e4hrleisten.<\/p>\n<p>Seine Spezifikationen:<\/p>\n<ul>\n<li>Mutter und Schraube Typ: #4-40 vernickelt<\/li>\n<li>Lochabstand: 25\u00b11mm<\/li>\n<li>Kabel-Leiter: Verzinntes Kupfer<\/li>\n<li>Isolierung: Gesch\u00e4umte PE-Haut\/HDPE<\/li>\n<li>Drahtst\u00e4rke: 28+30AWG<\/li>\n<li>Abschirmung: verdrilltes Paar aus Aluminiumfolie, Gesamtaluminiumfolie, Geflecht<\/li>\n<li>Geh\u00e4use: Spritzgie\u00dfen<\/li>\n<li>Mantel: PVC<\/li>\n<li>\u00c4u\u00dferer Durchmesser: 3,2*14,5\u00b10,2mm<\/li>\n<li>Einhaltung der Vorschriften: RoHS, REACH, CE<\/li>\n<\/ul>\n<p>Er verf\u00fcgt \u00fcber Dolby\u00ae True HD, DTS-HD Master Audio und bis zu 32 Audiokan\u00e4le, die f\u00fcr ein multidimensionales, beeindruckendes Klangerlebnis sorgen.<\/p>\n<p>Au\u00dferdem liefert es gleichzeitig zwei Videostreams f\u00fcr mehrere Benutzer auf demselben Bildschirm und erm\u00f6glicht das Weitwinkel-Videoformat 21:9 f\u00fcr Kinofilme.<\/p>\n<p>Au\u00dferdem k\u00f6nnen Sie Ihre Ger\u00e4te m\u00fchelos mit CEC-Erweiterungen steuern; alles wird \u00fcber einen einzigen Kontrollpunkt verwaltet. Beachten Sie, dass das Quellger\u00e4t und der Bildschirm f\u00fcr eine optimale Leistung HDMI-Funktionen unterst\u00fctzen m\u00fcssen.<\/p>\n<p>Kurzum, vertrauen Sie auf unsere 2-Jahres-Garantie, die Ihnen einen un\u00fcbertroffenen Seelenfrieden garantiert. Kontaktieren Sie uns noch heute und bestellen Sie unser flaches HDMI-Verl\u00e4ngerungskabel!<\/p>","protected":false},"excerpt":{"rendered":"<p>Verwandeln Sie Ihr Audio-Video-Erlebnis mit dem flachen HDMI-Verl\u00e4ngerungskabel mit Schraube von FARSINCE, das aus hochwertigen Materialien gefertigt ist und eine hervorragende Leistung gew\u00e4hrleistet.<\/p>","protected":false},"featured_media":14954,"template":"","meta":{"_acf_changed":false,"_seopress_robots_primary_cat":"","_seopress_titles_title":"Panel Mount Flat HDMI Extension Cable - Farsince","_seopress_titles_desc":"","_seopress_robots_index":"","site-sidebar-layout":"default","site-content-layout":"default","ast-site-content-layout":"default","site-content-style":"default","site-sidebar-style":"default","ast-global-header-display":"","ast-banner-title-visibility":"","ast-main-header-display":"","ast-hfb-above-header-display":"","ast-hfb-below-header-display":"","ast-hfb-mobile-header-display":"","site-post-title":"","ast-breadcrumbs-content":"","ast-featured-img":"","footer-sml-layout":"","ast-disable-related-posts":"","theme-transparent-header-meta":"default","adv-header-id-meta":"","stick-header-meta":"","header-above-stick-meta":"","header-main-stick-meta":"","header-below-stick-meta":"","astra-migrate-meta-layouts":"set","ast-page-background-enabled":"default","ast-page-background-meta":{"desktop":{"background-color":"","background-image":"","background-repeat":"repeat","background-position":"center center","background-size":"auto","background-attachment":"scroll","background-type":"","background-media":"","overlay-type":"","overlay-color":"","overlay-opacity":"","overlay-gradient":""},"tablet":{"background-color":"","background-image":"","background-repeat":"repeat","background-position":"center center","background-size":"auto","background-attachment":"scroll","background-type":"","background-media":"","overlay-type":"","overlay-color":"","overlay-opacity":"","overlay-gradient":""},"mobile":{"background-color":"","background-image":"","background-repeat":"repeat","background-position":"center center","background-size":"auto","background-attachment":"scroll","background-type":"","background-media":"","overlay-type":"","overlay-color":"","overlay-opacity":"","overlay-gradient":""}},"ast-content-background-meta":{"desktop":{"background-color":"var(--ast-global-color-5)","background-image":"","background-repeat":"repeat","background-position":"center center","background-size":"auto","background-attachment":"scroll","background-type":"","background-media":"","overlay-type":"","overlay-color":"","overlay-opacity":"","overlay-gradient":""},"tablet":{"background-color":"var(--ast-global-color-5)","background-image":"","background-repeat":"repeat","background-position":"center center","background-size":"auto","background-attachment":"scroll","background-type":"","background-media":"","overlay-type":"","overlay-color":"","overlay-opacity":"","overlay-gradient":""},"mobile":{"background-color":"var(--ast-global-color-5)","background-image":"","background-repeat":"repeat","background-position":"center center","background-size":"auto","background-attachment":"scroll","background-type":"","background-media":"","overlay-type":"","overlay-color":"","overlay-opacity":"","overlay-gradient":""}},"iawp_total_views":10},"product_brand":[],"product_cat":[238,678],"product_tag":[],"class_list":{"0":"post-14935","1":"product","2":"type-product","3":"status-publish","4":"has-post-thumbnail","6":"product_cat-panel-mount","7":"product_cat-panel-mount-cables","8":"desktop-align-left","9":"tablet-align-left","10":"mobile-align-left","12":"first","13":"instock","14":"shipping-taxable","15":"purchasable","16":"product-type-simple"},"acf":[],"_links":{"self":[{"href":"https:\/\/www.fjpremium.com\/de\/wp-json\/wp\/v2\/product\/14935","targetHints":{"allow":["GET"]}}],"collection":[{"href":"https:\/\/www.fjpremium.com\/de\/wp-json\/wp\/v2\/product"}],"about":[{"href":"https:\/\/www.fjpremium.com\/de\/wp-json\/wp\/v2\/types\/product"}],"wp:featuredmedia":[{"embeddable":true,"href":"https:\/\/www.fjpremium.com\/de\/wp-json\/wp\/v2\/media\/14954"}],"wp:attachment":[{"href":"https:\/\/www.fjpremium.com\/de\/wp-json\/wp\/v2\/media?parent=14935"}],"wp:term":[{"taxonomy":"product_brand","embeddable":true,"href":"https:\/\/www.fjpremium.com\/de\/wp-json\/wp\/v2\/product_brand?post=14935"},{"taxonomy":"product_cat","embeddable":true,"href":"https:\/\/www.fjpremium.com\/de\/wp-json\/wp\/v2\/product_cat?post=14935"},{"taxonomy":"product_tag","embeddable":true,"href":"https:\/\/www.fjpremium.com\/de\/wp-json\/wp\/v2\/product_tag?post=14935"}],"curies":[{"name":"wp","href":"https:\/\/api.w.org\/{rel}","templated":true}]}}