{"id":14934,"date":"2020-05-25T11:13:51","date_gmt":"2020-05-25T03:13:51","guid":{"rendered":"https:\/\/www.fjpremium.com\/?post_type=product&#038;p=14934"},"modified":"2024-03-20T15:51:08","modified_gmt":"2024-03-20T07:51:08","slug":"flat-hdmi-female-to-female-panel-mount-cable","status":"publish","type":"product","link":"https:\/\/www.fjpremium.com\/de\/product\/flat-hdmi-female-to-female-panel-mount-cable\/","title":{"rendered":"8K Flaches HDMI Kabel Buchse zu Buchse Panel Mount"},"content":{"rendered":"<p>Unser Kabel ist ma\u00dfgeschneidert, um die ultimative L\u00f6sung f\u00fcr die Kombination von zwei HDMI-Kabeln zu bieten, um eine sichere Verbindung \u00fcber ein Panel herzustellen. Es erm\u00f6glicht Ihnen die m\u00fchelose Bereitstellung von Display-Konnektivit\u00e4t aus einer gesch\u00fctzten Quelle.<\/p>\n<p>Mit seiner geringen L\u00e4nge und seinem innovativen Design garantiert dieses flache HDMI-Kabel minimale Signalverluste und sorgt so f\u00fcr ein ununterbrochenes Fernseherlebnis.<\/p>\n<p>Er unterst\u00fctzt m\u00fchelos Videoaufl\u00f6sungen bis zu 8K@60Hz und liefert eine bemerkenswerte visuelle Klarheit, die viermal besser ist als die herk\u00f6mmliche 1080p\/60-Videoaufl\u00f6sung.<\/p>\n<p>Seine Spezifikationen:<\/p>\n<ul>\n<li>Mutter und Schraube Typ: #4-40 vernickelt<\/li>\n<li>Lochabstand: 25\u00b11mm<\/li>\n<li>Kabel-Leiter: Verzinntes Kupfer<\/li>\n<li>Isolierung: Gesch\u00e4umte PE-Haut\/HDPE<\/li>\n<li>Drahtst\u00e4rke: 28+30AWG<\/li>\n<li>Abschirmung: verdrilltes Paar aus Aluminiumfolie, Gesamtaluminiumfolie, Geflecht<\/li>\n<li>Geh\u00e4use: Spritzgie\u00dfen<\/li>\n<li>Mantel: PVC<\/li>\n<li>Au\u00dfendurchmesser: 3,2 * 14,5 \u00b1 0,2 mm<\/li>\n<li>Einhaltung der Vorschriften: RoHS, REACH<\/li>\n<\/ul>\n<p>Au\u00dferdem bieten die vollst\u00e4ndig abgeschirmten Leiter vollst\u00e4ndige Immunit\u00e4t gegen EMI\/RFI-St\u00f6rungen, w\u00e4hrend die 24-K-vergoldeten Anschl\u00fcsse eine einwandfreie Signal\u00fcbertragung gew\u00e4hrleisten.<\/p>\n<p>Jedes Kabel wird strengen Tests unterzogen, um die Industriestandards zu erf\u00fcllen und eine nahtlose Funktionalit\u00e4t zu gew\u00e4hrleisten. Kaufen Sie mit Zuversicht, denn Sie wissen, dass unsere 2-Jahres-Garantie f\u00fcr das Kabel mit hoher Bandbreite gilt.<\/p>\n<p>Nehmen Sie daher noch heute Kontakt mit uns auf und investieren Sie in sie.<\/p>","protected":false},"excerpt":{"rendered":"<p>Tauchen Sie ein in nahtlose Konnektivit\u00e4t mit dem flachen HDMI-Kabel von FARSINCE, das atemberaubende Videoaufl\u00f6sungen bis zu 8K@60Hz liefert.<\/p>","protected":false},"featured_media":14946,"template":"","meta":{"_acf_changed":false,"_seopress_robots_primary_cat":"","_seopress_titles_title":"Best Flat HDMI Cable Female to Female Panel Mount - FARSINCE","_seopress_titles_desc":"","_seopress_robots_index":"","site-sidebar-layout":"default","site-content-layout":"default","ast-site-content-layout":"default","site-content-style":"default","site-sidebar-style":"default","ast-global-header-display":"","ast-banner-title-visibility":"","ast-main-header-display":"","ast-hfb-above-header-display":"","ast-hfb-below-header-display":"","ast-hfb-mobile-header-display":"","site-post-title":"","ast-breadcrumbs-content":"","ast-featured-img":"","footer-sml-layout":"","ast-disable-related-posts":"","theme-transparent-header-meta":"default","adv-header-id-meta":"","stick-header-meta":"","header-above-stick-meta":"","header-main-stick-meta":"","header-below-stick-meta":"","astra-migrate-meta-layouts":"set","ast-page-background-enabled":"default","ast-page-background-meta":{"desktop":{"background-color":"","background-image":"","background-repeat":"repeat","background-position":"center center","background-size":"auto","background-attachment":"scroll","background-type":"","background-media":"","overlay-type":"","overlay-color":"","overlay-opacity":"","overlay-gradient":""},"tablet":{"background-color":"","background-image":"","background-repeat":"repeat","background-position":"center center","background-size":"auto","background-attachment":"scroll","background-type":"","background-media":"","overlay-type":"","overlay-color":"","overlay-opacity":"","overlay-gradient":""},"mobile":{"background-color":"","background-image":"","background-repeat":"repeat","background-position":"center center","background-size":"auto","background-attachment":"scroll","background-type":"","background-media":"","overlay-type":"","overlay-color":"","overlay-opacity":"","overlay-gradient":""}},"ast-content-background-meta":{"desktop":{"background-color":"var(--ast-global-color-5)","background-image":"","background-repeat":"repeat","background-position":"center center","background-size":"auto","background-attachment":"scroll","background-type":"","background-media":"","overlay-type":"","overlay-color":"","overlay-opacity":"","overlay-gradient":""},"tablet":{"background-color":"var(--ast-global-color-5)","background-image":"","background-repeat":"repeat","background-position":"center center","background-size":"auto","background-attachment":"scroll","background-type":"","background-media":"","overlay-type":"","overlay-color":"","overlay-opacity":"","overlay-gradient":""},"mobile":{"background-color":"var(--ast-global-color-5)","background-image":"","background-repeat":"repeat","background-position":"center center","background-size":"auto","background-attachment":"scroll","background-type":"","background-media":"","overlay-type":"","overlay-color":"","overlay-opacity":"","overlay-gradient":""}},"iawp_total_views":4},"product_brand":[],"product_cat":[238,678],"product_tag":[],"class_list":{"0":"post-14934","1":"product","2":"type-product","3":"status-publish","4":"has-post-thumbnail","6":"product_cat-panel-mount","7":"product_cat-panel-mount-cables","8":"desktop-align-left","9":"tablet-align-left","10":"mobile-align-left","12":"first","13":"instock","14":"shipping-taxable","15":"purchasable","16":"product-type-simple"},"acf":[],"_links":{"self":[{"href":"https:\/\/www.fjpremium.com\/de\/wp-json\/wp\/v2\/product\/14934","targetHints":{"allow":["GET"]}}],"collection":[{"href":"https:\/\/www.fjpremium.com\/de\/wp-json\/wp\/v2\/product"}],"about":[{"href":"https:\/\/www.fjpremium.com\/de\/wp-json\/wp\/v2\/types\/product"}],"wp:featuredmedia":[{"embeddable":true,"href":"https:\/\/www.fjpremium.com\/de\/wp-json\/wp\/v2\/media\/14946"}],"wp:attachment":[{"href":"https:\/\/www.fjpremium.com\/de\/wp-json\/wp\/v2\/media?parent=14934"}],"wp:term":[{"taxonomy":"product_brand","embeddable":true,"href":"https:\/\/www.fjpremium.com\/de\/wp-json\/wp\/v2\/product_brand?post=14934"},{"taxonomy":"product_cat","embeddable":true,"href":"https:\/\/www.fjpremium.com\/de\/wp-json\/wp\/v2\/product_cat?post=14934"},{"taxonomy":"product_tag","embeddable":true,"href":"https:\/\/www.fjpremium.com\/de\/wp-json\/wp\/v2\/product_tag?post=14934"}],"curies":[{"name":"wp","href":"https:\/\/api.w.org\/{rel}","templated":true}]}}