{"id":14932,"date":"2020-05-25T11:13:42","date_gmt":"2020-05-25T03:13:42","guid":{"rendered":"https:\/\/www.fjpremium.com\/?post_type=product&#038;p=14932"},"modified":"2024-03-11T16:18:01","modified_gmt":"2024-03-11T08:18:01","slug":"hdmi-female-to-female-panel-mount-cable","status":"publish","type":"product","link":"https:\/\/www.fjpremium.com\/de\/product\/hdmi-female-to-female-panel-mount-cable\/","title":{"rendered":"8K Panel Mount Kabel HDMI Buchse zu Buchse Adapter"},"content":{"rendered":"<p>Unser HDMI-Buchse-zu-Buchse-Kabel f\u00fcr die Schalttafelmontage ist die perfekte L\u00f6sung f\u00fcr die Kombination von zwei HDMI-Kabeln, um eine Verbindung durch eine Schalttafel zu erreichen, die eine Display-Verbindung von einem sicheren Ort aus erm\u00f6glicht.<\/p>\n<p>Mit Unterst\u00fctzung f\u00fcr Videoaufl\u00f6sungen bis zu 8K@60Hz k\u00f6nnen Sie in atemberaubende Bilder eintauchen, die jedes Detail erfassen.<\/p>\n<p>Die vollst\u00e4ndig abgeschirmten Leiter dieses HDMI-Buchse-zu-Buchse-Adapters bieten vollst\u00e4ndige Immunit\u00e4t gegen EMI\/RFI-Interferenzen, w\u00e4hrend die 24-K-vergoldeten Stecker eine hervorragende Signal\u00fcbertragung garantieren.<\/p>\n<p>Sie k\u00f6nnen sicher sein, dass es streng nach den Industriestandards getestet wurde.<\/p>\n<p>Seine Spezifikationen:<\/p>\n<ul>\n<li>Mutter und Schraube Typ: #4-40 vernickelt<\/li>\n<li>Kabel-Leiter: Verzinntes Kupfer<\/li>\n<li>Isolierung: Gesch\u00e4umte PE-Haut\/HDPE<\/li>\n<li>Drahtst\u00e4rke: 28AWG 7\/0.12mm<\/li>\n<li>Abschirmung: verdrilltes Paar aus Aluminiumfolie, Gesamtaluminiumfolie, Geflecht<\/li>\n<li>Geh\u00e4use: Spritzgie\u00dfen<\/li>\n<li>Mantel: PVC<\/li>\n<li>\u00c4u\u00dferer Durchmesser: 7,0\u00b10,2mm<\/li>\n<li>Einhaltung der Vorschriften: RoHS, REACH, CE<\/li>\n<\/ul>\n<p>Au\u00dferdem k\u00f6nnen Sie sich auf unsere 2-Jahres-Garantie verlassen, die Ihnen Sicherheit gibt. Entscheiden Sie sich also daf\u00fcr und bringen Sie Ihr Projekt auf ein neues Niveau.<\/p>","protected":false},"excerpt":{"rendered":"<p>Verbessern Sie die Konnektivit\u00e4t mit dem FARSINCE HDMI-Buchse-zu-Buchse-Adapter, der atemberaubende Videoaufl\u00f6sungen bis zu 8K@60Hz verspricht.<\/p>","protected":false},"featured_media":14936,"template":"","meta":{"_acf_changed":false,"_seopress_robots_primary_cat":"","_seopress_titles_title":"Panel Mount Cable HDMI Female to Female Adapter - FARSINCE","_seopress_titles_desc":"","_seopress_robots_index":"","site-sidebar-layout":"default","site-content-layout":"default","ast-site-content-layout":"default","site-content-style":"default","site-sidebar-style":"default","ast-global-header-display":"","ast-banner-title-visibility":"","ast-main-header-display":"","ast-hfb-above-header-display":"","ast-hfb-below-header-display":"","ast-hfb-mobile-header-display":"","site-post-title":"","ast-breadcrumbs-content":"","ast-featured-img":"","footer-sml-layout":"","ast-disable-related-posts":"","theme-transparent-header-meta":"default","adv-header-id-meta":"","stick-header-meta":"","header-above-stick-meta":"","header-main-stick-meta":"","header-below-stick-meta":"","astra-migrate-meta-layouts":"set","ast-page-background-enabled":"default","ast-page-background-meta":{"desktop":{"background-color":"","background-image":"","background-repeat":"repeat","background-position":"center center","background-size":"auto","background-attachment":"scroll","background-type":"","background-media":"","overlay-type":"","overlay-color":"","overlay-opacity":"","overlay-gradient":""},"tablet":{"background-color":"","background-image":"","background-repeat":"repeat","background-position":"center center","background-size":"auto","background-attachment":"scroll","background-type":"","background-media":"","overlay-type":"","overlay-color":"","overlay-opacity":"","overlay-gradient":""},"mobile":{"background-color":"","background-image":"","background-repeat":"repeat","background-position":"center center","background-size":"auto","background-attachment":"scroll","background-type":"","background-media":"","overlay-type":"","overlay-color":"","overlay-opacity":"","overlay-gradient":""}},"ast-content-background-meta":{"desktop":{"background-color":"var(--ast-global-color-5)","background-image":"","background-repeat":"repeat","background-position":"center center","background-size":"auto","background-attachment":"scroll","background-type":"","background-media":"","overlay-type":"","overlay-color":"","overlay-opacity":"","overlay-gradient":""},"tablet":{"background-color":"var(--ast-global-color-5)","background-image":"","background-repeat":"repeat","background-position":"center center","background-size":"auto","background-attachment":"scroll","background-type":"","background-media":"","overlay-type":"","overlay-color":"","overlay-opacity":"","overlay-gradient":""},"mobile":{"background-color":"var(--ast-global-color-5)","background-image":"","background-repeat":"repeat","background-position":"center center","background-size":"auto","background-attachment":"scroll","background-type":"","background-media":"","overlay-type":"","overlay-color":"","overlay-opacity":"","overlay-gradient":""}},"iawp_total_views":71},"product_brand":[],"product_cat":[460,238,678],"product_tag":[],"class_list":{"0":"post-14932","1":"product","2":"type-product","3":"status-publish","4":"has-post-thumbnail","6":"product_cat-featured-products","7":"product_cat-panel-mount","8":"product_cat-panel-mount-cables","9":"desktop-align-left","10":"tablet-align-left","11":"mobile-align-left","13":"first","14":"instock","15":"featured","16":"shipping-taxable","17":"purchasable","18":"product-type-simple"},"acf":[],"_links":{"self":[{"href":"https:\/\/www.fjpremium.com\/de\/wp-json\/wp\/v2\/product\/14932","targetHints":{"allow":["GET"]}}],"collection":[{"href":"https:\/\/www.fjpremium.com\/de\/wp-json\/wp\/v2\/product"}],"about":[{"href":"https:\/\/www.fjpremium.com\/de\/wp-json\/wp\/v2\/types\/product"}],"wp:featuredmedia":[{"embeddable":true,"href":"https:\/\/www.fjpremium.com\/de\/wp-json\/wp\/v2\/media\/14936"}],"wp:attachment":[{"href":"https:\/\/www.fjpremium.com\/de\/wp-json\/wp\/v2\/media?parent=14932"}],"wp:term":[{"taxonomy":"product_brand","embeddable":true,"href":"https:\/\/www.fjpremium.com\/de\/wp-json\/wp\/v2\/product_brand?post=14932"},{"taxonomy":"product_cat","embeddable":true,"href":"https:\/\/www.fjpremium.com\/de\/wp-json\/wp\/v2\/product_cat?post=14932"},{"taxonomy":"product_tag","embeddable":true,"href":"https:\/\/www.fjpremium.com\/de\/wp-json\/wp\/v2\/product_tag?post=14932"}],"curies":[{"name":"wp","href":"https:\/\/api.w.org\/{rel}","templated":true}]}}