{"id":14860,"date":"2020-05-22T10:25:02","date_gmt":"2020-05-22T02:25:02","guid":{"rendered":"https:\/\/www.fjpremium.com\/?post_type=product&#038;p=14860"},"modified":"2023-09-21T18:01:36","modified_gmt":"2023-09-21T10:01:36","slug":"mini-displayport-to-displayport-adapter-mini-dp-to-dp-4k-resolution-ready-thunderbolt-2-port-compatible","status":"publish","type":"product","link":"https:\/\/www.fjpremium.com\/de\/product\/mini-displayport-to-displayport-adapter-mini-dp-to-dp-4k-resolution-ready-thunderbolt-2-port-compatible\/","title":{"rendered":"Mini DisplayPort 1.2 zu DisplayPort Konverter Mini DP zu DP Buchse Adapter 4K 60hz"},"content":{"rendered":"<p>Der Adapter bietet die perfekte L\u00f6sung f\u00fcr den Anschluss des Videoausgangs eines Mini-DisplayPort-f\u00e4higen Chromebooks oder Laptops an einen Bildschirm mit DisplayPort-Eingang.<\/p>\n<p>Dank der Unterst\u00fctzung von Videoaufl\u00f6sungen von bis zu 4K@30 (3840\u00d72160, Ultra HD) und 1080P (Full HD) erleben Sie atemberaubende Bilder.<\/p>\n<p>Und Sie k\u00f6nnen in den makellosen Audio-Pass-Through eintauchen, der unkomprimierten digitalen 7.1-, 5.1- oder 2-Kanal-Ton f\u00fcr ein verbessertes Klangerlebnis liefert.<\/p>\n<p>Die vollst\u00e4ndig abgeschirmten Leiter unseres Mini-DP-auf-DP-Buchse-Adapters wurden aus hochwertigen Materialien und Konstruktionen gefertigt und bieten vollst\u00e4ndige Immunit\u00e4t gegen EMI\/RFI-Interferenzen. Gleichzeitig garantieren die 24-K-vergoldeten Anschl\u00fcsse eine hervorragende Signal\u00fcbertragung.<\/p>\n<p>Seine Spezifikationen:<\/p>\n<ul>\n<li>Kabel-Leiter: Verzinntes Kupfer<\/li>\n<li>Isolierung: Gesch\u00e4umte PE-Haut\/HDPE<\/li>\n<li>Drahtst\u00e4rke: 32AWG<\/li>\n<li>Dreifach abgeschirmt: verdrilltes Paar aus Aluminiumfolie, Gesamtaluminiumfolie, Geflecht<\/li>\n<li>Geh\u00e4use: ABS-Schale<\/li>\n<li>Chipsatz: keine<\/li>\n<li>Mantel: PVC<\/li>\n<li>\u00c4u\u00dferer Durchmesser: 4,8\u00b10,2mm<\/li>\n<li>Einhaltung der Vorschriften: RoHS, REACH, CE, UL<\/li>\n<\/ul>\n<p>Au\u00dferdem k\u00f6nnen Sie sich darauf verlassen, dass es streng nach Industriestandards getestet wurde.<\/p>\n<p>Dank unserer 5-Jahres-Garantie k\u00f6nnen Sie sich auf die Qualit\u00e4t und Zuverl\u00e4ssigkeit dieses Adapters auch in den kommenden Jahren verlassen. Kontaktieren Sie uns noch heute!<\/p>","protected":false},"excerpt":{"rendered":"<p>Erleben Sie nahtlose Konnektivit\u00e4t mit dem FARSINCE Mini-DP-auf-DP-Buchse-Adapter, der atemberaubende Videoaufl\u00f6sungen und einen einwandfreien Audio-Pass-Through bietet.<\/p>","protected":false},"featured_media":14885,"template":"","meta":{"_acf_changed":false,"_seopress_robots_primary_cat":"","_seopress_titles_title":"Best Mini DP to DP Female Adapter 4K 60hz - Farsince","_seopress_titles_desc":"","_seopress_robots_index":"","site-sidebar-layout":"default","site-content-layout":"default","ast-site-content-layout":"default","site-content-style":"default","site-sidebar-style":"default","ast-global-header-display":"","ast-banner-title-visibility":"","ast-main-header-display":"","ast-hfb-above-header-display":"","ast-hfb-below-header-display":"","ast-hfb-mobile-header-display":"","site-post-title":"","ast-breadcrumbs-content":"","ast-featured-img":"","footer-sml-layout":"","ast-disable-related-posts":"","theme-transparent-header-meta":"default","adv-header-id-meta":"","stick-header-meta":"","header-above-stick-meta":"","header-main-stick-meta":"","header-below-stick-meta":"","astra-migrate-meta-layouts":"set","ast-page-background-enabled":"default","ast-page-background-meta":{"desktop":{"background-color":"","background-image":"","background-repeat":"repeat","background-position":"center center","background-size":"auto","background-attachment":"scroll","background-type":"","background-media":"","overlay-type":"","overlay-color":"","overlay-opacity":"","overlay-gradient":""},"tablet":{"background-color":"","background-image":"","background-repeat":"repeat","background-position":"center center","background-size":"auto","background-attachment":"scroll","background-type":"","background-media":"","overlay-type":"","overlay-color":"","overlay-opacity":"","overlay-gradient":""},"mobile":{"background-color":"","background-image":"","background-repeat":"repeat","background-position":"center center","background-size":"auto","background-attachment":"scroll","background-type":"","background-media":"","overlay-type":"","overlay-color":"","overlay-opacity":"","overlay-gradient":""}},"ast-content-background-meta":{"desktop":{"background-color":"var(--ast-global-color-5)","background-image":"","background-repeat":"repeat","background-position":"center center","background-size":"auto","background-attachment":"scroll","background-type":"","background-media":"","overlay-type":"","overlay-color":"","overlay-opacity":"","overlay-gradient":""},"tablet":{"background-color":"var(--ast-global-color-5)","background-image":"","background-repeat":"repeat","background-position":"center center","background-size":"auto","background-attachment":"scroll","background-type":"","background-media":"","overlay-type":"","overlay-color":"","overlay-opacity":"","overlay-gradient":""},"mobile":{"background-color":"var(--ast-global-color-5)","background-image":"","background-repeat":"repeat","background-position":"center center","background-size":"auto","background-attachment":"scroll","background-type":"","background-media":"","overlay-type":"","overlay-color":"","overlay-opacity":"","overlay-gradient":""}},"iawp_total_views":12},"product_brand":[],"product_cat":[212],"product_tag":[],"class_list":{"0":"post-14860","1":"product","2":"type-product","3":"status-publish","4":"has-post-thumbnail","6":"product_cat-displayport","7":"desktop-align-left","8":"tablet-align-left","9":"mobile-align-left","11":"first","12":"instock","13":"shipping-taxable","14":"purchasable","15":"product-type-simple"},"acf":[],"_links":{"self":[{"href":"https:\/\/www.fjpremium.com\/de\/wp-json\/wp\/v2\/product\/14860","targetHints":{"allow":["GET"]}}],"collection":[{"href":"https:\/\/www.fjpremium.com\/de\/wp-json\/wp\/v2\/product"}],"about":[{"href":"https:\/\/www.fjpremium.com\/de\/wp-json\/wp\/v2\/types\/product"}],"wp:featuredmedia":[{"embeddable":true,"href":"https:\/\/www.fjpremium.com\/de\/wp-json\/wp\/v2\/media\/14885"}],"wp:attachment":[{"href":"https:\/\/www.fjpremium.com\/de\/wp-json\/wp\/v2\/media?parent=14860"}],"wp:term":[{"taxonomy":"product_brand","embeddable":true,"href":"https:\/\/www.fjpremium.com\/de\/wp-json\/wp\/v2\/product_brand?post=14860"},{"taxonomy":"product_cat","embeddable":true,"href":"https:\/\/www.fjpremium.com\/de\/wp-json\/wp\/v2\/product_cat?post=14860"},{"taxonomy":"product_tag","embeddable":true,"href":"https:\/\/www.fjpremium.com\/de\/wp-json\/wp\/v2\/product_tag?post=14860"}],"curies":[{"name":"wp","href":"https:\/\/api.w.org\/{rel}","templated":true}]}}