{"id":14856,"date":"2020-05-22T10:24:49","date_gmt":"2020-05-22T02:24:49","guid":{"rendered":"https:\/\/www.fjpremium.com\/?post_type=product&#038;p=14856"},"modified":"2023-10-11T09:34:02","modified_gmt":"2023-10-11T01:34:02","slug":"mini-displayport-to-dvi-i-female-adapter-1080p-resolution-ready","status":"publish","type":"product","link":"https:\/\/www.fjpremium.com\/de\/product\/mini-displayport-to-dvi-i-female-adapter-1080p-resolution-ready\/","title":{"rendered":"Mini Thunderbolt zu DVI Adapter Mini DP 1.2 zu DVI Konverter 1080p"},"content":{"rendered":"<p>Dieser hervorragende Adapter erm\u00f6glicht die nahtlose \u00dcbertragung von Audio- und Videosignalen von Ihrem mit Mini DisplayPort ausgestatteten Ger\u00e4t an DVI-Bildschirme und unterst\u00fctzt damit Ihre Video- und Spieleanwendungen.<\/p>\n<p>Mit seiner atemberaubenden Full-HD-Aufl\u00f6sung und angereicherten digitalen Audiokan\u00e4len garantiert er ein packendes Multimedia-Erlebnis.<\/p>\n<p>Seine Spezifikationen:<\/p>\n<ul>\n<li>Kabel-Leiter: Verzinntes Kupfer<\/li>\n<li>Isolierung: Gesch\u00e4umte PE-Haut\/HDPE<\/li>\n<li>Drahtst\u00e4rke: 30AWG<\/li>\n<li>Dreifach abgeschirmt: verdrilltes Paar aus Aluminiumfolie, Gesamtaluminiumfolie, Geflecht<\/li>\n<li>Geh\u00e4use: ABS-Schale<\/li>\n<li>Chipsatz: PS8121E<\/li>\n<li>Mantel: PVC<\/li>\n<li>\u00c4u\u00dferer Durchmesser: 6,0\u00b10,2mm<\/li>\n<li>Einhaltung der Vorschriften: RoHS, REACH, CE, UL<\/li>\n<\/ul>\n<p>Die Leiter sind vollst\u00e4ndig abgeschirmt und sch\u00fctzen Ihre \u00dcbertragung vor EMI\/RFI-Interferenzen. Au\u00dferdem optimieren die mit 24-kar\u00e4tigem Gold beschichteten Stecker die Signal\u00fcbertragung.<\/p>\n<p>Unser hochentwickelter Mini-Thunderbolt-auf-DVI-Adapter mit seiner 2-Jahres-Garantie ist Ihr narrensicherer Weg in eine Welt voller lebendiger Bilder und klangvoller Audios. Kontaktieren Sie uns also noch heute und bestellen Sie ihn.<\/p>","protected":false},"excerpt":{"rendered":"<p>Erleben Sie digitale Erlebnisse der Extraklasse mit dem Mini-Thunderbolt-auf-DVI-Adapter von FARSINCE. Er verf\u00fcgt \u00fcber eine 2-j\u00e4hrige Garantie und ist ein Muss f\u00fcr Ihre technischen Upgrades.<\/p>","protected":false},"featured_media":14869,"template":"","meta":{"_acf_changed":false,"_seopress_robots_primary_cat":"","_seopress_titles_title":"Mini Thunderbolt to DVI Adapter %%sep%% %%sitetitle%%","_seopress_titles_desc":"","_seopress_robots_index":"","site-sidebar-layout":"default","site-content-layout":"default","ast-site-content-layout":"default","site-content-style":"default","site-sidebar-style":"default","ast-global-header-display":"","ast-banner-title-visibility":"","ast-main-header-display":"","ast-hfb-above-header-display":"","ast-hfb-below-header-display":"","ast-hfb-mobile-header-display":"","site-post-title":"","ast-breadcrumbs-content":"","ast-featured-img":"","footer-sml-layout":"","ast-disable-related-posts":"","theme-transparent-header-meta":"default","adv-header-id-meta":"","stick-header-meta":"","header-above-stick-meta":"","header-main-stick-meta":"","header-below-stick-meta":"","astra-migrate-meta-layouts":"set","ast-page-background-enabled":"default","ast-page-background-meta":{"desktop":{"background-color":"","background-image":"","background-repeat":"repeat","background-position":"center center","background-size":"auto","background-attachment":"scroll","background-type":"","background-media":"","overlay-type":"","overlay-color":"","overlay-opacity":"","overlay-gradient":""},"tablet":{"background-color":"","background-image":"","background-repeat":"repeat","background-position":"center center","background-size":"auto","background-attachment":"scroll","background-type":"","background-media":"","overlay-type":"","overlay-color":"","overlay-opacity":"","overlay-gradient":""},"mobile":{"background-color":"","background-image":"","background-repeat":"repeat","background-position":"center center","background-size":"auto","background-attachment":"scroll","background-type":"","background-media":"","overlay-type":"","overlay-color":"","overlay-opacity":"","overlay-gradient":""}},"ast-content-background-meta":{"desktop":{"background-color":"var(--ast-global-color-5)","background-image":"","background-repeat":"repeat","background-position":"center center","background-size":"auto","background-attachment":"scroll","background-type":"","background-media":"","overlay-type":"","overlay-color":"","overlay-opacity":"","overlay-gradient":""},"tablet":{"background-color":"var(--ast-global-color-5)","background-image":"","background-repeat":"repeat","background-position":"center center","background-size":"auto","background-attachment":"scroll","background-type":"","background-media":"","overlay-type":"","overlay-color":"","overlay-opacity":"","overlay-gradient":""},"mobile":{"background-color":"var(--ast-global-color-5)","background-image":"","background-repeat":"repeat","background-position":"center center","background-size":"auto","background-attachment":"scroll","background-type":"","background-media":"","overlay-type":"","overlay-color":"","overlay-opacity":"","overlay-gradient":""}},"iawp_total_views":4},"product_brand":[],"product_cat":[212],"product_tag":[],"class_list":{"0":"post-14856","1":"product","2":"type-product","3":"status-publish","4":"has-post-thumbnail","6":"product_cat-displayport","7":"desktop-align-left","8":"tablet-align-left","9":"mobile-align-left","11":"first","12":"instock","13":"shipping-taxable","14":"purchasable","15":"product-type-simple"},"acf":[],"_links":{"self":[{"href":"https:\/\/www.fjpremium.com\/de\/wp-json\/wp\/v2\/product\/14856","targetHints":{"allow":["GET"]}}],"collection":[{"href":"https:\/\/www.fjpremium.com\/de\/wp-json\/wp\/v2\/product"}],"about":[{"href":"https:\/\/www.fjpremium.com\/de\/wp-json\/wp\/v2\/types\/product"}],"wp:featuredmedia":[{"embeddable":true,"href":"https:\/\/www.fjpremium.com\/de\/wp-json\/wp\/v2\/media\/14869"}],"wp:attachment":[{"href":"https:\/\/www.fjpremium.com\/de\/wp-json\/wp\/v2\/media?parent=14856"}],"wp:term":[{"taxonomy":"product_brand","embeddable":true,"href":"https:\/\/www.fjpremium.com\/de\/wp-json\/wp\/v2\/product_brand?post=14856"},{"taxonomy":"product_cat","embeddable":true,"href":"https:\/\/www.fjpremium.com\/de\/wp-json\/wp\/v2\/product_cat?post=14856"},{"taxonomy":"product_tag","embeddable":true,"href":"https:\/\/www.fjpremium.com\/de\/wp-json\/wp\/v2\/product_tag?post=14856"}],"curies":[{"name":"wp","href":"https:\/\/api.w.org\/{rel}","templated":true}]}}