{"id":14822,"date":"2020-05-22T10:12:20","date_gmt":"2020-05-22T02:12:20","guid":{"rendered":"https:\/\/www.fjpremium.com\/?post_type=product&#038;p=14822"},"modified":"2023-10-11T09:34:48","modified_gmt":"2023-10-11T01:34:48","slug":"mini-displayport-thunderbolt-2-compatible-to-displayport-mini-dp-to-dp-adapter-cable","status":"publish","type":"product","link":"https:\/\/www.fjpremium.com\/de\/product\/mini-displayport-thunderbolt-2-compatible-to-displayport-mini-dp-to-dp-adapter-cable\/","title":{"rendered":"Mini DisplayPort 1.2 auf DisplayPort Konverterkabel Mini DP auf DP Adapterkabel 1.8m 4K 60hz"},"content":{"rendered":"<p>Unser Konverterkabel eignet sich perfekt f\u00fcr den Einsatz im Heimkino oder auf dem Schreibtisch und verbindet ein Mini DisplayPort- oder Thunderbolt 2-Ger\u00e4t mit einem DisplayPort-Eingabeger\u00e4t.<\/p>\n<p>Dank der Unterst\u00fctzung von Videoaufl\u00f6sungen von bis zu Ultra HD 4K k\u00f6nnen Sie Spiele und Videostreaming in vollem Umfang genie\u00dfen.<\/p>\n<p>Er liefert sowohl Audio- als auch Videosignale und bietet einen einwandfreien Audio-Pass-Through f\u00fcr unkomprimierte digitale 7.1-, 5.1- oder 2-Kanal-Signale.<\/p>\n<p>Dieses Mini-DP-auf-DP-Adapterkabel besteht aus hochwertigen Materialien und bietet vollst\u00e4ndige EMI\/RFI-St\u00f6rfestigkeit sowie 24-kar\u00e4tig vergoldete Stecker f\u00fcr eine hervorragende Signal\u00fcbertragung.<\/p>\n<p>Seine Spezifikationen:<\/p>\n<ul>\n<li>Vergoldeter Kontakt, vergoldetes Geh\u00e4use<\/li>\n<li>Kabel-Leiter: Verzinntes Kupfer<\/li>\n<li>Isolierung: Gesch\u00e4umte PE-Haut\/HDPE<\/li>\n<li>Drahtst\u00e4rke: 32AWG<\/li>\n<li>Dreifach abgeschirmt: verdrilltes Paar aus Aluminiumfolie, Gesamtaluminiumfolie, Geflecht<\/li>\n<li>Geh\u00e4use: ABS-Schale<\/li>\n<li>Chipsatz: keine<\/li>\n<li>Mantel: PVC<\/li>\n<li>\u00c4u\u00dferer Durchmesser: 4,8\u00b10,2mm<\/li>\n<li>Einhaltung der Vorschriften: RoHS, REACH, CE, UL<\/li>\n<\/ul>\n<p>Au\u00dferdem verspricht er mit einer 2-j\u00e4hrigen FARSINCE-Garantie eine zuverl\u00e4ssige Leistung. Wenden Sie sich daher noch heute an uns und nehmen Sie ihn in Ihren Bestand auf.<\/p>","protected":false},"excerpt":{"rendered":"<p>Entdecken Sie unvergleichliche visuelle Qualit\u00e4t mit dem FARSINCE Mini-DP-auf-DP-Adapterkabel, das bis zu Ultra HD 4K-Aufl\u00f6sung bietet und von einer 2-Jahres-Garantie unterst\u00fctzt wird.<\/p>","protected":false},"featured_media":14847,"template":"","meta":{"_acf_changed":false,"_seopress_robots_primary_cat":"","_seopress_titles_title":"Mini DP to DP Adapter Cable 1.8m 4K 60hz %%sep%% %%sitetitle%%","_seopress_titles_desc":"","_seopress_robots_index":"","site-sidebar-layout":"default","site-content-layout":"default","ast-site-content-layout":"default","site-content-style":"default","site-sidebar-style":"default","ast-global-header-display":"","ast-banner-title-visibility":"","ast-main-header-display":"","ast-hfb-above-header-display":"","ast-hfb-below-header-display":"","ast-hfb-mobile-header-display":"","site-post-title":"","ast-breadcrumbs-content":"","ast-featured-img":"","footer-sml-layout":"","ast-disable-related-posts":"","theme-transparent-header-meta":"default","adv-header-id-meta":"","stick-header-meta":"","header-above-stick-meta":"","header-main-stick-meta":"","header-below-stick-meta":"","astra-migrate-meta-layouts":"set","ast-page-background-enabled":"default","ast-page-background-meta":{"desktop":{"background-color":"","background-image":"","background-repeat":"repeat","background-position":"center center","background-size":"auto","background-attachment":"scroll","background-type":"","background-media":"","overlay-type":"","overlay-color":"","overlay-opacity":"","overlay-gradient":""},"tablet":{"background-color":"","background-image":"","background-repeat":"repeat","background-position":"center center","background-size":"auto","background-attachment":"scroll","background-type":"","background-media":"","overlay-type":"","overlay-color":"","overlay-opacity":"","overlay-gradient":""},"mobile":{"background-color":"","background-image":"","background-repeat":"repeat","background-position":"center center","background-size":"auto","background-attachment":"scroll","background-type":"","background-media":"","overlay-type":"","overlay-color":"","overlay-opacity":"","overlay-gradient":""}},"ast-content-background-meta":{"desktop":{"background-color":"var(--ast-global-color-5)","background-image":"","background-repeat":"repeat","background-position":"center center","background-size":"auto","background-attachment":"scroll","background-type":"","background-media":"","overlay-type":"","overlay-color":"","overlay-opacity":"","overlay-gradient":""},"tablet":{"background-color":"var(--ast-global-color-5)","background-image":"","background-repeat":"repeat","background-position":"center center","background-size":"auto","background-attachment":"scroll","background-type":"","background-media":"","overlay-type":"","overlay-color":"","overlay-opacity":"","overlay-gradient":""},"mobile":{"background-color":"var(--ast-global-color-5)","background-image":"","background-repeat":"repeat","background-position":"center center","background-size":"auto","background-attachment":"scroll","background-type":"","background-media":"","overlay-type":"","overlay-color":"","overlay-opacity":"","overlay-gradient":""}},"iawp_total_views":8},"product_brand":[],"product_cat":[212],"product_tag":[],"class_list":{"0":"post-14822","1":"product","2":"type-product","3":"status-publish","4":"has-post-thumbnail","6":"product_cat-displayport","7":"desktop-align-left","8":"tablet-align-left","9":"mobile-align-left","11":"first","12":"instock","13":"shipping-taxable","14":"purchasable","15":"product-type-simple"},"acf":[],"_links":{"self":[{"href":"https:\/\/www.fjpremium.com\/de\/wp-json\/wp\/v2\/product\/14822","targetHints":{"allow":["GET"]}}],"collection":[{"href":"https:\/\/www.fjpremium.com\/de\/wp-json\/wp\/v2\/product"}],"about":[{"href":"https:\/\/www.fjpremium.com\/de\/wp-json\/wp\/v2\/types\/product"}],"wp:featuredmedia":[{"embeddable":true,"href":"https:\/\/www.fjpremium.com\/de\/wp-json\/wp\/v2\/media\/14847"}],"wp:attachment":[{"href":"https:\/\/www.fjpremium.com\/de\/wp-json\/wp\/v2\/media?parent=14822"}],"wp:term":[{"taxonomy":"product_brand","embeddable":true,"href":"https:\/\/www.fjpremium.com\/de\/wp-json\/wp\/v2\/product_brand?post=14822"},{"taxonomy":"product_cat","embeddable":true,"href":"https:\/\/www.fjpremium.com\/de\/wp-json\/wp\/v2\/product_cat?post=14822"},{"taxonomy":"product_tag","embeddable":true,"href":"https:\/\/www.fjpremium.com\/de\/wp-json\/wp\/v2\/product_tag?post=14822"}],"curies":[{"name":"wp","href":"https:\/\/api.w.org\/{rel}","templated":true}]}}