{"id":14821,"date":"2020-05-22T10:12:06","date_gmt":"2020-05-22T02:12:06","guid":{"rendered":"https:\/\/www.fjpremium.com\/?post_type=product&#038;p=14821"},"modified":"2023-10-11T09:35:30","modified_gmt":"2023-10-11T01:35:30","slug":"mini-displayport-to-vga-hd15-adapter-cable-full-hd1080p-resolution-ready","status":"publish","type":"product","link":"https:\/\/www.fjpremium.com\/de\/product\/mini-displayport-to-vga-hd15-adapter-cable-full-hd1080p-resolution-ready\/","title":{"rendered":"Mini DisplayPort 1.2 (Thunderbolt 2) zu VGA Konverterkabel Mini DP zu VGA Adapterkabel 1.8m 1080p"},"content":{"rendered":"<p>Das Konverterkabel wurde f\u00fcr den Anschluss eines Mini DisplayPort (Thunderbolt 2)-Ger\u00e4ts an ein beliebiges VGA-Eingabeger\u00e4t, wie z. B. einen HDTV, Monitor oder Projektor, entwickelt und sorgt f\u00fcr ein beeindruckendes Seherlebnis.<\/p>\n<p>Er unterst\u00fctzt Videoaufl\u00f6sungen von bis zu 1080P und erm\u00f6glicht so eine kristallklare Anzeige, w\u00e4hrend er gleichzeitig einen einwandfreien Audiodurchgang f\u00fcr digitale 7.1-, 5.1- oder 2-Kan\u00e4le bietet.<\/p>\n<p>Es ist aus hochwertigen Materialien gefertigt und bietet vollst\u00e4ndige EMI\/RFI-St\u00f6rfestigkeit sowie 24-kar\u00e4tig vergoldete Anschl\u00fcsse f\u00fcr eine verbesserte Signal\u00fcbertragung.<\/p>\n<p>Seine Spezifikationen:<\/p>\n<ul>\n<li>Kabel-Leiter: Verzinntes Kupfer<\/li>\n<li>Isolierung: Gesch\u00e4umte PE-Haut\/HDPE<\/li>\n<li>Drahtst\u00e4rke: 32AWG<\/li>\n<li>Dreifach abgeschirmt: verdrilltes Paar aus Aluminiumfolie, Gesamtaluminiumfolie, Geflecht<\/li>\n<li>Geh\u00e4use: ABS-Schale<\/li>\n<li>Chipsatz: ANX9833<\/li>\n<li>Mantel: PVC<\/li>\n<li>\u00c4u\u00dferer Durchmesser: 4,8\u00b10,2mm<\/li>\n<li>Einhaltung der Vorschriften: RoHS, REACH, CE, UL<\/li>\n<\/ul>\n<p>Dar\u00fcber hinaus garantiert unser Mini-DP-zu-VGA-Adapterkabel mit einer 2-j\u00e4hrigen Garantie eine zuverl\u00e4ssige Leistung f\u00fcr ein ganzes Leben. Kontaktieren Sie uns also noch heute und bestellen Sie es.<\/p>","protected":false},"excerpt":{"rendered":"<p>Entdecken Sie das FARSINCE Mini-DP-auf-VGA-Adapterkabel, das eine 1080P-Aufl\u00f6sung f\u00fcr eine \u00fcberragende visuelle Klarheit unterst\u00fctzt und mit einer 2-Jahres-Garantie f\u00fcr eine zuverl\u00e4ssige Nutzung ausgestattet ist.<\/p>","protected":false},"featured_media":14839,"template":"","meta":{"_acf_changed":false,"_seopress_robots_primary_cat":"","_seopress_titles_title":"Mini DP to VGA Adapter Cable 1.8m 1080p %%sep%% %%sitetitle%%","_seopress_titles_desc":"","_seopress_robots_index":"","site-sidebar-layout":"default","site-content-layout":"default","ast-site-content-layout":"default","site-content-style":"default","site-sidebar-style":"default","ast-global-header-display":"","ast-banner-title-visibility":"","ast-main-header-display":"","ast-hfb-above-header-display":"","ast-hfb-below-header-display":"","ast-hfb-mobile-header-display":"","site-post-title":"","ast-breadcrumbs-content":"","ast-featured-img":"","footer-sml-layout":"","ast-disable-related-posts":"","theme-transparent-header-meta":"default","adv-header-id-meta":"","stick-header-meta":"","header-above-stick-meta":"","header-main-stick-meta":"","header-below-stick-meta":"","astra-migrate-meta-layouts":"set","ast-page-background-enabled":"default","ast-page-background-meta":{"desktop":{"background-color":"","background-image":"","background-repeat":"repeat","background-position":"center center","background-size":"auto","background-attachment":"scroll","background-type":"","background-media":"","overlay-type":"","overlay-color":"","overlay-opacity":"","overlay-gradient":""},"tablet":{"background-color":"","background-image":"","background-repeat":"repeat","background-position":"center center","background-size":"auto","background-attachment":"scroll","background-type":"","background-media":"","overlay-type":"","overlay-color":"","overlay-opacity":"","overlay-gradient":""},"mobile":{"background-color":"","background-image":"","background-repeat":"repeat","background-position":"center center","background-size":"auto","background-attachment":"scroll","background-type":"","background-media":"","overlay-type":"","overlay-color":"","overlay-opacity":"","overlay-gradient":""}},"ast-content-background-meta":{"desktop":{"background-color":"var(--ast-global-color-5)","background-image":"","background-repeat":"repeat","background-position":"center center","background-size":"auto","background-attachment":"scroll","background-type":"","background-media":"","overlay-type":"","overlay-color":"","overlay-opacity":"","overlay-gradient":""},"tablet":{"background-color":"var(--ast-global-color-5)","background-image":"","background-repeat":"repeat","background-position":"center center","background-size":"auto","background-attachment":"scroll","background-type":"","background-media":"","overlay-type":"","overlay-color":"","overlay-opacity":"","overlay-gradient":""},"mobile":{"background-color":"var(--ast-global-color-5)","background-image":"","background-repeat":"repeat","background-position":"center center","background-size":"auto","background-attachment":"scroll","background-type":"","background-media":"","overlay-type":"","overlay-color":"","overlay-opacity":"","overlay-gradient":""}},"iawp_total_views":5},"product_brand":[],"product_cat":[212],"product_tag":[],"class_list":{"0":"post-14821","1":"product","2":"type-product","3":"status-publish","4":"has-post-thumbnail","6":"product_cat-displayport","7":"desktop-align-left","8":"tablet-align-left","9":"mobile-align-left","11":"first","12":"instock","13":"shipping-taxable","14":"purchasable","15":"product-type-simple"},"acf":[],"_links":{"self":[{"href":"https:\/\/www.fjpremium.com\/de\/wp-json\/wp\/v2\/product\/14821","targetHints":{"allow":["GET"]}}],"collection":[{"href":"https:\/\/www.fjpremium.com\/de\/wp-json\/wp\/v2\/product"}],"about":[{"href":"https:\/\/www.fjpremium.com\/de\/wp-json\/wp\/v2\/types\/product"}],"wp:featuredmedia":[{"embeddable":true,"href":"https:\/\/www.fjpremium.com\/de\/wp-json\/wp\/v2\/media\/14839"}],"wp:attachment":[{"href":"https:\/\/www.fjpremium.com\/de\/wp-json\/wp\/v2\/media?parent=14821"}],"wp:term":[{"taxonomy":"product_brand","embeddable":true,"href":"https:\/\/www.fjpremium.com\/de\/wp-json\/wp\/v2\/product_brand?post=14821"},{"taxonomy":"product_cat","embeddable":true,"href":"https:\/\/www.fjpremium.com\/de\/wp-json\/wp\/v2\/product_cat?post=14821"},{"taxonomy":"product_tag","embeddable":true,"href":"https:\/\/www.fjpremium.com\/de\/wp-json\/wp\/v2\/product_tag?post=14821"}],"curies":[{"name":"wp","href":"https:\/\/api.w.org\/{rel}","templated":true}]}}