{"id":14819,"date":"2020-05-22T10:11:55","date_gmt":"2020-05-22T02:11:55","guid":{"rendered":"https:\/\/www.fjpremium.com\/?post_type=product&#038;p=14819"},"modified":"2023-07-17T13:46:43","modified_gmt":"2023-07-17T05:46:43","slug":"mini-displayport-thunderbolt-2-compatible-to-hdmi-mini-dp-to-hdmi-adapter-cable","status":"publish","type":"product","link":"https:\/\/www.fjpremium.com\/de\/product\/mini-displayport-thunderbolt-2-compatible-to-hdmi-mini-dp-to-hdmi-adapter-cable\/","title":{"rendered":"1.8m Mini Thunderbolt 2 HDMI Adapter HDMI Out auf DisplayPort in Adapter bis zu 4K 60hz"},"content":{"rendered":"<p>Unser vielseitiger Adapter wurde entwickelt, um ein mit Mini DisplayPort oder Thunderbolt 2 ausgestattetes Ger\u00e4t an einen HDTV, Monitor, Projektor oder ein beliebiges HDMI-Eingabeger\u00e4t anzuschlie\u00dfen und erm\u00f6glicht so lebendiges Videostreaming oder beeindruckende Spielerlebnisse.<\/p>\n<p>Genie\u00dfen Sie ultrahochaufl\u00f6sende Videoaufl\u00f6sungen von bis zu 4Kx2K und einwandfreien digitalen Audio-Pass-Through f\u00fcr 7.1, 5.1 oder 2 Kan\u00e4le.<\/p>\n<p>Dieser leistungsstarke Mini-Thunderbolt-2-HDMI-Adapter ist mit vollst\u00e4ndig abgeschirmten Leitern f\u00fcr vollst\u00e4ndige EMI\/RFI-St\u00f6rfestigkeit und 24-kar\u00e4tig vergoldeten Anschl\u00fcssen f\u00fcr hervorragende Signal\u00fcbertragung ausgestattet und garantiert dauerhafte Funktionalit\u00e4t.<\/p>\n<p>Seine Spezifikationen:<\/p>\n<ul>\n<li>Vergoldeter Kontakt; vergoldetes Geh\u00e4use<\/li>\n<li>Kabel-Leiter: Verzinntes Kupfer<\/li>\n<li>Isolierung: Gesch\u00e4umte PE-Haut\/HDPE<\/li>\n<li>Drahtst\u00e4rke: 32AWG<\/li>\n<li>Dreifach abgeschirmt: verdrilltes Paar aus Aluminiumfolie, Gesamtaluminiumfolie, Geflecht<\/li>\n<li>Geh\u00e4use: ABS-Schale<\/li>\n<li>Chipsatz: PS8121E<\/li>\n<li>Mantel: PVC<\/li>\n<li>\u00c4u\u00dferer Durchmesser: 4,8\u00b10,2mm<\/li>\n<li>Einhaltung der Vorschriften: RoHS, REACH, CE, UL<\/li>\n<\/ul>\n<p>Au\u00dferdem haben Sie die Sicherheit der 2-Jahres-Garantie von FARSINCE. Nehmen Sie noch heute Kontakt mit uns auf und f\u00fcgen Sie ihn Ihrem Bestand hinzu.<\/p>","protected":false},"excerpt":{"rendered":"<p>Mit dem hochwertigen Mini-Thunderbolt-2-HDMI-Adapter von FARSINCE k\u00f6nnen Sie das volle Potenzial Ihres Heimkinos oder Ihres audiovisuellen Systems aussch\u00f6pfen.<\/p>","protected":false},"featured_media":14823,"template":"","meta":{"_acf_changed":false,"_seopress_robots_primary_cat":"","_seopress_titles_title":"","_seopress_titles_desc":"","_seopress_robots_index":"","site-sidebar-layout":"default","site-content-layout":"default","ast-site-content-layout":"default","site-content-style":"default","site-sidebar-style":"default","ast-global-header-display":"","ast-banner-title-visibility":"","ast-main-header-display":"","ast-hfb-above-header-display":"","ast-hfb-below-header-display":"","ast-hfb-mobile-header-display":"","site-post-title":"","ast-breadcrumbs-content":"","ast-featured-img":"","footer-sml-layout":"","ast-disable-related-posts":"","theme-transparent-header-meta":"default","adv-header-id-meta":"","stick-header-meta":"","header-above-stick-meta":"","header-main-stick-meta":"","header-below-stick-meta":"","astra-migrate-meta-layouts":"default","ast-page-background-enabled":"default","ast-page-background-meta":{"desktop":{"background-color":"","background-image":"","background-repeat":"repeat","background-position":"center center","background-size":"auto","background-attachment":"scroll","background-type":"","background-media":"","overlay-type":"","overlay-color":"","overlay-opacity":"","overlay-gradient":""},"tablet":{"background-color":"","background-image":"","background-repeat":"repeat","background-position":"center center","background-size":"auto","background-attachment":"scroll","background-type":"","background-media":"","overlay-type":"","overlay-color":"","overlay-opacity":"","overlay-gradient":""},"mobile":{"background-color":"","background-image":"","background-repeat":"repeat","background-position":"center center","background-size":"auto","background-attachment":"scroll","background-type":"","background-media":"","overlay-type":"","overlay-color":"","overlay-opacity":"","overlay-gradient":""}},"ast-content-background-meta":{"desktop":{"background-color":"var(--ast-global-color-5)","background-image":"","background-repeat":"repeat","background-position":"center center","background-size":"auto","background-attachment":"scroll","background-type":"","background-media":"","overlay-type":"","overlay-color":"","overlay-opacity":"","overlay-gradient":""},"tablet":{"background-color":"var(--ast-global-color-5)","background-image":"","background-repeat":"repeat","background-position":"center center","background-size":"auto","background-attachment":"scroll","background-type":"","background-media":"","overlay-type":"","overlay-color":"","overlay-opacity":"","overlay-gradient":""},"mobile":{"background-color":"var(--ast-global-color-5)","background-image":"","background-repeat":"repeat","background-position":"center center","background-size":"auto","background-attachment":"scroll","background-type":"","background-media":"","overlay-type":"","overlay-color":"","overlay-opacity":"","overlay-gradient":""}},"iawp_total_views":53},"product_brand":[],"product_cat":[460,212],"product_tag":[],"class_list":{"0":"post-14819","1":"product","2":"type-product","3":"status-publish","4":"has-post-thumbnail","6":"product_cat-featured-products","7":"product_cat-displayport","8":"desktop-align-left","9":"tablet-align-left","10":"mobile-align-left","12":"first","13":"instock","14":"featured","15":"shipping-taxable","16":"purchasable","17":"product-type-simple"},"acf":[],"_links":{"self":[{"href":"https:\/\/www.fjpremium.com\/de\/wp-json\/wp\/v2\/product\/14819","targetHints":{"allow":["GET"]}}],"collection":[{"href":"https:\/\/www.fjpremium.com\/de\/wp-json\/wp\/v2\/product"}],"about":[{"href":"https:\/\/www.fjpremium.com\/de\/wp-json\/wp\/v2\/types\/product"}],"wp:featuredmedia":[{"embeddable":true,"href":"https:\/\/www.fjpremium.com\/de\/wp-json\/wp\/v2\/media\/14823"}],"wp:attachment":[{"href":"https:\/\/www.fjpremium.com\/de\/wp-json\/wp\/v2\/media?parent=14819"}],"wp:term":[{"taxonomy":"product_brand","embeddable":true,"href":"https:\/\/www.fjpremium.com\/de\/wp-json\/wp\/v2\/product_brand?post=14819"},{"taxonomy":"product_cat","embeddable":true,"href":"https:\/\/www.fjpremium.com\/de\/wp-json\/wp\/v2\/product_cat?post=14819"},{"taxonomy":"product_tag","embeddable":true,"href":"https:\/\/www.fjpremium.com\/de\/wp-json\/wp\/v2\/product_tag?post=14819"}],"curies":[{"name":"wp","href":"https:\/\/api.w.org\/{rel}","templated":true}]}}