{"id":14793,"date":"2020-05-22T09:55:31","date_gmt":"2020-05-22T01:55:31","guid":{"rendered":"https:\/\/www.fjpremium.com\/?post_type=product&#038;p=14793"},"modified":"2023-07-17T13:33:30","modified_gmt":"2023-07-17T05:33:30","slug":"displayport-to-hdmi-female-adapter-dp-to-hdmi-converter","status":"publish","type":"product","link":"https:\/\/www.fjpremium.com\/de\/product\/displayport-to-hdmi-female-adapter-dp-to-hdmi-converter\/","title":{"rendered":"DisplayPort auf 4K HDMI 2.0 Female Adapter HDMI Out auf DisplayPort in Adapter bis zu 4K 60hz"},"content":{"rendered":"<p>Der au\u00dfergew\u00f6hnliche Adapter ist ideal f\u00fcr Videostreaming oder Spiele und erm\u00f6glicht es Ihnen, einen mit DisplayPort ausgestatteten Computer an ein beliebiges Ger\u00e4t mit HDMI-Eingang anzuschlie\u00dfen, z. B. an einen HDTV, Monitor, Projektor und mehr.<\/p>\n<p>Genie\u00dfen Sie atemberaubende Videoaufl\u00f6sungen bis zu 4K*2K und nahtlosen Audio-Pass-Through f\u00fcr unkomprimierte digitale 7.1, 5.1 oder 2 Kan\u00e4le.<\/p>\n<p>Unser HDMI-Ausgangs-zu-DisplayPort-Eingang-Adapter ist mit einem hochwertigen ABS-Geh\u00e4use ausgestattet, das f\u00fcr verbesserte Haltbarkeit und vollst\u00e4ndige Immunit\u00e4t gegen EMI\/RFI-St\u00f6rungen sorgt und eine hervorragende Signal\u00fcbertragung gew\u00e4hrleistet.<\/p>\n<p>Der integrierte IC-Chip sorgt f\u00fcr Kompatibilit\u00e4t und macht ihn zu einem unverzichtbaren Werkzeug f\u00fcr die Erweiterung Ihres Desktops oder die Spiegelung von Bildschirmen.<\/p>\n<p>Seine Spezifikationen:<\/p>\n<ul>\n<li>Vergoldeter Kontakt; vergoldetes Geh\u00e4use<\/li>\n<li>Kabel-Leiter: Verzinntes Kupfer<\/li>\n<li>Isolierung: Gesch\u00e4umte PE-Haut\/HDPE<\/li>\n<li>Drahtst\u00e4rke: 32AWG<\/li>\n<li>Dreifach abgeschirmt: verdrilltes Paar aus Aluminiumfolie, Gesamtaluminiumfolie, Geflecht<\/li>\n<li>Chipsatz: PS8121E<\/li>\n<li>Mantel: PVC<\/li>\n<li>\u00c4u\u00dferer Durchmesser: 4,8\u00b10,2mm<\/li>\n<li>Einhaltung der Vorschriften: RoHS, REACH, CE, UL<\/li>\n<\/ul>\n<p>Au\u00dferdem gilt die 2-Jahres-Garantie von FARSINCE. Bestellen Sie ihn also noch heute und werten Sie Ihr Inventar auf.<\/p>","protected":false},"excerpt":{"rendered":"<p>Verbessern Sie Ihr audiovisuelles Projekt mit dem HDMI-Ausgang auf DisplayPort-Eingangsadapter von FARSINCE, der eine Aufl\u00f6sung von bis zu 4K x 2K unterst\u00fctzt und eine nahtlose Audio-Weiterleitung erm\u00f6glicht.<\/p>","protected":false},"featured_media":14795,"template":"","meta":{"_acf_changed":false,"_seopress_robots_primary_cat":"","_seopress_titles_title":"","_seopress_titles_desc":"Elevate your audio-visual project with FARSINCE HDMI out to DisplayPort in adapter, supporting up to 4K*2K resolution and providing seamless audio pass-through. ","_seopress_robots_index":"","site-sidebar-layout":"default","site-content-layout":"default","ast-site-content-layout":"default","site-content-style":"default","site-sidebar-style":"default","ast-global-header-display":"","ast-banner-title-visibility":"","ast-main-header-display":"","ast-hfb-above-header-display":"","ast-hfb-below-header-display":"","ast-hfb-mobile-header-display":"","site-post-title":"","ast-breadcrumbs-content":"","ast-featured-img":"","footer-sml-layout":"","ast-disable-related-posts":"","theme-transparent-header-meta":"default","adv-header-id-meta":"","stick-header-meta":"","header-above-stick-meta":"","header-main-stick-meta":"","header-below-stick-meta":"","astra-migrate-meta-layouts":"default","ast-page-background-enabled":"default","ast-page-background-meta":{"desktop":{"background-color":"","background-image":"","background-repeat":"repeat","background-position":"center center","background-size":"auto","background-attachment":"scroll","background-type":"","background-media":"","overlay-type":"","overlay-color":"","overlay-opacity":"","overlay-gradient":""},"tablet":{"background-color":"","background-image":"","background-repeat":"repeat","background-position":"center center","background-size":"auto","background-attachment":"scroll","background-type":"","background-media":"","overlay-type":"","overlay-color":"","overlay-opacity":"","overlay-gradient":""},"mobile":{"background-color":"","background-image":"","background-repeat":"repeat","background-position":"center center","background-size":"auto","background-attachment":"scroll","background-type":"","background-media":"","overlay-type":"","overlay-color":"","overlay-opacity":"","overlay-gradient":""}},"ast-content-background-meta":{"desktop":{"background-color":"var(--ast-global-color-5)","background-image":"","background-repeat":"repeat","background-position":"center center","background-size":"auto","background-attachment":"scroll","background-type":"","background-media":"","overlay-type":"","overlay-color":"","overlay-opacity":"","overlay-gradient":""},"tablet":{"background-color":"var(--ast-global-color-5)","background-image":"","background-repeat":"repeat","background-position":"center center","background-size":"auto","background-attachment":"scroll","background-type":"","background-media":"","overlay-type":"","overlay-color":"","overlay-opacity":"","overlay-gradient":""},"mobile":{"background-color":"var(--ast-global-color-5)","background-image":"","background-repeat":"repeat","background-position":"center center","background-size":"auto","background-attachment":"scroll","background-type":"","background-media":"","overlay-type":"","overlay-color":"","overlay-opacity":"","overlay-gradient":""}},"iawp_total_views":5},"product_brand":[],"product_cat":[212],"product_tag":[],"class_list":{"0":"post-14793","1":"product","2":"type-product","3":"status-publish","4":"has-post-thumbnail","6":"product_cat-displayport","7":"desktop-align-left","8":"tablet-align-left","9":"mobile-align-left","11":"first","12":"instock","13":"shipping-taxable","14":"purchasable","15":"product-type-simple"},"acf":[],"_links":{"self":[{"href":"https:\/\/www.fjpremium.com\/de\/wp-json\/wp\/v2\/product\/14793","targetHints":{"allow":["GET"]}}],"collection":[{"href":"https:\/\/www.fjpremium.com\/de\/wp-json\/wp\/v2\/product"}],"about":[{"href":"https:\/\/www.fjpremium.com\/de\/wp-json\/wp\/v2\/types\/product"}],"wp:featuredmedia":[{"embeddable":true,"href":"https:\/\/www.fjpremium.com\/de\/wp-json\/wp\/v2\/media\/14795"}],"wp:attachment":[{"href":"https:\/\/www.fjpremium.com\/de\/wp-json\/wp\/v2\/media?parent=14793"}],"wp:term":[{"taxonomy":"product_brand","embeddable":true,"href":"https:\/\/www.fjpremium.com\/de\/wp-json\/wp\/v2\/product_brand?post=14793"},{"taxonomy":"product_cat","embeddable":true,"href":"https:\/\/www.fjpremium.com\/de\/wp-json\/wp\/v2\/product_cat?post=14793"},{"taxonomy":"product_tag","embeddable":true,"href":"https:\/\/www.fjpremium.com\/de\/wp-json\/wp\/v2\/product_tag?post=14793"}],"curies":[{"name":"wp","href":"https:\/\/api.w.org\/{rel}","templated":true}]}}