{"id":14791,"date":"2020-05-22T09:55:28","date_gmt":"2020-05-22T01:55:28","guid":{"rendered":"https:\/\/www.fjpremium.com\/?post_type=product&#038;p=14791"},"modified":"2023-07-17T13:17:02","modified_gmt":"2023-07-17T05:17:02","slug":"displayport-to-vga-hd15-female-adapter-full-hd1080p-resolution-ready","status":"publish","type":"product","link":"https:\/\/www.fjpremium.com\/de\/product\/displayport-to-vga-hd15-female-adapter-full-hd1080p-resolution-ready\/","title":{"rendered":"DisplayPort 1.4 auf VGA Adapterkabel DP 1.2 auf VGA Konverter 1080p"},"content":{"rendered":"<p>Dieses Kabel wurde entwickelt, um Ihr Seherlebnis zu verbessern, und verbindet Ihren mit DisplayPort ausgestatteten Laptop oder Desktop m\u00fchelos mit verschiedenen Ger\u00e4ten, einschlie\u00dflich HDTVs, Monitoren, Projektoren, Flachbildschirmen und digitalen CRT-Displays.<\/p>\n<p>Dank der Unterst\u00fctzung von Videoaufl\u00f6sungen von bis zu 1080P (Full HD) k\u00f6nnen Sie in atemberaubende Bilder eintauchen, sodass jedes Detail auf Ihrem Bildschirm zum Leben erweckt wird.<\/p>\n<p>Aber das ist noch nicht alles. Das DisplayPort 1.4 auf VGA-Adapterkabel bietet auch einen einwandfreien Audio-Pass-Through, der unkomprimiertes digitales 7.1-, 5.1- oder 2-Kanal-Audio f\u00fcr ein wahrhaft immersives Audioerlebnis liefert.<\/p>\n<p>Durch die Verwendung hochwertiger Materialien und Konstruktion ist eine lebenslange zuverl\u00e4ssige Leistung garantiert. Die vollst\u00e4ndig abgeschirmten Leiter bieten vollst\u00e4ndige Immunit\u00e4t gegen EMI\/RFI-Interferenzen und gew\u00e4hrleisten eine kristallklare Signal\u00fcbertragung.<\/p>\n<p>Und dank der 24-k-vergoldeten Anschl\u00fcsse k\u00f6nnen Sie eine hervorragende Signal\u00fcbertragung erwarten, die Ihre Audio- und Videoinhalte wie nie zuvor zum Leben erweckt.<\/p>\n<p>Seine Spezifikationen:<\/p>\n<ul>\n<li>Kabel-Leiter: Verzinntes Kupfer<\/li>\n<li>Isolierung: Gesch\u00e4umte PE-Haut\/HDPE<\/li>\n<li>Drahtst\u00e4rke: 32AWG<\/li>\n<li>Dreifach abgeschirmt: verdrilltes Paar aus Aluminiumfolie, Gesamtaluminiumfolie, Geflecht<\/li>\n<li>Geh\u00e4use: ABS-Schale<\/li>\n<li>Chipsatz: ANX9833<\/li>\n<li>Mantel: PVC<\/li>\n<li>\u00c4u\u00dferer Durchmesser: 4,8\u00b10,2mm<\/li>\n<li>Einhaltung der Vorschriften: RoHS, REACH, CE, UL<\/li>\n<\/ul>\n<p>Dar\u00fcber hinaus k\u00f6nnen Sie mit unserer 2-Jahres-Garantie sicher sein, dass wir hinter der Qualit\u00e4t unseres Produkts stehen.<\/p>\n<p>Nehmen Sie also noch heute Kontakt mit uns auf und entscheiden Sie sich f\u00fcr unser DisplayPort 1.4 auf VGA Adapterkabel.<\/p>","protected":false},"excerpt":{"rendered":"<p>Das FARSINCE DisplayPort 1.4 auf VGA-Adapterkabel ist die ultimative L\u00f6sung f\u00fcr Heimkino- oder Desktop-Audio\/Video-Anforderungen.<\/p>","protected":false},"featured_media":14811,"template":"","meta":{"_acf_changed":false,"_seopress_robots_primary_cat":"","_seopress_titles_title":"","_seopress_titles_desc":"","_seopress_robots_index":"","site-sidebar-layout":"default","site-content-layout":"default","ast-site-content-layout":"default","site-content-style":"default","site-sidebar-style":"default","ast-global-header-display":"","ast-banner-title-visibility":"","ast-main-header-display":"","ast-hfb-above-header-display":"","ast-hfb-below-header-display":"","ast-hfb-mobile-header-display":"","site-post-title":"","ast-breadcrumbs-content":"","ast-featured-img":"","footer-sml-layout":"","ast-disable-related-posts":"","theme-transparent-header-meta":"default","adv-header-id-meta":"","stick-header-meta":"","header-above-stick-meta":"","header-main-stick-meta":"","header-below-stick-meta":"","astra-migrate-meta-layouts":"default","ast-page-background-enabled":"default","ast-page-background-meta":{"desktop":{"background-color":"","background-image":"","background-repeat":"repeat","background-position":"center center","background-size":"auto","background-attachment":"scroll","background-type":"","background-media":"","overlay-type":"","overlay-color":"","overlay-opacity":"","overlay-gradient":""},"tablet":{"background-color":"","background-image":"","background-repeat":"repeat","background-position":"center center","background-size":"auto","background-attachment":"scroll","background-type":"","background-media":"","overlay-type":"","overlay-color":"","overlay-opacity":"","overlay-gradient":""},"mobile":{"background-color":"","background-image":"","background-repeat":"repeat","background-position":"center center","background-size":"auto","background-attachment":"scroll","background-type":"","background-media":"","overlay-type":"","overlay-color":"","overlay-opacity":"","overlay-gradient":""}},"ast-content-background-meta":{"desktop":{"background-color":"var(--ast-global-color-5)","background-image":"","background-repeat":"repeat","background-position":"center center","background-size":"auto","background-attachment":"scroll","background-type":"","background-media":"","overlay-type":"","overlay-color":"","overlay-opacity":"","overlay-gradient":""},"tablet":{"background-color":"var(--ast-global-color-5)","background-image":"","background-repeat":"repeat","background-position":"center center","background-size":"auto","background-attachment":"scroll","background-type":"","background-media":"","overlay-type":"","overlay-color":"","overlay-opacity":"","overlay-gradient":""},"mobile":{"background-color":"var(--ast-global-color-5)","background-image":"","background-repeat":"repeat","background-position":"center center","background-size":"auto","background-attachment":"scroll","background-type":"","background-media":"","overlay-type":"","overlay-color":"","overlay-opacity":"","overlay-gradient":""}},"iawp_total_views":11},"product_brand":[],"product_cat":[460,212],"product_tag":[],"class_list":{"0":"post-14791","1":"product","2":"type-product","3":"status-publish","4":"has-post-thumbnail","6":"product_cat-featured-products","7":"product_cat-displayport","8":"desktop-align-left","9":"tablet-align-left","10":"mobile-align-left","12":"first","13":"instock","14":"shipping-taxable","15":"purchasable","16":"product-type-simple"},"acf":[],"_links":{"self":[{"href":"https:\/\/www.fjpremium.com\/de\/wp-json\/wp\/v2\/product\/14791","targetHints":{"allow":["GET"]}}],"collection":[{"href":"https:\/\/www.fjpremium.com\/de\/wp-json\/wp\/v2\/product"}],"about":[{"href":"https:\/\/www.fjpremium.com\/de\/wp-json\/wp\/v2\/types\/product"}],"wp:featuredmedia":[{"embeddable":true,"href":"https:\/\/www.fjpremium.com\/de\/wp-json\/wp\/v2\/media\/14811"}],"wp:attachment":[{"href":"https:\/\/www.fjpremium.com\/de\/wp-json\/wp\/v2\/media?parent=14791"}],"wp:term":[{"taxonomy":"product_brand","embeddable":true,"href":"https:\/\/www.fjpremium.com\/de\/wp-json\/wp\/v2\/product_brand?post=14791"},{"taxonomy":"product_cat","embeddable":true,"href":"https:\/\/www.fjpremium.com\/de\/wp-json\/wp\/v2\/product_cat?post=14791"},{"taxonomy":"product_tag","embeddable":true,"href":"https:\/\/www.fjpremium.com\/de\/wp-json\/wp\/v2\/product_tag?post=14791"}],"curies":[{"name":"wp","href":"https:\/\/api.w.org\/{rel}","templated":true}]}}