{"id":14751,"date":"2020-05-22T09:21:05","date_gmt":"2020-05-22T01:21:05","guid":{"rendered":"https:\/\/www.fjpremium.com\/?post_type=product&#038;p=14751"},"modified":"2023-10-11T09:38:19","modified_gmt":"2023-10-11T01:38:19","slug":"displayport-to-vga-hd15-adapter-cable-full-hd1080p-resolution-ready","status":"publish","type":"product","link":"https:\/\/www.fjpremium.com\/de\/product\/displayport-to-vga-hd15-adapter-cable-full-hd1080p-resolution-ready\/","title":{"rendered":"DisplayPort zu VGA Konverter Kabel DP 1.2 1.4 zu VGA Adapter Kabel 1.8m 1080p"},"content":{"rendered":"<p>Das DisplayPort-zu-VGA-Konverterkabel wurde speziell f\u00fcr Heimkino- und Desktop-Audio\/Video-Anwendungen entwickelt und verbindet Ihren mit DisplayPort ausgestatteten Laptop oder Desktop problemlos mit einem beliebigen VGA-Eingangsger\u00e4t, z. B. einem HDTV, Monitor, Projektor oder Flachbildschirm.<\/p>\n<p>Ob f\u00fcr Spiele oder Videodarstellung, er kann problemlos digitale Signale \u00fcbertragen.<\/p>\n<p>Mit seiner F\u00e4higkeit, Videoaufl\u00f6sungen bis zu 1080P@60Hz zu unterst\u00fctzen und einwandfreien Ton f\u00fcr unkomprimierte digitale 7.1-, 5.1- oder 2-Kan\u00e4le durchzulassen, ist dies der Adapter, den Sie brauchen.<\/p>\n<p>Das aus hochwertigen Materialien gefertigte und mit vollst\u00e4ndig abgeschirmten Leitern ausgestattete Ger\u00e4t verspricht, EMI\/RFI-Interferenzen zu widerstehen, und garantiert durch seine mit 24 Karat vergoldeten Anschl\u00fcsse eine hervorragende Signal\u00fcbertragung.<\/p>\n<p>Seine Spezifikationen:<\/p>\n<ul>\n<li>Kabel-Leiter: Verzinntes Kupfer<\/li>\n<li>Isolierung: Gesch\u00e4umte PE-Haut\/HDPE<\/li>\n<li>Drahtst\u00e4rke: 32AWG<\/li>\n<li>Dreifach abgeschirmt: verdrilltes Paar aus Aluminiumfolie, Gesamtaluminiumfolie, Geflecht<\/li>\n<li>Geh\u00e4use: ABS-Schale<\/li>\n<li>Chipsatz: ANX9833<\/li>\n<li>Mantel: PVC<\/li>\n<li>\u00c4u\u00dferer Durchmesser: 4,8\u00b10,2mm<\/li>\n<li>Einhaltung der Vorschriften: RoHS, REACH, CE, UL<\/li>\n<\/ul>\n<p>Bitte beachten Sie au\u00dferdem, dass es sich um ein Einweg-Adapterkabel handelt, das ausschlie\u00dflich dazu dient, Signale von DisplayPort in VGA umzuwandeln.<\/p>\n<p>Mit der 2-Jahres-Garantie von FARSINCE ist unser DisplayPort-zu-VGA-Konverterkabel eine ideale Anschaffung f\u00fcr Sie. Kontaktieren Sie uns daher noch heute und investieren Sie in dieses Kabel.<\/p>","protected":false},"excerpt":{"rendered":"<p>Entdecken Sie die nahtlose Integration moderner und klassischer Technologien mit diesem DisplayPort-zu-VGA-Konverterkabel und genie\u00dfen Sie ein unvergleichliches audiovisuelles Erlebnis.<\/p>","protected":false},"featured_media":14777,"template":"","meta":{"_acf_changed":false,"_seopress_robots_primary_cat":"","_seopress_titles_title":"DisplayPort to VGA Converter Cable %%sep%% %%sitetitle%%","_seopress_titles_desc":"Discover the seamless integration of modern and classic technologies with this DisplayPort to VGA converter cable, offering an unmatched audio-visual experience","_seopress_robots_index":"","site-sidebar-layout":"default","site-content-layout":"default","ast-site-content-layout":"default","site-content-style":"default","site-sidebar-style":"default","ast-global-header-display":"","ast-banner-title-visibility":"","ast-main-header-display":"","ast-hfb-above-header-display":"","ast-hfb-below-header-display":"","ast-hfb-mobile-header-display":"","site-post-title":"","ast-breadcrumbs-content":"","ast-featured-img":"","footer-sml-layout":"","ast-disable-related-posts":"","theme-transparent-header-meta":"default","adv-header-id-meta":"","stick-header-meta":"","header-above-stick-meta":"","header-main-stick-meta":"","header-below-stick-meta":"","astra-migrate-meta-layouts":"set","ast-page-background-enabled":"default","ast-page-background-meta":{"desktop":{"background-color":"","background-image":"","background-repeat":"repeat","background-position":"center center","background-size":"auto","background-attachment":"scroll","background-type":"","background-media":"","overlay-type":"","overlay-color":"","overlay-opacity":"","overlay-gradient":""},"tablet":{"background-color":"","background-image":"","background-repeat":"repeat","background-position":"center center","background-size":"auto","background-attachment":"scroll","background-type":"","background-media":"","overlay-type":"","overlay-color":"","overlay-opacity":"","overlay-gradient":""},"mobile":{"background-color":"","background-image":"","background-repeat":"repeat","background-position":"center center","background-size":"auto","background-attachment":"scroll","background-type":"","background-media":"","overlay-type":"","overlay-color":"","overlay-opacity":"","overlay-gradient":""}},"ast-content-background-meta":{"desktop":{"background-color":"var(--ast-global-color-5)","background-image":"","background-repeat":"repeat","background-position":"center center","background-size":"auto","background-attachment":"scroll","background-type":"","background-media":"","overlay-type":"","overlay-color":"","overlay-opacity":"","overlay-gradient":""},"tablet":{"background-color":"var(--ast-global-color-5)","background-image":"","background-repeat":"repeat","background-position":"center center","background-size":"auto","background-attachment":"scroll","background-type":"","background-media":"","overlay-type":"","overlay-color":"","overlay-opacity":"","overlay-gradient":""},"mobile":{"background-color":"var(--ast-global-color-5)","background-image":"","background-repeat":"repeat","background-position":"center center","background-size":"auto","background-attachment":"scroll","background-type":"","background-media":"","overlay-type":"","overlay-color":"","overlay-opacity":"","overlay-gradient":""}},"iawp_total_views":4},"product_brand":[],"product_cat":[212],"product_tag":[],"class_list":{"0":"post-14751","1":"product","2":"type-product","3":"status-publish","4":"has-post-thumbnail","6":"product_cat-displayport","7":"desktop-align-left","8":"tablet-align-left","9":"mobile-align-left","11":"first","12":"instock","13":"shipping-taxable","14":"purchasable","15":"product-type-simple"},"acf":[],"_links":{"self":[{"href":"https:\/\/www.fjpremium.com\/de\/wp-json\/wp\/v2\/product\/14751","targetHints":{"allow":["GET"]}}],"collection":[{"href":"https:\/\/www.fjpremium.com\/de\/wp-json\/wp\/v2\/product"}],"about":[{"href":"https:\/\/www.fjpremium.com\/de\/wp-json\/wp\/v2\/types\/product"}],"wp:featuredmedia":[{"embeddable":true,"href":"https:\/\/www.fjpremium.com\/de\/wp-json\/wp\/v2\/media\/14777"}],"wp:attachment":[{"href":"https:\/\/www.fjpremium.com\/de\/wp-json\/wp\/v2\/media?parent=14751"}],"wp:term":[{"taxonomy":"product_brand","embeddable":true,"href":"https:\/\/www.fjpremium.com\/de\/wp-json\/wp\/v2\/product_brand?post=14751"},{"taxonomy":"product_cat","embeddable":true,"href":"https:\/\/www.fjpremium.com\/de\/wp-json\/wp\/v2\/product_cat?post=14751"},{"taxonomy":"product_tag","embeddable":true,"href":"https:\/\/www.fjpremium.com\/de\/wp-json\/wp\/v2\/product_tag?post=14751"}],"curies":[{"name":"wp","href":"https:\/\/api.w.org\/{rel}","templated":true}]}}