{"id":14750,"date":"2020-05-22T09:21:03","date_gmt":"2020-05-22T01:21:03","guid":{"rendered":"https:\/\/www.fjpremium.com\/?post_type=product&#038;p=14750"},"modified":"2023-07-17T09:34:14","modified_gmt":"2023-07-17T01:34:14","slug":"displayport-to-dvi-d-adapter-cable1080p-resolution-ready","status":"publish","type":"product","link":"https:\/\/www.fjpremium.com\/de\/product\/displayport-to-dvi-d-adapter-cable1080p-resolution-ready\/","title":{"rendered":"DP 1.2 1.4 auf DVI Adapter Display Port auf DVI Konverter Kabel 1.8m 1080p"},"content":{"rendered":"<p>Unser hochwertiges Kabel verbindet mit DisplayPort ausgestattete Laptops oder Desktops mit jedem Ger\u00e4t, das \u00fcber einen DVI-D 24+1-Eingang verf\u00fcgt - einem HDTV, Monitor, Projektor oder Flachbildschirm.<\/p>\n<p>Genie\u00dfen Sie Videostreaming oder Spiele in voller HD-Aufl\u00f6sung, denn er unterst\u00fctzt Videoaufl\u00f6sungen von bis zu 1080P@60Hz.<\/p>\n<p>Dieses Adapterkabel ist aus erstklassigen Materialien gefertigt und garantiert Langlebigkeit und zuverl\u00e4ssige Leistung.<\/p>\n<p>EMI\/RFI-St\u00f6rungen geh\u00f6ren mit den vollst\u00e4ndig abgeschirmten Leitern der Vergangenheit an, und die mit 24 Karat vergoldeten Anschl\u00fcsse sorgen f\u00fcr eine hervorragende Signal\u00fcbertragung.<\/p>\n<p>Seine Spezifikationen:<\/p>\n<ul>\n<li>Kabel-Leiter: Verzinntes Kupfer<\/li>\n<li>Isolierung: Gesch\u00e4umte PE-Haut\/HDPE<\/li>\n<li>Drahtst\u00e4rke: 30AWG<\/li>\n<li>Dreifach abgeschirmt: verdrilltes Paar aus Aluminiumfolie, Gesamtaluminiumfolie, Geflecht<\/li>\n<li>Geh\u00e4use: ABS-Schale<\/li>\n<li>Chipsatz: PS8121E<\/li>\n<li>Mantel: PVC<\/li>\n<li>\u00c4u\u00dferer Durchmesser: 6,0\u00b10,2mm<\/li>\n<li>Einhaltung der Vorschriften: RoHS, REACH, CE, UL<\/li>\n<\/ul>\n<p>Au\u00dferdem ist zu beachten, dass es sich um einen Einwegadapter handelt, der nur das Signal von DisplayPort in DVI umwandelt.<\/p>\n<p>Mit der f\u00fcnfj\u00e4hrigen Garantie von Farsince k\u00f6nnen Sie sich darauf verlassen, dass dieses DisplayPort-zu-DVI-Konverterkabel eine gute Investition f\u00fcr Sie ist, wenn Sie Qualit\u00e4t und Zuverl\u00e4ssigkeit suchen. Daher kontaktieren Sie uns noch heute und f\u00fcgen Sie es Ihrem Bestand hinzu.<\/p>","protected":false},"excerpt":{"rendered":"<p>Erleben Sie Full-HD-Brillanz mit dem DP 1.2 1.4-auf-DVI-Adapter DisplayPort-auf-DVI-Konverterkabel von Farsince und erhalten Sie kristallklare Videos mit bis zu 1080P@60Hz.<\/p>","protected":false},"featured_media":14769,"template":"","meta":{"_acf_changed":false,"_seopress_robots_primary_cat":"","_seopress_titles_title":"","_seopress_titles_desc":"","_seopress_robots_index":"","site-sidebar-layout":"default","site-content-layout":"default","ast-site-content-layout":"default","site-content-style":"default","site-sidebar-style":"default","ast-global-header-display":"","ast-banner-title-visibility":"","ast-main-header-display":"","ast-hfb-above-header-display":"","ast-hfb-below-header-display":"","ast-hfb-mobile-header-display":"","site-post-title":"","ast-breadcrumbs-content":"","ast-featured-img":"","footer-sml-layout":"","ast-disable-related-posts":"","theme-transparent-header-meta":"default","adv-header-id-meta":"","stick-header-meta":"","header-above-stick-meta":"","header-main-stick-meta":"","header-below-stick-meta":"","astra-migrate-meta-layouts":"default","ast-page-background-enabled":"default","ast-page-background-meta":{"desktop":{"background-color":"","background-image":"","background-repeat":"repeat","background-position":"center center","background-size":"auto","background-attachment":"scroll","background-type":"","background-media":"","overlay-type":"","overlay-color":"","overlay-opacity":"","overlay-gradient":""},"tablet":{"background-color":"","background-image":"","background-repeat":"repeat","background-position":"center center","background-size":"auto","background-attachment":"scroll","background-type":"","background-media":"","overlay-type":"","overlay-color":"","overlay-opacity":"","overlay-gradient":""},"mobile":{"background-color":"","background-image":"","background-repeat":"repeat","background-position":"center center","background-size":"auto","background-attachment":"scroll","background-type":"","background-media":"","overlay-type":"","overlay-color":"","overlay-opacity":"","overlay-gradient":""}},"ast-content-background-meta":{"desktop":{"background-color":"var(--ast-global-color-5)","background-image":"","background-repeat":"repeat","background-position":"center center","background-size":"auto","background-attachment":"scroll","background-type":"","background-media":"","overlay-type":"","overlay-color":"","overlay-opacity":"","overlay-gradient":""},"tablet":{"background-color":"var(--ast-global-color-5)","background-image":"","background-repeat":"repeat","background-position":"center center","background-size":"auto","background-attachment":"scroll","background-type":"","background-media":"","overlay-type":"","overlay-color":"","overlay-opacity":"","overlay-gradient":""},"mobile":{"background-color":"var(--ast-global-color-5)","background-image":"","background-repeat":"repeat","background-position":"center center","background-size":"auto","background-attachment":"scroll","background-type":"","background-media":"","overlay-type":"","overlay-color":"","overlay-opacity":"","overlay-gradient":""}},"iawp_total_views":14},"product_brand":[],"product_cat":[212],"product_tag":[],"class_list":{"0":"post-14750","1":"product","2":"type-product","3":"status-publish","4":"has-post-thumbnail","6":"product_cat-displayport","7":"desktop-align-left","8":"tablet-align-left","9":"mobile-align-left","11":"first","12":"instock","13":"shipping-taxable","14":"purchasable","15":"product-type-simple"},"acf":[],"_links":{"self":[{"href":"https:\/\/www.fjpremium.com\/de\/wp-json\/wp\/v2\/product\/14750","targetHints":{"allow":["GET"]}}],"collection":[{"href":"https:\/\/www.fjpremium.com\/de\/wp-json\/wp\/v2\/product"}],"about":[{"href":"https:\/\/www.fjpremium.com\/de\/wp-json\/wp\/v2\/types\/product"}],"wp:featuredmedia":[{"embeddable":true,"href":"https:\/\/www.fjpremium.com\/de\/wp-json\/wp\/v2\/media\/14769"}],"wp:attachment":[{"href":"https:\/\/www.fjpremium.com\/de\/wp-json\/wp\/v2\/media?parent=14750"}],"wp:term":[{"taxonomy":"product_brand","embeddable":true,"href":"https:\/\/www.fjpremium.com\/de\/wp-json\/wp\/v2\/product_brand?post=14750"},{"taxonomy":"product_cat","embeddable":true,"href":"https:\/\/www.fjpremium.com\/de\/wp-json\/wp\/v2\/product_cat?post=14750"},{"taxonomy":"product_tag","embeddable":true,"href":"https:\/\/www.fjpremium.com\/de\/wp-json\/wp\/v2\/product_tag?post=14750"}],"curies":[{"name":"wp","href":"https:\/\/api.w.org\/{rel}","templated":true}]}}