{"id":14749,"date":"2020-05-22T09:21:01","date_gmt":"2020-05-22T01:21:01","guid":{"rendered":"https:\/\/www.fjpremium.com\/?post_type=product&#038;p=14749"},"modified":"2023-11-02T13:33:22","modified_gmt":"2023-11-02T05:33:22","slug":"displayport-dp-1-2-to-hdmi-adapter-cable4k-resolution-ready","status":"publish","type":"product","link":"https:\/\/www.fjpremium.com\/de\/product\/displayport-dp-1-2-to-hdmi-adapter-cable4k-resolution-ready\/","title":{"rendered":"1.8m DisplayPort auf HDMI Adapter 4K Kabel HDMI Out auf DisplayPort in Adapter bis zu 4K 60hz"},"content":{"rendered":"<p>Das 1,8 m lange Kabel ist ideal f\u00fcr Heimkinos und Desktops und erm\u00f6glicht es, mit DisplayPort ausgestattete Laptops oder Desktops mit HDTVs, Monitoren oder Projektoren mit HDMI-Eing\u00e4ngen zu verbinden und so Ihr Gaming- oder Streaming-Erlebnis zu verbessern.<\/p>\n<p>Genie\u00dfen Sie Videoaufl\u00f6sungen bis zu 4Kx2K und erleben Sie makellosen Ton mit unkomprimierten digitalen 7.1, 5.1 oder 2 Kan\u00e4len.<\/p>\n<p>Die Konstruktion unserer Kabel aus hochwertigen Materialien gew\u00e4hrleistet eine zuverl\u00e4ssige Leistung \u00fcber lange Zeit.<\/p>\n<p>Verabschieden Sie sich von Interferenzen mit vollst\u00e4ndig abgeschirmten Leitern und sch\u00e4tzen Sie die hervorragende Signal\u00fcbertragung mit 24 Karat vergoldeten Steckern.<\/p>\n<p>Seine Spezifikationen:<\/p>\n<ul>\n<li>Kabel-Leiter: Verzinntes Kupfer<\/li>\n<li>Isolierung: Gesch\u00e4umte PE-Haut\/HDPE<\/li>\n<li>Drahtst\u00e4rke: 32AWG<\/li>\n<li>Dreifach abgeschirmt: verdrilltes Paar aus Aluminiumfolie, Gesamtaluminiumfolie, Geflecht<\/li>\n<li>Chipsatz: PS8121E<\/li>\n<li>Mantel: PVC<\/li>\n<li>\u00c4u\u00dferer Durchmesser: 4,8\u00b10,2mm<\/li>\n<li>Einhaltung der Vorschriften: RoHS, REACH, CE, UL<\/li>\n<\/ul>\n<p>Das hochwertige ABS-Geh\u00e4use sorgt f\u00fcr eine lange Lebensdauer und der einrastende DisplayPort-Anschluss f\u00fcr eine sichere Verbindung.<\/p>\n<p>Mit der 2-Jahres-Garantie von Farsince ist dieses DisplayPort-auf-HDMI-Adapter 4K-Kabel au\u00dferdem sehr rentabel. Daher, kontaktieren Sie uns heute und bestellen Sie es.<\/p>","protected":false},"excerpt":{"rendered":"<p>Verbessern Sie Ihr audiovisuelles Erlebnis mit dem DisplayPort-auf-HDMI-Adapterkabel 4K von Farsince, das eine robuste Konstruktion, eine sichere Verbindung und eine 2-j\u00e4hrige Garantie verspricht.<\/p>","protected":false},"featured_media":14761,"template":"","meta":{"_acf_changed":false,"_seopress_robots_primary_cat":"","_seopress_titles_title":"DP 1.2 DisplayPort to HDMI Adapter 4K Cable Resolution %%sep%% %%sitetitle%%","_seopress_titles_desc":"Experience the best in video quality with Farsince&#039;s DisplayPort to HDMI Adapter 4K. Our cable supports 4K resolution and high refresh rates for crisp and clear visuals.","_seopress_robots_index":"","site-sidebar-layout":"default","site-content-layout":"default","ast-site-content-layout":"default","site-content-style":"default","site-sidebar-style":"default","ast-global-header-display":"","ast-banner-title-visibility":"","ast-main-header-display":"","ast-hfb-above-header-display":"","ast-hfb-below-header-display":"","ast-hfb-mobile-header-display":"","site-post-title":"","ast-breadcrumbs-content":"","ast-featured-img":"","footer-sml-layout":"","ast-disable-related-posts":"","theme-transparent-header-meta":"default","adv-header-id-meta":"","stick-header-meta":"","header-above-stick-meta":"","header-main-stick-meta":"","header-below-stick-meta":"","astra-migrate-meta-layouts":"set","ast-page-background-enabled":"default","ast-page-background-meta":{"desktop":{"background-color":"","background-image":"","background-repeat":"repeat","background-position":"center center","background-size":"auto","background-attachment":"scroll","background-type":"","background-media":"","overlay-type":"","overlay-color":"","overlay-opacity":"","overlay-gradient":""},"tablet":{"background-color":"","background-image":"","background-repeat":"repeat","background-position":"center center","background-size":"auto","background-attachment":"scroll","background-type":"","background-media":"","overlay-type":"","overlay-color":"","overlay-opacity":"","overlay-gradient":""},"mobile":{"background-color":"","background-image":"","background-repeat":"repeat","background-position":"center center","background-size":"auto","background-attachment":"scroll","background-type":"","background-media":"","overlay-type":"","overlay-color":"","overlay-opacity":"","overlay-gradient":""}},"ast-content-background-meta":{"desktop":{"background-color":"var(--ast-global-color-5)","background-image":"","background-repeat":"repeat","background-position":"center center","background-size":"auto","background-attachment":"scroll","background-type":"","background-media":"","overlay-type":"","overlay-color":"","overlay-opacity":"","overlay-gradient":""},"tablet":{"background-color":"var(--ast-global-color-5)","background-image":"","background-repeat":"repeat","background-position":"center center","background-size":"auto","background-attachment":"scroll","background-type":"","background-media":"","overlay-type":"","overlay-color":"","overlay-opacity":"","overlay-gradient":""},"mobile":{"background-color":"var(--ast-global-color-5)","background-image":"","background-repeat":"repeat","background-position":"center center","background-size":"auto","background-attachment":"scroll","background-type":"","background-media":"","overlay-type":"","overlay-color":"","overlay-opacity":"","overlay-gradient":""}},"iawp_total_views":12},"product_brand":[],"product_cat":[212],"product_tag":[],"class_list":{"0":"post-14749","1":"product","2":"type-product","3":"status-publish","4":"has-post-thumbnail","6":"product_cat-displayport","7":"desktop-align-left","8":"tablet-align-left","9":"mobile-align-left","11":"first","12":"instock","13":"shipping-taxable","14":"purchasable","15":"product-type-simple"},"acf":[],"_links":{"self":[{"href":"https:\/\/www.fjpremium.com\/de\/wp-json\/wp\/v2\/product\/14749","targetHints":{"allow":["GET"]}}],"collection":[{"href":"https:\/\/www.fjpremium.com\/de\/wp-json\/wp\/v2\/product"}],"about":[{"href":"https:\/\/www.fjpremium.com\/de\/wp-json\/wp\/v2\/types\/product"}],"wp:featuredmedia":[{"embeddable":true,"href":"https:\/\/www.fjpremium.com\/de\/wp-json\/wp\/v2\/media\/14761"}],"wp:attachment":[{"href":"https:\/\/www.fjpremium.com\/de\/wp-json\/wp\/v2\/media?parent=14749"}],"wp:term":[{"taxonomy":"product_brand","embeddable":true,"href":"https:\/\/www.fjpremium.com\/de\/wp-json\/wp\/v2\/product_brand?post=14749"},{"taxonomy":"product_cat","embeddable":true,"href":"https:\/\/www.fjpremium.com\/de\/wp-json\/wp\/v2\/product_cat?post=14749"},{"taxonomy":"product_tag","embeddable":true,"href":"https:\/\/www.fjpremium.com\/de\/wp-json\/wp\/v2\/product_tag?post=14749"}],"curies":[{"name":"wp","href":"https:\/\/api.w.org\/{rel}","templated":true}]}}